{"id":792,"date":"2024-08-22T10:04:09","date_gmt":"2024-08-22T10:04:09","guid":{"rendered":"https:\/\/jacob.si\/?post_type=product&#038;p=792"},"modified":"2025-02-19T10:29:28","modified_gmt":"2025-02-19T10:29:28","slug":"mizna-plosca-60-x-60-werzalit","status":"publish","type":"product","link":"https:\/\/jacob.si\/hr\/proizvod\/mizna-plosca-60-x-60-werzalit\/","title":{"rendered":"Plo\u010da stola - crna 60 x 60"},"content":{"rendered":"<p><strong>Werzalit stolna plo\u010da 60 x 60 crna<\/strong> osim izuzetne postojanosti oblika, boje i kvalitete, otporan je na udarce i ogrebotine kao i na vremenske utjecaje uklju\u010duju\u0107i UV zrake. Jednostavan za odr\u017eavanje i \u010di\u0161\u0107enje, desetlje\u0107ima je prvi izbor ugostitelja.<\/p>\n<p><strong>Werzalite<\/strong> Plo\u010de stolova ve\u0107 su desetlje\u0107ima prvi izbor ugostitelja za sve vremenske i temperaturne uvjete. Jednostavni za odr\u017eavanje i otporni na o\u0161te\u0107enja, ne\u0107e nas razo\u010darati.<\/p>\n<p><strong>S Werzalitom sjedenje i u\u017eivanje na svje\u017eem zraku ne zahtijeva svakodnevno \u010di\u0161\u0107enje stolova.<\/strong><\/p>\n<p>&nbsp;<\/p>\n<hr \/>\n<p><strong>PREDNOSTI<\/strong><\/p>\n<ul>\n<li>otpornost na udarce i ogrebotine<\/li>\n<li>otpornost na UV zrake<\/li>\n<li>robustan i otporan materijal<\/li>\n<li>otpornost na vremenske utjecaje<\/li>\n<li>materijali koji se mogu reciklirati<\/li>\n<\/ul>\n<p><strong>SVRHA<\/strong><\/p>\n<ul>\n<li>HoReCa \u2013 restorani, barovi, hoteli<\/li>\n<li>balkoni, terase, vrtovi, ljetne kuhinje<\/li>\n<li>kampovi, izleti\u0161ta, brodovi<\/li>\n<li>vjen\u010danja, zabave ili proslave na otvorenom<\/li>\n<li>mnogo vi\u0161e...<\/li>\n<\/ul>\n<p><strong>Werzalit Austria GmbH <\/strong><br \/>\nAustrijski proizvo\u0111a\u010d stolnih plo\u010da za vanjsku upotrebu (oudoor) vode\u0107a je tvrtka koja ve\u0107 vi\u0161e od 90 godina proizvodi najkvalitetnije stolne plo\u010de bez premca. Vi\u0161e od 50 milijuna prodanih plo\u010da stolova svjedo\u010di o kvaliteti samoj.<\/p>\n<p><strong>Za vi\u0161e informacija mo\u017eete nazvati prodajnog savjetnika na T +386(0)31 878 848 ili poslati e-mail na E prodaja@jacob.si i rado \u0107emo Vam pomo\u0107i.<\/strong><\/p>\n<p>&nbsp;<\/p>","protected":false},"excerpt":{"rendered":"<p>CIJENE SU BEZ PDV-a<br \/>\nPDV \u0107e biti napla\u0107en na kraju kupnje.<\/p>\n<p>BESPLATNA DOSTAVA!<br \/>\nZa narud\u017ebe iznad \u20ac100 besplatna dostava na podru\u010dju EU.<\/p>","protected":false},"featured_media":790,"template":"","meta":{"inline_featured_image":false},"product_brand":[],"product_cat":[157,91,17,24,150],"product_tag":[151],"class_list":{"0":"post-792","1":"product","2":"type-product","3":"status-publish","4":"has-post-thumbnail","6":"product_cat-werzalit","7":"product_cat-trgovina","8":"product_cat-grelne-mize","9":"product_cat-drugi-izdelki","10":"product_cat-ogrevanje-teras","11":"product_tag-werzalit","12":"product_shipping_class-postnina","14":"first","15":"instock","16":"taxable","17":"shipping-taxable","18":"purchasable","19":"product-type-simple"},"jetpack_sharing_enabled":true,"_links":{"self":[{"href":"https:\/\/jacob.si\/hr\/wp-json\/wp\/v2\/product\/792","targetHints":{"allow":["GET"]}}],"collection":[{"href":"https:\/\/jacob.si\/hr\/wp-json\/wp\/v2\/product"}],"about":[{"href":"https:\/\/jacob.si\/hr\/wp-json\/wp\/v2\/types\/product"}],"wp:featuredmedia":[{"embeddable":true,"href":"https:\/\/jacob.si\/hr\/wp-json\/wp\/v2\/media\/790"}],"wp:attachment":[{"href":"https:\/\/jacob.si\/hr\/wp-json\/wp\/v2\/media?parent=792"}],"wp:term":[{"taxonomy":"product_brand","embeddable":true,"href":"https:\/\/jacob.si\/hr\/wp-json\/wp\/v2\/product_brand?post=792"},{"taxonomy":"product_cat","embeddable":true,"href":"https:\/\/jacob.si\/hr\/wp-json\/wp\/v2\/product_cat?post=792"},{"taxonomy":"product_tag","embeddable":true,"href":"https:\/\/jacob.si\/hr\/wp-json\/wp\/v2\/product_tag?post=792"}],"curies":[{"name":"radni list","href":"https:\/\/api.w.org\/{rel}","templated":true}]}}