{"id":644,"date":"2024-08-19T09:39:40","date_gmt":"2024-08-19T09:39:40","guid":{"rendered":"https:\/\/jacob.si\/?post_type=product&#038;p=644"},"modified":"2025-02-19T09:43:09","modified_gmt":"2025-02-19T09:43:09","slug":"clage-mini-mcx-blue","status":"publish","type":"product","link":"https:\/\/jacob.si\/hr\/proizvod\/clage-mini-mcx-blue\/","title":{"rendered":"Mini grija\u010d + slavina \u2013 MCX Blue"},"content":{"rendered":"<p><strong>CLAGE E-mini MCX plava<\/strong> je elektroni\u010dki kontrolirani instant grija\u010d vode, kompaktnog dizajna za energetski u\u010dinkovitu opskrbu toplom vodom, izravno na sudoper ili umivaonik. Izlazna temperatura je elektroni\u010dki regulirana, \u0161to omogu\u0107uje idealnu temperaturu vode bez mije\u0161anja hladne vode. Tipke s LED osvjetljenjem i kontrolama na dodir omogu\u0107uju pode\u0161avanje temperature na 35\u00b0C, 38\u00b0C ili maksimalno 45\u00b0C. U paketu ve\u0107 dolazi T-komad i fleksibilna spojna cijev za spajanje na kutni ventil ispod umivaonika ili sudopera. Radi s tla\u010dnim i netla\u010dnim spojnicama.<\/p>\n<p><strong>Kori\u0161tenje CLAGE \u201cSmart Control\u201d aplikacije mogu\u0107e je uz dodatnu ugradnju Bluetooth adaptera koji se mo\u017ee naru\u010diti kao dodatna oprema.<\/strong><\/p>\n<p><strong>CLAGE proto\u010dni bojleri<\/strong> su naju\u010dinkovitije rje\u0161enje za opskrbu toplom vodom. Umjesto da se voda unaprijed zagrijava i skladi\u0161ti, kao \u0161to to \u010dine klasi\u010dni bojleri, ona se zagrijava u hodu dok struji kroz ure\u0111aj. Na taj na\u010din se izbjegavaju gubici topline kroz stijenke spremnika (bojlera) te gubici vode i energije u cijevnih sustavima. Osim toga, ne trebaju nam dvostruke instalacije za toplu i hladnu vodu, jer je dovoljan samo dovod hladne vode.<\/p>\n<p><strong>PREDNOSTI<\/strong><\/p>\n<p>\u2013 mala ulaganja<br \/>\n\u2013 niski operativni tro\u0161kovi<br \/>\n\u2013 u\u0161teda energije<br \/>\n\u2013 u\u0161teda prostora<br \/>\n\u2013 \u017eeljena temperatura je odmah dostupna<br \/>\n\u2013 vi\u0161i stupanj higijene<\/p>\n<p><strong>TEHNI\u010cKI KATALOG<\/strong><br \/>\n<a href=\"https:\/\/jacob.si\/wp-content\/uploads\/2024\/08\/CLAGE_Prospekt_General.pdf\" target=\"_blank\" rel=\"noopener\"><br \/>\n<img loading=\"lazy\" decoding=\"async\" class=\"alignnone size-full wp-image-206\" src=\"https:\/\/jacob.si\/wp-content\/uploads\/2024\/08\/03_clage_icon_150x206_300dpi.webp\" alt=\"\" width=\"150\" height=\"206\" \/><br \/>\n<\/a><\/p>\n<p>*detaljnije informacije o proizvodu nalaze se u tehni\u010dkom listu<\/p>\n<p><strong>CLAGE GmbH<\/strong><br \/>\nNjema\u010dki proizvo\u0111a\u010d proto\u010dnih bojlera sa 75-godi\u0161njom tradicijom vode\u0107a je tvrtka na svjetskoj razini, poznata po inovativnosti, visokoj kvaliteti i vrhunskom dizajnu. CLAGE proizvodi su izuzetno u\u010dinkoviti, ekonomi\u010dni i omogu\u0107uju velike u\u0161tede kako u potro\u0161nji energije tako iu samoj investiciji.<\/p>\n<p><strong>Za vi\u0161e informacija mo\u017eete nazvati prodajnog savjetnika na T +386(0)31 878 848 ili poslati e-mail na E prodaja@jacob.si i rado \u0107emo Vam pomo\u0107i.<\/strong><\/p>\n<p>&nbsp;<\/p>","protected":false},"excerpt":{"rendered":"<p>CIJENE SU BEZ PDV-a<br \/>\nPDV \u0107e biti napla\u0107en na kraju kupnje.<\/p>\n<p>BESPLATNA DOSTAVA!<br \/>\nZa narud\u017ebe iznad \u20ac100 besplatna dostava na podru\u010dju EU.<\/p>","protected":false},"featured_media":645,"template":"","meta":{"inline_featured_image":false},"product_brand":[],"product_cat":[153,91,65],"product_tag":[66],"class_list":{"0":"post-644","1":"product","2":"type-product","3":"status-publish","4":"has-post-thumbnail","6":"product_cat-clage","7":"product_cat-trgovina","8":"product_cat-grelniki-vode","9":"product_tag-cage","11":"first","12":"instock","13":"taxable","14":"shipping-taxable","15":"purchasable","16":"product-type-simple"},"jetpack_sharing_enabled":true,"_links":{"self":[{"href":"https:\/\/jacob.si\/hr\/wp-json\/wp\/v2\/product\/644","targetHints":{"allow":["GET"]}}],"collection":[{"href":"https:\/\/jacob.si\/hr\/wp-json\/wp\/v2\/product"}],"about":[{"href":"https:\/\/jacob.si\/hr\/wp-json\/wp\/v2\/types\/product"}],"wp:featuredmedia":[{"embeddable":true,"href":"https:\/\/jacob.si\/hr\/wp-json\/wp\/v2\/media\/645"}],"wp:attachment":[{"href":"https:\/\/jacob.si\/hr\/wp-json\/wp\/v2\/media?parent=644"}],"wp:term":[{"taxonomy":"product_brand","embeddable":true,"href":"https:\/\/jacob.si\/hr\/wp-json\/wp\/v2\/product_brand?post=644"},{"taxonomy":"product_cat","embeddable":true,"href":"https:\/\/jacob.si\/hr\/wp-json\/wp\/v2\/product_cat?post=644"},{"taxonomy":"product_tag","embeddable":true,"href":"https:\/\/jacob.si\/hr\/wp-json\/wp\/v2\/product_tag?post=644"}],"curies":[{"name":"radni list","href":"https:\/\/api.w.org\/{rel}","templated":true}]}}