{"id":640,"date":"2024-08-19T08:03:20","date_gmt":"2024-08-19T08:03:20","guid":{"rendered":"https:\/\/jacob.si\/?post_type=product&#038;p=640"},"modified":"2025-02-19T09:42:44","modified_gmt":"2025-02-19T09:42:44","slug":"ir-panel-classic-heat-600w","status":"publish","type":"product","link":"https:\/\/jacob.si\/hr\/proizvod\/ir-panel-classic-heat-600w\/","title":{"rendered":"IR Panel - Classic Heat 600W"},"content":{"rendered":"<p><strong>Burda WTG Classic Heat<\/strong> Svojom povr\u0161inom koja se lako odr\u017eava, IR panel u bijeloj boji neprimjetno se uklapa u va\u0161 postoje\u0107i zid ili strop. Poseban sustav unutarnje refleksije ne samo da osigurava ravnomjernu raspodjelu topline, ve\u0107 i pove\u0107ava u\u010dinkovitost za otprilike 15 do 20 posto u usporedbi s konkurentskim proizvodima. Dostupan u razli\u010ditim veli\u010dinama i \u0161irokom rasponu snage.<\/p>\n<p><strong>VA\u017dNO:<\/strong> IR Panel Classic Heat nije vodootporan (IP20) i stoga nije prikladan za vla\u017ene prostorije.<\/p>\n<p><strong>Imajte na umu: EU Ecodesign 2015\/1188<\/strong><\/p>\n<p>Ugradnja i uporaba grija\u0107ih panela od 1.1.2018 dopu\u0161tena je samo u kombinaciji s vanjskim termostatima koji ispunjavaju sljede\u0107e funkcije:<\/p>\n<p>\u2022 Elektronska kontrola sobne temperature i kontrola po danima u tjednu<br \/>\n\u2022 Fleksibilna kontrola grijanja<\/p>\n<p><strong>Ove zahtjeve ispunjavaju na\u0161i termostati: BHCI868, BHCINSTAT+3R, BHCFIT3R. Nepo\u0161tivanje ovih zahtjeva rezultirat \u0107e gubitkom oznake CE.<\/strong><\/p>\n<p><strong>PREDNOSTI<\/strong><\/p>\n<ul>\n<li>potpuno tihi rad i bez mirisa<\/li>\n<li>ugodna toplina zra\u010denja kao iz pe\u0107i na drva<\/li>\n<li>suhe, tople zidove i predmete<\/li>\n<li>niski operativni tro\u0161kovi, posebno kod rada sa solarnim panelima<\/li>\n<li>lagan i ravan dizajn (debljina do 2,5 cm)<\/li>\n<li>za\u0161tita od prskanja vode IP54 (osim CLASSIC HEAT IP20)<\/li>\n<li>jednostavna monta\u017ea na zid ili strop<\/li>\n<li>priklju\u010dak na standardnu uti\u010dnicu (230V)<\/li>\n<li>nema tro\u0161enja i odr\u017eavanja<\/li>\n<li>klimu u prostoriji pogodniju za zdravlje jer se ne di\u017ee pra\u0161ina<\/li>\n<li>vrlo pogodan za astmati\u010dare i alergi\u010dare<\/li>\n<\/ul>\n<p><strong>SVRHA<\/strong><\/p>\n<ul>\n<li>dom, javne zgrade, industrija<\/li>\n<li>uredi, gara\u017ee, radionice, skladi\u0161ta<\/li>\n<li>kupaonice \/ javne kupaonice<\/li>\n<li>hoteli, kampovi, turisti\u010dki smje\u0161taji<\/li>\n<li>Zahodi \/ javni zahodi<\/li>\n<li>vikendima<\/li>\n<\/ul>\n<p><strong>Burda WTG GmbH<\/strong><br \/>\nNjema\u010dki proizvo\u0111a\u010d elektri\u010dnog infracrvenog zra\u010denja za vanjsku upotrebu i IR panela za grijanje prostora vode\u0107a je tvrtka na globalnoj razini, poznata po inovativnosti, visokoj kvaliteti i vrhunskom dizajnu. Burda WTG proizvodi iznimno su u\u010dinkoviti jer \u010dak 92 % ulazne energije pretvaraju u toplinu, \u0161to zna\u010di u\u0161tedu ve\u0107u od 80 % u odnosu na konkurentska rje\u0161enja.<\/p>\n<p><strong>Za vi\u0161e informacija mo\u017eete nazvati prodajnog savjetnika na T +386(0)31 878 848 ili poslati e-mail na E prodaja@jacob.si i rado \u0107emo Vam pomo\u0107i.<\/strong><\/p>\n<p>&nbsp;<\/p>","protected":false},"excerpt":{"rendered":"<p>CIJENE SU BEZ PDV-a<br \/>\nPDV \u0107e biti napla\u0107en na kraju kupnje.<\/p>\n<p>BESPLATNA DOSTAVA!<br \/>\nZa narud\u017ebe iznad \u20ac100 besplatna dostava na podru\u010dju EU.<\/p>","protected":false},"featured_media":397,"template":"","meta":{"inline_featured_image":false},"product_brand":[],"product_cat":[91,45,22],"product_tag":[39],"class_list":{"0":"post-640","1":"product","2":"type-product","3":"status-publish","4":"has-post-thumbnail","6":"product_cat-trgovina","7":"product_cat-ir-paneli","8":"product_cat-burda-wtg","9":"product_tag-burda-wtg","11":"first","12":"instock","13":"taxable","14":"shipping-taxable","15":"purchasable","16":"product-type-simple"},"jetpack_sharing_enabled":true,"_links":{"self":[{"href":"https:\/\/jacob.si\/hr\/wp-json\/wp\/v2\/product\/640","targetHints":{"allow":["GET"]}}],"collection":[{"href":"https:\/\/jacob.si\/hr\/wp-json\/wp\/v2\/product"}],"about":[{"href":"https:\/\/jacob.si\/hr\/wp-json\/wp\/v2\/types\/product"}],"wp:featuredmedia":[{"embeddable":true,"href":"https:\/\/jacob.si\/hr\/wp-json\/wp\/v2\/media\/397"}],"wp:attachment":[{"href":"https:\/\/jacob.si\/hr\/wp-json\/wp\/v2\/media?parent=640"}],"wp:term":[{"taxonomy":"product_brand","embeddable":true,"href":"https:\/\/jacob.si\/hr\/wp-json\/wp\/v2\/product_brand?post=640"},{"taxonomy":"product_cat","embeddable":true,"href":"https:\/\/jacob.si\/hr\/wp-json\/wp\/v2\/product_cat?post=640"},{"taxonomy":"product_tag","embeddable":true,"href":"https:\/\/jacob.si\/hr\/wp-json\/wp\/v2\/product_tag?post=640"}],"curies":[{"name":"radni list","href":"https:\/\/api.w.org\/{rel}","templated":true}]}}