{"id":440,"date":"2024-07-28T16:50:26","date_gmt":"2024-07-28T16:50:26","guid":{"rendered":"https:\/\/jacob.si\/?post_type=product&#038;p=440"},"modified":"2025-04-14T09:06:39","modified_gmt":"2025-04-14T09:06:39","slug":"clage-mini-mbh-7","status":"publish","type":"product","link":"https:\/\/jacob.si\/hr\/proizvod\/clage-mini-mbh-7\/","title":{"rendered":"Mini grija\u010d vode \u2013 MBH 7"},"content":{"rendered":"<p><strong>CLAGE E-mini serija MBH<\/strong> su hidrauli\u010dni bojleri kompaktnog dizajna koji omogu\u0107uju energetski u\u010dinkovitu opskrbu toplom vodom izravno na umivaoniku ili sudoperu. Izlazna temperatura tople vode je optimalna \u010dim protje\u010de kroz armaturu, \u0161to omogu\u0107uje trenutnu upotrebu. Pakiranje uklju\u010duje T-komad i fleksibilnu spojnu cijev za spajanje na kutni ventil ispod sudopera ili sudopera. Grija\u010di rade s tla\u010dnim i netla\u010dnim armaturama.<\/p>\n<p><strong>CLAGE proto\u010dni bojleri<\/strong> su naju\u010dinkovitije rje\u0161enje za opskrbu toplom vodom. Umjesto da se voda unaprijed zagrijava i skladi\u0161ti, kao \u0161to to \u010dine klasi\u010dni bojleri, ona se zagrijava u hodu dok struji kroz ure\u0111aj. Na taj na\u010din se izbjegavaju gubici topline kroz stijenke spremnika (bojlera) te gubici vode i energije u cijevnih sustavima. Osim toga, ne trebaju nam dvostruke instalacije za toplu i hladnu vodu, jer je dovoljan samo dovod hladne vode.<\/p>\n<p>&nbsp;<\/p>\n<hr \/>\n<p><strong>VA\u017dNO!<\/strong><br \/>\nDecentralizirani sustavi za pripremu tople vode imaju jo\u0161 jednu veliku prednost. Svaki izljev (slavina) ima svoj izvor grijanja vode. Kod klasi\u010dnih centraliziranih sustava, u slu\u010daju kvara kotla, ostajemo bez tople vode, dok decentralizirani sustavi, unato\u010d kvaru jednog toplinskog mjesta, i dalje daju toplu vodu preko ostalih.<\/p>\n<p><strong>Potonje \u0107e posebno cijeniti kozmeti\u010dki saloni i drugi poslovni korisnici.<\/strong><\/p>\n<p><strong>VA\u017dNO!<\/strong><br \/>\nProto\u010dne bojlere mogu\u0107e je ugraditi na postoje\u0107e dvocijevne instalacije na na\u010din da kroz grija\u010d na samom izlazu (umivaonik, tu\u0161 itd.) propu\u0161tamo hladnu vodu ili toplu vodu ako \u017eelimo zagrijavati toplu vodu npr. kod solarnog grijanja , \u0161to ima smisla dalje eksploatirati. U novim zgradama ili renovacijama, znatne u\u0161tede mogu se posti\u0107i ugradnjom jednocijevnih sustava za hladnu vodu, budu\u0107i da cijevi za toplu vodu nisu potrebne. Istovremeno izbjegavamo ulaganje u skupu opremu, kao \u0161to su cirkulacijske pumpe, ekspanzijske posude, senzori itd.<\/p>\n<p><strong>Ni poslovi\u010dno \u0161tedljive dizalice topline ne mogu konkurirati proto\u010dnim bojlerima.<\/strong><\/p>\n<p><strong>VA\u017dNO!<\/strong><br \/>\nNije svaki bojler elektri\u010dni grija\u010d.<br \/>\nNije svaki elektri\u010dni bojler proto\u010dni bojler.<br \/>\nNije svaki proto\u010dni elektri\u010dni grija\u010d vode Clage bojler.<\/p>\n<p>&nbsp;<\/p>\n<hr \/>\n<p><strong>POMO\u0106 U IZBORU<\/strong><\/p>\n<p>Kako biste lak\u0161e odabrali pravi bojler za svoje potrebe, na slu\u017ebenim stranicama proizvo\u0111a\u010da imate recenzirani interaktivni savjetnik:<\/p>\n<p><a href=\"https:\/\/www.clage.com\/en\/support\/product-advice\" target=\"_blank\" rel=\"noopener\">POMO\u0106!<\/a><\/p>\n<p>&nbsp;<\/p>\n<hr \/>\n<p><strong>PREDNOSTI<\/strong><\/p>\n<ul>\n<li>u\u0161teda energije i u\u0161teda prostora<\/li>\n<li>tople vode na \u017eeljenu temperaturu u samo nekoliko sekundi<\/li>\n<li>niske investicije i niski operativni tro\u0161kovi<\/li>\n<li>nema staja\u0107e vode (bojler) \/ nema opasnosti od legionele<\/li>\n<li>ni\u017ee temperature \/ bez kamenca<\/li>\n<li>u slu\u010daju kvara bojlera \/ ostale izlazne to\u010dke rade<\/li>\n<\/ul>\n<p><strong>NAMJERNOST<\/strong><\/p>\n<ul>\n<li>kupaonice \/ javne kupaonice<\/li>\n<li>kampova i turisti\u010dkog smje\u0161taja<\/li>\n<li>Zahodi \/ javni zahodi<\/li>\n<li>kuhinje \/ ljetne kuhinje<\/li>\n<li>vikendima<\/li>\n<li>frizerski i kozmeti\u010dki saloni<\/li>\n<\/ul>\n<p><strong>TEHNI\u010cKI KATALOG<\/strong><br \/>\n<a href=\"https:\/\/jacob.si\/wp-content\/uploads\/2024\/08\/CLAGE_Prospekt_General.pdf\" target=\"_blank\" rel=\"noopener\"><br \/>\n<img loading=\"lazy\" decoding=\"async\" class=\"alignnone size-full wp-image-206\" src=\"https:\/\/jacob.si\/wp-content\/uploads\/2024\/08\/03_clage_icon_150x206_300dpi.webp\" alt=\"\" width=\"150\" height=\"206\" \/><br \/>\n<\/a><\/p>\n<p>*detaljnije informacije o proizvodu nalaze se u tehni\u010dkom listu<\/p>\n<p><strong>CLAGE GmbH<\/strong><br \/>\nNjema\u010dki proizvo\u0111a\u010d proto\u010dnih bojlera sa 75-godi\u0161njom tradicijom vode\u0107a je tvrtka na svjetskoj razini, poznata po inovativnosti, visokoj kvaliteti i vrhunskom dizajnu. CLAGE proizvodi su izuzetno u\u010dinkoviti, ekonomi\u010dni i omogu\u0107uju velike u\u0161tede kako u potro\u0161nji energije tako iu samoj investiciji.<\/p>\n<p><strong>Za vi\u0161e informacija mo\u017eete nazvati prodajnog savjetnika na T +386(0)31 878 848 ili poslati e-mail na E prodaja@jacob.si i rado \u0107emo Vam pomo\u0107i.<\/strong><\/p>\n<p>&nbsp;<\/p>","protected":false},"excerpt":{"rendered":"<p>CIJENE SU BEZ PDV-a<br \/>\nPDV \u0107e biti napla\u0107en na kraju kupnje.<\/p>\n<p>BESPLATNA DOSTAVA!<br \/>\nZa narud\u017ebe iznad \u20ac100 besplatna dostava na podru\u010dju EU.<\/p>","protected":false},"featured_media":215,"template":"","meta":{"inline_featured_image":false},"product_brand":[],"product_cat":[153,91,65],"product_tag":[66],"class_list":{"0":"post-440","1":"product","2":"type-product","3":"status-publish","4":"has-post-thumbnail","6":"product_cat-clage","7":"product_cat-trgovina","8":"product_cat-grelniki-vode","9":"product_tag-cage","11":"first","12":"instock","13":"taxable","14":"shipping-taxable","15":"purchasable","16":"product-type-simple"},"jetpack_sharing_enabled":true,"_links":{"self":[{"href":"https:\/\/jacob.si\/hr\/wp-json\/wp\/v2\/product\/440","targetHints":{"allow":["GET"]}}],"collection":[{"href":"https:\/\/jacob.si\/hr\/wp-json\/wp\/v2\/product"}],"about":[{"href":"https:\/\/jacob.si\/hr\/wp-json\/wp\/v2\/types\/product"}],"wp:featuredmedia":[{"embeddable":true,"href":"https:\/\/jacob.si\/hr\/wp-json\/wp\/v2\/media\/215"}],"wp:attachment":[{"href":"https:\/\/jacob.si\/hr\/wp-json\/wp\/v2\/media?parent=440"}],"wp:term":[{"taxonomy":"product_brand","embeddable":true,"href":"https:\/\/jacob.si\/hr\/wp-json\/wp\/v2\/product_brand?post=440"},{"taxonomy":"product_cat","embeddable":true,"href":"https:\/\/jacob.si\/hr\/wp-json\/wp\/v2\/product_cat?post=440"},{"taxonomy":"product_tag","embeddable":true,"href":"https:\/\/jacob.si\/hr\/wp-json\/wp\/v2\/product_tag?post=440"}],"curies":[{"name":"radni list","href":"https:\/\/api.w.org\/{rel}","templated":true}]}}