{"id":389,"date":"2024-07-27T11:00:53","date_gmt":"2024-07-27T11:00:53","guid":{"rendered":"https:\/\/jacob.si\/?post_type=product&#038;p=389"},"modified":"2025-10-29T11:45:08","modified_gmt":"2025-10-29T11:45:08","slug":"ir-sevalo-term-2000-ip67-colour-low-glare","status":"publish","type":"product","link":"https:\/\/jacob.si\/hr\/proizvod\/ir-sevalo-term-2000-ip67-colour-low-glare\/","title":{"rendered":"IR Sevalo - Term 2000 IP67 boja - slabo odsjaj"},"content":{"rendered":"<p><strong>Burda WTG Term 2000 IP67<\/strong> je jedina kratkovalna infracrvena grijalica na tr\u017ei\u0161tu s Low Glare lampom koja emitira manje svjetla od 80% uz istu u\u010dinkovitost, namijenjena vanjskim prostorima s najvi\u0161om razinom za\u0161tite od vode. Potpuno vodootporan infracrveni grija\u010d (IP67) pouzdano pru\u017ea maksimalnu toplinsku snagu \u010dak i pri vlazi, ki\u0161i ili snijegu. Integrirana svjetiljka ima \u017eivotni vijek do 5000 sati. Elegantan dizajn ku\u0107i\u0161ta grija\u010da za terasu koji \u0161tedi prostor prikladan je za monta\u017eu na zid i\/ili strop u svim vanjskim prostorima. Grijalice serije Term jednostavne su za odr\u017eavanje i otporne su na ogrebotine i \u017eutilo.<\/p>\n<p><strong>Infracrveni kratkovalni grija\u010di Burda WTG<\/strong> u rasponu od 1000 do 2000 W daju trenutnu toplinu na svim vanjskim povr\u0161inama ili gdje god \u017eelimo usmjereno trenutno zagrijavanje. Potpuno vodootporni (IP67) grija\u010di opremljeni su visokokvalitetnom infracrvenom zlatnom svjetiljkom Low Glare koja pouzdano pru\u017ea maksimalnu toplinu \u010dak i po vlazi, ki\u0161i ili snijegu. Zbog svoje otvorene konstrukcije (bez staklenog poklopca) lampa je maksimalno prozra\u010dena i posti\u017ee vrlo dug \u017eivotni vijek do 5000 sati. Elegantan dizajn ku\u0107i\u0161ta koji \u0161tedi prostor inovativne vanjske grijalice pogodan je za monta\u017eu na zid i\/ili strop. Grijalice za terasu mogu se postaviti i ispod nadstre\u0161nica ili nadstre\u0161nica.<\/p>\n<p>&nbsp;<\/p>\n<hr \/>\n<p><strong>kako radi<\/strong><br \/>\nInfracrveno zra\u010denje se dijeli na tri valne duljine: dugi, srednji i kratki val. Samo kratkovalne infracrvene zrake mogu prodrijeti u atmosferu bez zagrijavanja i pretvaraju se u toplinu tek kada do\u0111u u dodir s gu\u0161\u0107im tvarima kao \u0161to su tijela. Dakle, kratkovalno infracrveno grijanje ne zagrijava atmosferu, ve\u0107 samo tijelo, \u0161to je jedini razuman princip vanjskog grijanja s u\u010dinkovito\u0161\u0107u \u010dak 93%. Kao pionir na podru\u010dju kratkovalnih infracrvenih grija\u010da, Burda WTG nudi \u0161tedne i ciljane vanjske grija\u010de prilago\u0111ene ljudima i okoli\u0161u.<\/p>\n<p><strong>Uvijek tra\u017eite infracrvene kratkovalne grija\u010de!<\/strong><\/p>\n<p><strong>VA\u017dNO!<\/strong><br \/>\nNije svaki infracrveni grija\u010d elektri\u010dni grija\u010d.<br \/>\nNije svaki elektri\u010dni infracrveni grija\u010d kratkovalni grija\u010d.<br \/>\nNije svaki elektri\u010dni infracrveni kratkovalni grija\u010d - Burda WTG grija\u010d.<\/p>\n<p>&nbsp;<\/p>\n<hr \/>\n<p><strong>POMO\u0106 U IZBORU<\/strong><br \/>\n<strong>Za pribli\u017ean izra\u010dun koristimo sljede\u0107e jednad\u017ebe:<\/strong><\/p>\n<p>1. Za vanjske prostore bez vjetra<br \/>\n<strong>Potrebna snaga [W] = Povr\u0161ina [m\u00b2] x 250 [W\/m\u00b2]<\/strong><\/p>\n<p>2. Za vanjske prostore s djelomi\u010dnim vjetrom<br \/>\n<strong>Potrebna snaga [W] = Povr\u0161ina [m\u00b2] x 300 [W\/m\u00b2]<\/strong><\/p>\n<p>3. Za vrlo hladna vanjska podru\u010dja kao \u0161to su obala \/ planine<br \/>\n<strong>Potrebna snaga [W] = Povr\u0161ina [m\u00b2] x 400 [W\/m\u00b2]<\/strong><\/p>\n<p>&nbsp;<\/p>\n<hr \/>\n<p><strong>PREDNOSTI<\/strong><\/p>\n<ul>\n<li>niski operativni tro\u0161kovi \/ u\u010dinkovitost 92%<\/li>\n<li>Low Glare \u2013 emitira manje svjetla za 80%<\/li>\n<li>ne zagrijava atmosferu nego samo tijelo<\/li>\n<li>zagrijavanje odmah \/ 90 % snaga dostupna u 1s<\/li>\n<li>ciljano grijanje \/ samo tamo gdje mi to \u017eelimo<\/li>\n<li>nema emisija i nema potro\u0161nje kisika<\/li>\n<li>ne pu\u0161e \/ ne di\u017ee pra\u0161inu<\/li>\n<\/ul>\n<p><strong>NAMJERNOST<\/strong><\/p>\n<ul>\n<li>HoReCa \u2013 restorani, barovi, hoteli<\/li>\n<li>balkoni, terase, vrtovi, ljetne kuhinje<\/li>\n<li>kampovi, izleti\u0161ta, brodovi<\/li>\n<li>vjen\u010danja, zabave ili proslave na otvorenom<\/li>\n<li>teretane, skladi\u0161ta, radionice, gara\u017ee<\/li>\n<li>za crkve, mrtva\u010dnice itd.<\/li>\n<li>mnogo vi\u0161e...<\/li>\n<\/ul>\n<p><strong>Burda WTG GmbH<\/strong><br \/>\nNjema\u010dki proizvo\u0111a\u010d elektri\u010dnog infracrvenog zra\u010denja za vanjsku upotrebu i IR panela za grijanje prostora vode\u0107a je tvrtka na globalnoj razini, poznata po inovativnosti, visokoj kvaliteti i vrhunskom dizajnu. Burda WTG proizvodi iznimno su u\u010dinkoviti jer \u010dak 92 % ulazne energije pretvaraju u toplinu, \u0161to zna\u010di u\u0161tedu ve\u0107u od 80 % u odnosu na konkurentska rje\u0161enja.<\/p>\n<p><strong>Za vi\u0161e informacija mo\u017eete nazvati prodajnog savjetnika na T +386(0)31 878 848 ili poslati e-mail na E prodaja@jacob.si i rado \u0107emo Vam pomo\u0107i.<\/strong><\/p>\n<p>&nbsp;<\/p>","protected":false},"excerpt":{"rendered":"<p>CIJENE SU BEZ PDV-a<br \/>\nPDV \u0107e biti napla\u0107en na kraju kupnje.<\/p>\n<p>BESPLATNA DOSTAVA!<br \/>\nZa narud\u017ebe iznad \u20ac100 besplatna dostava na podru\u010dju EU.<\/p>","protected":false},"featured_media":388,"template":"","meta":{"inline_featured_image":false},"product_brand":[],"product_cat":[91,16,22,150],"product_tag":[39],"class_list":{"0":"post-389","1":"product","2":"type-product","3":"status-publish","4":"has-post-thumbnail","6":"product_cat-trgovina","7":"product_cat-ir-sevala","8":"product_cat-burda-wtg","9":"product_cat-ogrevanje-teras","10":"product_tag-burda-wtg","12":"first","13":"instock","14":"sale","15":"taxable","16":"shipping-taxable","17":"purchasable","18":"product-type-simple"},"jetpack_sharing_enabled":true,"_links":{"self":[{"href":"https:\/\/jacob.si\/hr\/wp-json\/wp\/v2\/product\/389","targetHints":{"allow":["GET"]}}],"collection":[{"href":"https:\/\/jacob.si\/hr\/wp-json\/wp\/v2\/product"}],"about":[{"href":"https:\/\/jacob.si\/hr\/wp-json\/wp\/v2\/types\/product"}],"wp:featuredmedia":[{"embeddable":true,"href":"https:\/\/jacob.si\/hr\/wp-json\/wp\/v2\/media\/388"}],"wp:attachment":[{"href":"https:\/\/jacob.si\/hr\/wp-json\/wp\/v2\/media?parent=389"}],"wp:term":[{"taxonomy":"product_brand","embeddable":true,"href":"https:\/\/jacob.si\/hr\/wp-json\/wp\/v2\/product_brand?post=389"},{"taxonomy":"product_cat","embeddable":true,"href":"https:\/\/jacob.si\/hr\/wp-json\/wp\/v2\/product_cat?post=389"},{"taxonomy":"product_tag","embeddable":true,"href":"https:\/\/jacob.si\/hr\/wp-json\/wp\/v2\/product_tag?post=389"}],"curies":[{"name":"radni list","href":"https:\/\/api.w.org\/{rel}","templated":true}]}}