{"id":234,"date":"2024-07-18T04:30:57","date_gmt":"2024-07-18T04:30:57","guid":{"rendered":"https:\/\/jacob.si\/?post_type=product&#038;p=234"},"modified":"2025-10-28T12:21:35","modified_gmt":"2025-10-28T12:21:35","slug":"prenosni-grelec-imus","status":"publish","type":"product","link":"https:\/\/jacob.si\/hr\/proizvod\/prenosni-grelec-imus\/","title":{"rendered":"Prijenosna grijalica \u2013 Imus PRO"},"content":{"rendered":"<p><strong>Mensa Grijanje Imus PRO<\/strong> kompaktna prijenosna grijalica mo\u017ee se postaviti ispod bilo kojeg postoje\u0107eg stola u va\u0161em vrtu ili izme\u0111u stolova na terasi da grije goste sa svih strana. Najekonomi\u010dniji grija\u010d u svom segmentu, zahvaljuju\u0107i infracrvenom kratkovalnom sustavu grijanja i inovativnom bipolarnom reflektoru, nudi sa samo 550 W u\u010dinak sli\u010dan onom kod konkurentskih proizvoda sa 1250 W. S Imusom \u0107ete uvijek imati ugodnu toplinu u hladnim ve\u010derima ili hladnim danima.<\/p>\n<p><strong>Mensa Heating grija\u0107i stolovi<\/strong> su vrhunski proizvod danskog proizvo\u0111a\u010da koji se mo\u017ee pohvaliti tipi\u010dnim minimalisti\u010dkim i user-friendly dizajnom. Namijenjeni su produljenju dana ili sezone, jer u Mensa Grijanju razumijemo va\u017enost u\u017eivanja na svje\u017eem zraku. Razli\u010dite verzije za razli\u010dite namjene izra\u0111ene su od nehr\u0111aju\u0107eg materijala i lagane su za jednostavno preno\u0161enje i skladi\u0161tenje. S naglaskom na sigurnost korisnika, budu\u0107i da je grija\u010d nadohvat nogu, djece i doma\u0107ih \u017eivotinja, dizajnirani su tako da su svi dijelovi sigurni za dodir tijekom rada. Patentirano rje\u0161enje jedinstveno je u ovom segmentu proizvoda!<\/p>\n<p><strong>Produ\u017eetak sezone!<\/strong><br \/>\nNova tehnologija grija\u010da mo\u017ee produ\u017eiti na\u0161u sezonu sjedenja na otvorenom za nekoliko mjeseci. \u010cesto ga rado uklju\u010dimo i u hladnim ljetnim ve\u010derima. Na ovaj na\u010din ugostitelji svojim gostima pru\u017eaju udobnost i vrhunski do\u017eivljaj koji ne\u0107e zaboraviti.<\/p>\n<p>&nbsp;<\/p>\n<hr \/>\n<p><strong>kako radi<\/strong><br \/>\nKratkovalno infracrveno podru\u010dje je svjetlosnog spektra, kakvo tako\u0111er stvara sunce, koje emitira toplinu nevidljivu oku. Kratki infracrveni valovi prolaze kroz atmosferu bez pretvaranja u toplinu, jer se pretvaraju u toplinu tek kada se sudare s materijom gu\u0161\u0107om od zraka. Na taj na\u010din ne zagrijavamo atmosferu i posljedi\u010dno nemamo gubitaka. Bezopasno infracrveno svjetlo koristi se za pove\u0107anje vibracija u na\u0161im stanicama, pru\u017eaju\u0107i ugodnu umiruju\u0107u toplinu cijelom tijelu. Takvo grijanje je prikladno samo za vanjsko grijanje ili tamo gdje grijanje atmosfere nije mogu\u0107e ili nije smisleno. Kratkovalni infracrveni sustav grijanja je najekonomi\u010dniji sustav na tr\u017ei\u0161tu, radi tiho, bez neugodnih mirisa i ne sagorijeva kisik.<\/p>\n<p><strong>Sigurnost - SIGURAN DODIR<\/strong><br \/>\nProizvodi Mensa Heating jedini na tr\u017ei\u0161tu imaju patentirano rje\u0161enje &quot;SAFE TOUCH&quot; koje osigurava sigurnost u slu\u010daju dodira normalno vru\u0107ih dijelova grija\u010da. Proizvodi Mensa Heating mogu se dodirivati na bilo kojem mjestu iu bilo koje vrijeme tijekom rada i ne\u0107emo se ope\u0107i. Time se izbjegavaju neugodne nezgode i mogu\u0107e tu\u017ebe. Proizvodi Mensa Heating smatraju se najsigurnijim vanjskim grija\u010dima na svijetu!<\/p>\n<p><strong>Ekolo\u0161ki prihvatljiv<\/strong><br \/>\nZa razliku od 10 puta rastro\u0161nijih plinskih grija\u010da i 2 do 3 puta rastro\u0161nijih klasi\u010dnih elektri\u010dnih infracrvenih grija\u010da, nudimo ekolo\u0161ki najprihvatljivije grijalice za vanjsko grijanje na tr\u017ei\u0161tu. Na\u0161i proizvodi osiguravaju po\u0161tivanje okoli\u0161a, jer omogu\u0107uju 89% u\u0161tedu CO2 u usporedbi s tradicionalnim plinskim grija\u010dima i zna\u010dajno manju potro\u0161nju elektri\u010dne energije u usporedbi s klasi\u010dnim infracrvenim grija\u010dima.<\/p>\n<p><strong>VA\u017dNO!<\/strong><br \/>\nNije svaki infracrveni grija\u010d elektri\u010dni grija\u010d.<br \/>\nNije svaki elektri\u010dni infracrveni grija\u010d kratkovalni grija\u010d.<br \/>\nNije svaki elektri\u010dni infracrveni kratkovalni grija\u010d Mensa Heating grija\u010d.<\/p>\n<p>&nbsp;<\/p>\n<hr \/>\n<p><strong>PREDNOSTI<\/strong><\/p>\n<ul>\n<li>niski operativni tro\u0161kovi \/ u\u010dinkovitost 92%<\/li>\n<li>jednostavan za no\u0161enje \/ integrirana ru\u010dka<\/li>\n<li>ne zagrijava atmosferu nego samo tijelo<\/li>\n<li>zagrijavanje odmah \/ 90 % snaga dostupna u 1s<\/li>\n<li>ciljano grijanje \/ samo tamo gdje mi to \u017eelimo<\/li>\n<li>nema emisija i nema potro\u0161nje kisika<\/li>\n<\/ul>\n<p><strong>NAMJERNOST<\/strong><\/p>\n<ul>\n<li>balkoni, terase, vrtovi, ljetne kuhinje<\/li>\n<li>kampovi, izleti\u0161ta, brodovi<\/li>\n<li>vjen\u010danja, zabave ili proslave na otvorenom<\/li>\n<li>mnogo vi\u0161e...<\/li>\n<\/ul>\n<p><strong>Mensa Grijanje Aps.<\/strong><br \/>\nDanski proizvo\u0111a\u010d grija\u0107ih stolova i proizvoda za grijanje za vanjsku upotrebu vode\u0107a je tvrtka na globalnoj razini, poznata po inovativnosti, visokoj kvaliteti i vrhunskom dizajnu. Proizvodi Mensa Heating iznimno su u\u010dinkoviti jer \u010dak 92 % ulazne energije pretvaraju u toplinu, \u0161to zna\u010di u\u0161tedu ve\u0107u od 80 % u odnosu na konkurentska rje\u0161enja.<\/p>\n<p><strong>Za vi\u0161e informacija mo\u017eete nazvati prodajnog savjetnika na T +386(0)31 878 848 ili poslati e-mail na E prodaja@jacob.si i rado \u0107emo Vam pomo\u0107i.<\/strong><\/p>\n<p>&nbsp;<\/p>","protected":false},"excerpt":{"rendered":"<p><strong>CIJENE SU BEZ PDV-a<\/strong><br \/>\nPDV \u0107e se obra\u010dunati na kraju kupnje<\/p>\n<p><strong>BESPLATNA DOSTAVA!<\/strong><br \/>\nZa narud\u017ebe iznad \u20ac100 besplatna dostava na podru\u010dju EU.<\/p>","protected":false},"featured_media":913,"template":"","meta":{"inline_featured_image":false},"product_brand":[],"product_cat":[154,91,17,150],"product_tag":[18],"class_list":{"0":"post-234","1":"product","2":"type-product","3":"status-publish","4":"has-post-thumbnail","6":"product_cat-mensa-heating","7":"product_cat-trgovina","8":"product_cat-grelne-mize","9":"product_cat-ogrevanje-teras","10":"product_tag-mensa-heating","12":"first","13":"instock","14":"sale","15":"taxable","16":"shipping-taxable","17":"purchasable","18":"product-type-simple"},"jetpack_sharing_enabled":true,"_links":{"self":[{"href":"https:\/\/jacob.si\/hr\/wp-json\/wp\/v2\/product\/234","targetHints":{"allow":["GET"]}}],"collection":[{"href":"https:\/\/jacob.si\/hr\/wp-json\/wp\/v2\/product"}],"about":[{"href":"https:\/\/jacob.si\/hr\/wp-json\/wp\/v2\/types\/product"}],"wp:featuredmedia":[{"embeddable":true,"href":"https:\/\/jacob.si\/hr\/wp-json\/wp\/v2\/media\/913"}],"wp:attachment":[{"href":"https:\/\/jacob.si\/hr\/wp-json\/wp\/v2\/media?parent=234"}],"wp:term":[{"taxonomy":"product_brand","embeddable":true,"href":"https:\/\/jacob.si\/hr\/wp-json\/wp\/v2\/product_brand?post=234"},{"taxonomy":"product_cat","embeddable":true,"href":"https:\/\/jacob.si\/hr\/wp-json\/wp\/v2\/product_cat?post=234"},{"taxonomy":"product_tag","embeddable":true,"href":"https:\/\/jacob.si\/hr\/wp-json\/wp\/v2\/product_tag?post=234"}],"curies":[{"name":"radni list","href":"https:\/\/api.w.org\/{rel}","templated":true}]}}