{"id":170,"date":"2023-04-19T19:38:26","date_gmt":"2023-04-19T19:38:26","guid":{"rendered":"https:\/\/jacob.si\/?post_type=product&#038;p=170"},"modified":"2025-02-19T09:43:41","modified_gmt":"2025-02-19T09:43:41","slug":"idrobase-fog-60","status":"publish","type":"product","link":"https:\/\/jacob.si\/hr\/proizvod\/idrobase-fog-60\/","title":{"rendered":"Sustav hla\u0111enja \u2013 Fog 60-2"},"content":{"rendered":"<p><strong>Idrobase FOG 60-2<\/strong> je kompaktan i svestran rashladni sustav za vodenu maglu i ovla\u017eivanje malih i srednjih povr\u0161ina. S dodatnim digitalnim mjera\u010dem vremena omogu\u0107uje optimizaciju rada sustava \u010dak iu nepovoljnim uvjetima okoline.<\/p>\n<p><strong>Idrobase rashladni sustavi<\/strong> naju\u010dinkovitije su rje\u0161enje za vanjsko hla\u0111enje. Raznolikost na\u0161ih sustava za ovla\u017eivanje zraka omogu\u0107uje njihovu upotrebu u razli\u010ditim okru\u017eenjima i uvjetima. Izuzetno jednostavni, lagani i tihi sustavi zamagljivanja lako se reguliraju, uklju\u010duju sve potrebne komponente i jam\u010de visoku u\u010dinkovitost i dug \u017eivotni vijek.<\/p>\n<p>&nbsp;<\/p>\n<hr \/>\n<p><strong>kako radi<\/strong><br \/>\nEkolo\u0161ki prihvatljiv i potpuno prirodan princip hla\u0111enja koristi isklju\u010divo vodu kao rashladni medij. Vodi je potrebno mnogo energije ili topline da prije\u0111e iz teku\u0107eg stanja u plinovito. Tijekom prijelaza iz teku\u0107eg u plinovito stanje, voda apsorbira toplinu iz svoje okoline, \u0161to zauzvrat hladi okolnu atmosferu. Kako bi se voda \u0161to u\u010dinkovitije i br\u017ee isparila, potonja se istiskuje pod visokim pritiskom kroz mikronske mlaznice kako bi se raspr\u0161ila na molekularnoj razini. Ovako stvorena vodena maglica omogu\u0107uje vrlo brzo isparavanje i posljedi\u010dno u\u010dinkovito hla\u0111enje okoline.<\/p>\n<p><strong>Uvijek tra\u017eite visokotla\u010dni sustav vodene magle!<\/strong><\/p>\n<p><strong>RASHLADITE TERASU<\/strong><br \/>\nNova tehnologija sustava hla\u0111enja vodenom maglom uvelike pove\u0107ava broj posjeta va\u0161em objektu u toplim i vru\u0107im danima, jer gostima pru\u017eate udobnost i izvrsno iskustvo koje \u0107e oni zasigurno cijeniti.<\/p>\n<p><strong>VA\u017dNO!<\/strong><br \/>\nMinimalni tlak za stvaranje u\u010dinkovite vodene magle je 60 bara!<\/p>\n<p><strong>VA\u017dNO!<\/strong><br \/>\nNije svaki rashladni sustav baziran na vodi.<br \/>\nNije svaki sustav vodenog hla\u0111enja - pod visokim pritiskom.<br \/>\nNije svaki visokotla\u010dni sustav vodenog hla\u0111enja - Idrobase sustav hla\u0111enja.<\/p>\n<p>&nbsp;<\/p>\n<hr \/>\n<p><strong>POMO\u0106 U IZBORU<\/strong><br \/>\n<strong>Za pribli\u017ean izra\u010dun koristimo sljede\u0107u jednad\u017ebu:<\/strong><\/p>\n<p>1. Za optimalan u\u010dinak hla\u0111enja<br \/>\n<strong>Potreban broj mlaznica [kom] = Povr\u0161ina [m\u00b2] x 0,8 [kom\/m\u00b2]<\/strong><\/p>\n<p>2. Za zadovoljavaju\u0107i u\u010dinak hla\u0111enja<br \/>\n<strong>Potreban broj mlaznica [kom] = Povr\u0161ina [m\u00b2] x 0,5 [kom\/m\u00b2]<\/strong><\/p>\n<p>&nbsp;<\/p>\n<hr \/>\n<p><strong>PREDNOSTI<\/strong><\/p>\n<ul>\n<li>vodena magla se mo\u017ee usmjeriti u bilo kojem \u017eeljenom smjeru<\/li>\n<li>niski tro\u0161kovi odr\u017eavanja<\/li>\n<li>nema emisija i nema potro\u0161nje kisika<\/li>\n<li>mo\u017eemo hladiti samo djelomi\u010dne povr\u0161ine \/ gdje \u017eelimo<\/li>\n<li>trenutni u\u010dinak bez prethodnog hla\u0111enja - osvje\u017eenje dostupno u 1 sekundi<\/li>\n<li>jednostavno sastavljanje - u\u010dinite to sami<\/li>\n<li>puno dodatne opreme - za svaku primjenu nalazimo rje\u0161enje<\/li>\n<li>ventilacijski i linearni stati\u010dki sustavi<\/li>\n<li>filteri sterilizatora - zaustavljaju legionelu<\/li>\n<li>u\u010dinkovito odbija strvinu i smrad<\/li>\n<li>patentirani anti-drip sustav protiv kapanja i kapanja<\/li>\n<\/ul>\n<p><strong>NAMJERNOST<\/strong><\/p>\n<ul>\n<li>za hla\u0111enje na balkonima, terasama, pla\u017eama<\/li>\n<li>za osvje\u017eenje povr\u0107a u zelenarima<\/li>\n<li>za ovla\u017eivanje u staklenicima<\/li>\n<li>za sprje\u010davanje mraza u vo\u0107njacima i staklenicima<\/li>\n<li>za hla\u0111enje i ovla\u017eivanje u sto\u010darskim objektima<\/li>\n<li>za ovla\u017eivanje u proizvodnji papira i kartona<\/li>\n<li>za sprje\u010davanje \u0161irenja pra\u0161ine na gradili\u0161tima i kamenolomima<\/li>\n<li>za mnogo vi\u0161e\u2026<\/li>\n<\/ul>\n<p><strong>IDROBASE Srl<\/strong><br \/>\nTalijanski proizvo\u0111a\u010d sustava za vanjsko hla\u0111enje i sustava za ovla\u017eivanje vodenom maglom globalni je lider poznat po inovacijama, visokoj kvaliteti i robusnosti. Proizvodi IDROBASE isti\u010du se svojom iznimnom u\u010dinkovito\u0161\u0107u koju omogu\u0107uje njihov dobro promi\u0161ljen dizajn.<\/p>\n<p><strong>Za vi\u0161e informacija mo\u017eete nazvati prodajnog savjetnika na T +386(0)31 878 848 ili poslati e-mail na E prodaja@jacob.si i rado \u0107emo Vam pomo\u0107i.<\/strong><\/p>\n<p>&nbsp;<\/p>","protected":false},"excerpt":{"rendered":"<p>CIJENE SU BEZ PDV-a<br \/>\nPDV \u0107e biti napla\u0107en na kraju kupnje.<\/p>\n<p>BESPLATNA DOSTAVA!<br \/>\nZa narud\u017ebe iznad \u20ac100 besplatna dostava na podru\u010dju EU.<\/p>","protected":false},"featured_media":370,"template":"","meta":{"inline_featured_image":false},"product_brand":[],"product_cat":[155,91,20],"product_tag":[40],"class_list":{"0":"post-170","1":"product","2":"type-product","3":"status-publish","4":"has-post-thumbnail","6":"product_cat-idrobase","7":"product_cat-trgovina","8":"product_cat-hlajenje-vlazenje","9":"product_tag-idrobase","11":"first","12":"instock","13":"taxable","14":"shipping-taxable","15":"purchasable","16":"product-type-simple"},"jetpack_sharing_enabled":true,"_links":{"self":[{"href":"https:\/\/jacob.si\/hr\/wp-json\/wp\/v2\/product\/170","targetHints":{"allow":["GET"]}}],"collection":[{"href":"https:\/\/jacob.si\/hr\/wp-json\/wp\/v2\/product"}],"about":[{"href":"https:\/\/jacob.si\/hr\/wp-json\/wp\/v2\/types\/product"}],"wp:featuredmedia":[{"embeddable":true,"href":"https:\/\/jacob.si\/hr\/wp-json\/wp\/v2\/media\/370"}],"wp:attachment":[{"href":"https:\/\/jacob.si\/hr\/wp-json\/wp\/v2\/media?parent=170"}],"wp:term":[{"taxonomy":"product_brand","embeddable":true,"href":"https:\/\/jacob.si\/hr\/wp-json\/wp\/v2\/product_brand?post=170"},{"taxonomy":"product_cat","embeddable":true,"href":"https:\/\/jacob.si\/hr\/wp-json\/wp\/v2\/product_cat?post=170"},{"taxonomy":"product_tag","embeddable":true,"href":"https:\/\/jacob.si\/hr\/wp-json\/wp\/v2\/product_tag?post=170"}],"curies":[{"name":"radni list","href":"https:\/\/api.w.org\/{rel}","templated":true}]}}