{"id":150,"date":"2023-04-19T09:29:13","date_gmt":"2023-04-19T09:29:13","guid":{"rendered":"https:\/\/jacob.si\/?post_type=product&#038;p=150"},"modified":"2025-02-19T09:44:58","modified_gmt":"2025-02-19T09:44:58","slug":"mensa-heating-nates","status":"publish","type":"product","link":"https:\/\/jacob.si\/hr\/proizvod\/mensa-heating-nates\/","title":{"rendered":"Jastuk za grijanje \u2013 NATES \/ crni"},"content":{"rendered":"<p><strong>Mensa Grijanje NATES<\/strong> grija\u0107i jastuk nas ugodno grije u na\u0161em vrtu za hladnijih proljetnih ve\u010deri, na putovanjima ili na nogometnoj utakmici u kasnu jesen. Jastuk za grijanje mo\u017eete ponijeti svuda sa sobom i koristiti u svim vremenskim uvjetima. Be\u017ei\u010dni grijani vanjski jastuk izvrsnih performansi mo\u017ee se zagrijati do 40\u00b0C. Njegova funkcionalnost je ista kao grijana sjedala u automobilu. Uz prilo\u017eenu punjivu Li-ion bateriju mo\u0107i \u0107emo u\u017eivati u toplini 5 do 8 sati.<\/p>\n<p><strong>Mensa Grijanje<\/strong> grija\u0107i jastu\u010di\u0107i naju\u010dinkovitije su rje\u0161enje za sjedenje na otvorenom u svim vremenskim i temperaturnim uvjetima. Jednostavan za no\u0161enje s vlastitim tekstilnim remenom\/ru\u010dkom i jednostavan za rukovanje jednim gumbom, ne\u0107emo biti razo\u010darani. Prilo\u017eena punjiva baterija &quot;power bank&quot; mo\u017ee poslu\u017eiti i za punjenje mobitela.<\/p>\n<p><strong>Produ\u017eimo sezonu sjedenja i u\u017eivanja na svje\u017eem zraku.<\/strong><\/p>\n<p>&nbsp;<\/p>\n<hr \/>\n<p><strong>PREDNOSTI<\/strong><\/p>\n<ul>\n<li>potpuna autonomija (ne zahtijeva stalno napajanje)<\/li>\n<li>3 stupnja snage grijanja<\/li>\n<li>robustan i otporan materijal<\/li>\n<li>ru\u010dka i remen za no\u0161enje<\/li>\n<li>brzo zagrijavanje \/ trenutna uporaba<\/li>\n<\/ul>\n<p><strong>SVRHA<\/strong><\/p>\n<ul>\n<li>balkoni, terase, kampovi, lutanja itd.<\/li>\n<li>grijanje sjedala invalidskih kolica<\/li>\n<li>pogodan za tiskarske i marketin\u0161ke svrhe<\/li>\n<li>idealno za iznajmljivanje na stadionima i ledenim dvoranama za vrijeme utakmice<\/li>\n<li>pogodna kao grijana prostirka za ku\u0107ne ljubimce<\/li>\n<\/ul>\n<p><strong>TEHNI\u010cKI LIST<\/strong><br \/>\n<a href=\"https:\/\/jacob.si\/wp-content\/uploads\/2024\/07\/Tehnicni_List_NATES.pdf\" target=\"_blank\" rel=\"noopener\"><br \/>\n<img loading=\"lazy\" decoding=\"async\" class=\"alignnone size-full wp-image-206\" src=\"https:\/\/jacob.si\/wp-content\/uploads\/2024\/07\/mensa_heating_tehnicni_list_icon_150x206_300dpi-copy.webp\" alt=\"\" width=\"150\" height=\"206\" \/><br \/>\n<\/a><\/p>\n<p>*detaljnije informacije o proizvodu nalaze se u tehni\u010dkom listu<\/p>\n<p><strong>Mensa Grijanje Aps.<\/strong><br \/>\nDanski proizvo\u0111a\u010d grija\u0107ih stolova i proizvoda za grijanje za vanjsku upotrebu vode\u0107a je tvrtka na globalnoj razini, poznata po inovativnosti, visokoj kvaliteti i vrhunskom dizajnu. Proizvodi Mensa Heating iznimno su u\u010dinkoviti jer \u010dak 92 % ulazne energije pretvaraju u toplinu, \u0161to zna\u010di u\u0161tedu ve\u0107u od 80 % u odnosu na konkurentska rje\u0161enja.<\/p>\n<p><strong>Za vi\u0161e informacija mo\u017eete nazvati prodajnog savjetnika na T +386(0)31 878 848 ili poslati e-mail na E prodaja@jacob.si i rado \u0107emo Vam pomo\u0107i.<\/strong><\/p>\n<p>&nbsp;<\/p>","protected":false},"excerpt":{"rendered":"<p>CIJENE SU BEZ PDV-a<br \/>\nPDV \u0107e biti napla\u0107en na kraju kupnje.<\/p>\n<p>BESPLATNA DOSTAVA!<br \/>\nZa narud\u017ebe iznad \u20ac100 besplatna dostava na podru\u010dju EU.<\/p>","protected":false},"featured_media":229,"template":"","meta":{"inline_featured_image":false},"product_brand":[],"product_cat":[154,91,24,150],"product_tag":[18],"class_list":{"0":"post-150","1":"product","2":"type-product","3":"status-publish","4":"has-post-thumbnail","6":"product_cat-mensa-heating","7":"product_cat-trgovina","8":"product_cat-drugi-izdelki","9":"product_cat-ogrevanje-teras","10":"product_tag-mensa-heating","12":"first","13":"instock","14":"taxable","15":"shipping-taxable","16":"purchasable","17":"product-type-simple"},"jetpack_sharing_enabled":true,"_links":{"self":[{"href":"https:\/\/jacob.si\/hr\/wp-json\/wp\/v2\/product\/150","targetHints":{"allow":["GET"]}}],"collection":[{"href":"https:\/\/jacob.si\/hr\/wp-json\/wp\/v2\/product"}],"about":[{"href":"https:\/\/jacob.si\/hr\/wp-json\/wp\/v2\/types\/product"}],"wp:featuredmedia":[{"embeddable":true,"href":"https:\/\/jacob.si\/hr\/wp-json\/wp\/v2\/media\/229"}],"wp:attachment":[{"href":"https:\/\/jacob.si\/hr\/wp-json\/wp\/v2\/media?parent=150"}],"wp:term":[{"taxonomy":"product_brand","embeddable":true,"href":"https:\/\/jacob.si\/hr\/wp-json\/wp\/v2\/product_brand?post=150"},{"taxonomy":"product_cat","embeddable":true,"href":"https:\/\/jacob.si\/hr\/wp-json\/wp\/v2\/product_cat?post=150"},{"taxonomy":"product_tag","embeddable":true,"href":"https:\/\/jacob.si\/hr\/wp-json\/wp\/v2\/product_tag?post=150"}],"curies":[{"name":"radni list","href":"https:\/\/api.w.org\/{rel}","templated":true}]}}