{"id":819,"date":"2024-09-23T07:03:17","date_gmt":"2024-09-23T07:03:17","guid":{"rendered":"https:\/\/jacob.si\/?page_id=819"},"modified":"2024-09-23T07:15:39","modified_gmt":"2024-09-23T07:15:39","slug":"pogoji-poslovanja","status":"publish","type":"page","link":"https:\/\/jacob.si\/hr\/pogoji-poslovanja\/","title":{"rendered":"Uvjeti poslovanja"},"content":{"rendered":"<section class=\"bde-section-819-100 bde-section\">\n  \n  \n\t\n\n\n\n<div class=\"section-container\"><h1 class=\"bde-heading-819-101 bde-heading\">\nUvjeti poslovanja\n<\/h1><h5 class=\"bde-heading-819-103 bde-heading\">\n1. Uvod\n<\/h5><div class=\"bde-text-819-102 bde-text\">\nSavjetujemo Vam da pa\u017eljivo pro\u010ditate ove Op\u0107e uvjete kori\u0161tenja (u daljnjem tekstu: uvjeti) prije po\u010detka kori\u0161tenja web stranice https:\/\/www.jacob.si (u daljnjem tekstu: web stranica).<br><br>Ulaskom na web stranicu posjetitelji web stranice pristaju na ove uvjete kori\u0161tenja. Ovaj dokument definira uvjete kori\u0161tenja web stranice i predstavlja ugovor izme\u0111u posjetitelja\/korisnika i pru\u017eatelja usluge JACOB doo. Web stranicom https:\/\/www.jacob.si upravlja tvrtka JACOB, in\u017eenjering doo, Ihanska cesta 3. , SI-1230 Dom\u017eale, Mat.\u0161t . 1980955000, Porezni br. 62914677 (u daljnjem tekstu &quot;davatelj&quot;).<br><br>Ovaj pravni dokument je va\u017ee\u0107i i pravno obvezuju\u0107i ugovor izme\u0111u vas i pru\u017eatelja usluga. Ako se ne sla\u017eete s ovim uvjetima kori\u0161tenja, odmah napustite ovu web stranicu. Uvjeti kori\u0161tenja te politika privatnosti i kola\u010di\u0107a obvezni su i obvezuju\u0107i dokumenti s kojima se svaki posjetitelj\/korisnik sla\u017ee prilikom pristupa web stranici.<br><br>Pojam &quot;vi&quot; ozna\u010dava posjetitelja\/korisnika ili kupca web stranice. Pojmovi &quot;mi\/na\u0161\/nas&quot; ozna\u010davaju pru\u017eatelja usluga. Uvjeti Uvjeti kori\u0161tenja ozna\u010davaju op\u0107e uvjete kori\u0161tenja ove web stranice. Op\u0107i uvjeti kori\u0161tenja ure\u0111uju rad web stranice, prava korisnika i poslovni odnos izme\u0111u njih.\n<\/div><h5 class=\"bde-heading-819-104 bde-heading\">\n2. Prihva\u0107anje uvjeta kori\u0161tenja web stranice\n<\/h5><div class=\"bde-text-819-114 bde-text\">\nOvi uvjeti kori\u0161tenja te politika privatnosti i kola\u010di\u0107a zajedno odre\u0111uju uvjete koje korisnici prihva\u0107aju kori\u0161tenjem web stranice i dobivanjem informacija uklju\u010duju\u0107i tekstove, ponude, prijedloge, vijesti, grafike, fotografije i druge materijale koji se nalaze na web stranici (s jednom rije\u010dju \u201esadr\u017eaj \u201d).<br><br>Kori\u0161tenje web stranice podlije\u017ee va\u0161em prihva\u0107anju ovih Uvjeta kori\u0161tenja i va\u0161em po\u0161tivanju ovih Uvjeta. Smatra se da ste suglasni s uvjetima kori\u0161tenja u trenutku prvog kori\u0161tenja web stranice.<br><br>Ovi uvjeti kori\u0161tenja odnose se isklju\u010divo na kori\u0161tenje web stranice i ne odnose se na bilo koji drugi pravni odnos izme\u0111u vas i pru\u017eatelja usluga. Sve informacije koje dobijete na web stranici slu\u017ee isklju\u010divo kao vodi\u010d za kori\u0161tenje web stranice. Svi ostali eventualni pojedina\u010dni pravni odnosi, partnerstva, poslovni odnosi, suradnje i sli\u010dno, bit \u0107e predmet posebnog pojedina\u010dnog ugovora.<br><br>Ako ne prihva\u0107ate ove uvjete kori\u0161tenja, savjetujemo vam da ne pristupate niti koristite ovu web stranicu.\n<\/div><h5 class=\"bde-heading-819-105 bde-heading\">\n3. Ograni\u010denja kori\u0161tenja web stranice\n<\/h5><div class=\"bde-text-819-115 bde-text\">\nDavatelj vam daje osobno, ograni\u010deno, neisklju\u010divo i neprenosivo pravo kori\u0161tenja web stranice za osobnu i nekomercijalnu upotrebu u skladu s ovim Uvjetima kori\u0161tenja. Kao preduvjet za kori\u0161tenje web stranice prihva\u0107ate i potvr\u0111ujete da je ne\u0107ete koristiti u bilo koju svrhu koja je nezakonita, neeti\u010dna ili nije u skladu s uvjetima kori\u0161tenja i svrhom za koju je web stranica izra\u0111ena.<br><br>Uslu\u017eitelj pridr\u017eava pravo marljivo istra\u017eiti sva kr\u0161enja ovih Uvjeta kori\u0161tenja, prijetnje i neovla\u0161teno kori\u0161tenje web stranice te \u0107e djelovati u skladu s tim i na na\u010din koji smatra primjerenim, uklju\u010duju\u0107i prijavu sumnje na nezakonito pona\u0161anje odgovaraju\u0107im tijelima za provo\u0111enje zakona, regulatorima ili drugim nadle\u017ene osobe. Ako je potrebno i propisano zakonom, Davatelj \u0107e otkriti sve relevantne informacije gore navedenim tijelima, uklju\u010duju\u0107i osobna imena, adresu e-po\u0161te, IP adresu, povijest pretra\u017eivanja itd.<br><br>Ne smijete koristiti softver za dobivanje informacija o kori\u0161tenju web stranica drugih korisnika i za identifikaciju njihovog identiteta. Ne smijete duplicirati web stranicu i\/ili se predstavljati kao pru\u017eatelj (JACOB doo) i\/ili prodavati, iznajmljivati, podlicencirati, posu\u0111ivati i sl. bilo koji sadr\u017eaj na ovoj web stranici, osim ako je izri\u010dito dopu\u0161teno ovim Uvjetima kori\u0161tenja.<br><br>Suglasni ste da se ne\u0107ete uklju\u010diti u bilo koju aktivnost koja bi, prema na\u0161em sudu, predstavljala nerazmjerno i prekomjerno optere\u0107enje na\u0161oj web stranici i povezanoj infrastrukturi ili bilo \u010demu \u0161to bi ometalo ili ometalo pravilan rad web stranice ili poku\u0161alo zaobi\u0107i na\u0161e mjere za ograni\u010davanje pristupa web stranici.\n<\/div><h5 class=\"bde-heading-819-106 bde-heading\">\n4. Korisnici i kupci web stranice\n<\/h5><div class=\"bde-text-819-116 bde-text\">\nU najve\u0107oj mjeri dopu\u0161tenoj zakonom, pru\u017eatelj isklju\u010duje svoju odgovornost za cjelokupni sadr\u017eaj koji pru\u017eatelj nudi na ovoj web stranici, uklju\u010duju\u0107i informacije i materijale dostupne u vezi s profilima korisnika i posjetitelja, pitanja i odgovore, zahtjeve za informacijama, komentare korisnika itd. .<br><br>Sla\u017eete se i prihva\u0107ate da ste u potpunosti odgovorni za sav sadr\u017eaj koji dajete pru\u017eatelju usluga. Ponuditelj ne jam\u010di za to\u010dnost, potpunost i kvalitetu korisni\u010dkih profila, sadr\u017eaja, komentara i sl. (zajedni\u010dki: Informacije).\n<\/div><h5 class=\"bde-heading-819-107 bde-heading\">\n5. Isklju\u010denje odgovornosti\n<\/h5><div class=\"bde-text-819-117 bde-text\">\nPru\u017eatelj ne daje nikakva jamstva, izri\u010dita ili pre\u0161utna, u najve\u0107oj mogu\u0107oj mjeri prema primjenjivom zakonu, u pogledu relevantnosti, pouzdanosti, dostupnosti, pravovremenosti i to\u010dnosti informacija, sadr\u017eaja web stranice i poveznica na web stranice tre\u0107ih strana na na\u0161oj web stranici, osim sadr\u017eaj i informacije izri\u010dito navedene u ovim uvjetima kori\u0161tenja. Isto se odnosi na sve informacije i sadr\u017eaj na ovoj web stranici i grafiku povezanu s web stranicom.<br><br>Informacije o proizvodima i uslugama koje se nalaze na ovoj web stranici mogu biti neto\u010dne ili sadr\u017eavati tiskarske pogre\u0161ke. Davatelj nije odgovoran za bilo kakvu izravnu, neizravnu, posljedi\u010dnu i\/ili drugu \u0161tetu ili gubitak podataka, dobiti, dobre volje ili ugleda, osobnu ozljedu ili bilo koju drugu \u0161tetu koja proizlazi iz:<br><br>I.) va\u0161 pristup i kori\u0161tenje ove web stranice;<br>II.) nemogu\u0107nost kori\u0161tenja web stranice;<br>III.) sve informacije ili sadr\u017eaj na na\u0161im web stranicama, osim onih koji su obvezni za sklapanje poslovnog odnosa i koji su zakonom definirani kao obvezni;<br>IV.) informacije o korisniku ili materijal na na\u0161oj web stranici. Isklju\u010denje odgovornosti primjenjuje se bez obzira na to je li \u0161teta uzrokovana kr\u0161enjem ugovora, deliktom, nemarom, objektivnom odgovorno\u0161\u0107u ili na drugi na\u010din.<br><br>Neovisno o navedenom, pru\u017eatelj uvijek omogu\u0107uje i transparentno a\u017eurira informacije navedene u sljede\u0107oj to\u010dki.\n<\/div><h5 class=\"bde-heading-819-108 bde-heading\">\n6. Dostupnost informacija\n<\/h5><div class=\"bde-text-819-118 bde-text\">\nPonuditelj se obvezuje kupcu uvijek dati sljede\u0107e podatke:<br><br>I.) identitet tvrtke (naziv tvrtke i sjedi\u0161te, mati\u010dni broj);<br>II.) kontakt podatke koji korisniku omogu\u0107uju brzu i u\u010dinkovitu komunikaciju (e-mail, telefon);<br>III.) bitna svojstva robe ili usluga (uklju\u010duju\u0107i usluge i jamstva nakon prodaje);<br>IV.) dostupnost artikala (svaki artikl ili usluga ponu\u0111ena na web stranici treba biti dostupna u razumnom roku);<br>V.) uvjete dostave artikala ili izvr\u0161enja usluge (na\u010din, mjesto i rok isporuke);<br>VI.) jasno i nedvojbeno utvr\u0111ene prodajne cijene, cijene moraju biti jasne i iz njih se vidi mogu\u0107i iznos poreza i tro\u0161ak prijevoza;<br>VII.) na\u010din pla\u0107anja i dostave;<br>VIII.) rok valjanosti ponude;<br>IX.) rok u kojem je jo\u0161 mogu\u0107e odustati od ugovora i uvjete odustajanja; osim toga, tako\u0111er o tome ko\u0161ta li i koliko kupca vra\u0107a artikl;<br>X.) obja\u0161njenje postupka reklamacije, uklju\u010duju\u0107i sve podatke o kontakt osobi ili slu\u017ebi za korisnike.<br><br>Davatelj \u0107e kontaktirati korisnika putem daljinske komunikacije samo ako se korisnik tome izri\u010dito ne protivi. Oglasne elektroni\u010dke poruke sadr\u017eavat \u0107e sljede\u0107e komponente: bit \u0107e jasno i nedvosmisleno ozna\u010dene kao oglasne poruke, po\u0161iljatelj \u0107e biti jasno vidljiv, razli\u010dite kampanje, promocije i druge marketin\u0161ke tehnike bit \u0107e ozna\u010dene kao takve. Tako\u0111er \u0107e biti jasno definirani uvjeti sudjelovanja u njima, jasno \u0107e biti predstavljen na\u010din odjave od primanja oglasnih poruka, pru\u017eatelj \u0107e izri\u010dito po\u0161tovati \u017eelju korisnika da ne prima oglasne poruke.\n<\/div><h5 class=\"bde-heading-819-109 bde-heading\">\n7. Mi\u0161ljenja i komentari korisnika\n<\/h5><div class=\"bde-text-819-119 bde-text\">\nMi\u0161ljenja ili komentari koje pi\u0161u korisnici dio su funkcionalnosti web stranice i namijenjeni su zajednici korisnika. Ponu\u0111a\u010d omogu\u0107uje svakom registriranom korisniku web stranice da napi\u0161e mi\u0161ljenje, a ponu\u0111a\u010d ih pregledava prije kona\u010dne objave. Ponuditelj ne\u0107e objavljivati mi\u0161ljenja ili priloge koji su na bilo koji na\u010din uvredljivi, opsceni ili, po mi\u0161ljenju davatelja, ne donose korist drugim korisnicima i posjetiteljima.<br><br>Slanjem mi\u0161ljenja ili komentara korisnik se izri\u010dito sla\u017ee s uvjetima kori\u0161tenja te dopu\u0161ta ponu\u0111a\u010du objavu dijela ili cijelog teksta u svim elektroni\u010dkim i drugim medijima. Davatelj ima pravo koristiti sadr\u017eaj neograni\u010deno vrijeme i za bilo koju svrhu koja je u njegovom poslovnom interesu, uklju\u010duju\u0107i objavu u oglasima ili drugim marketin\u0161kim komunikacijama. Autor mi\u0161ljenja istovremeno izjavljuje i jam\u010di da je vlasnik materijalnih i moralnih autorskih prava za pisana mi\u0161ljenja i komentare te da ta prava neisklju\u010divo i neograni\u010deno prenosi na davatelja.\n<\/div><h5 class=\"bde-heading-819-110 bde-heading\">\n8. Cijene\n<\/h5><div class=\"bde-text-819-120 bde-text\">\nSve cijene uklju\u010duju PDV, osim ako nije izri\u010dito navedeno druga\u010dije. Cijene vrijede u trenutku predaje narud\u017ebe i nemaju unaprijed odre\u0111enu valjanost. Cijene vrijede uz pla\u0107anje navedenim na\u010dinima pla\u0107anja i pod navedenim uvjetima. Unato\u010d na\u0161im naporima da pru\u017eimo naja\u017eurnije i najto\u010dnije podatke, mo\u017ee se dogoditi da podaci o cijeni budu neto\u010dni. U tom slu\u010daju ili u slu\u010daju da se cijena promijeni tijekom obrade narud\u017ebe, ponu\u0111a\u010d \u0107e kupcu omogu\u0107iti odustajanje od kupnje, a ujedno \u0107e ponu\u0111a\u010d kupcu ponuditi rje\u0161enje koje \u0107e biti na obostrano zadovoljstvo. .\n<\/div><h5 class=\"bde-heading-819-111 bde-heading\">\n9. Odricanje od odgovornosti\n<\/h5><div class=\"bde-text-819-121 bde-text\">\nPonuditelj se trudi da podaci objavljeni na njegovim stranicama budu a\u017eurni i to\u010dni. Ipak, neki se podaci mogu promijeniti tako brzo da ih pru\u017eatelj ne uspije ispraviti na vrijeme.\n<\/div><h5 class=\"bde-heading-819-112 bde-heading\">\n10. Pravo na odbijanje, blokiranje korisnika, ukidanje web stranice\n<\/h5><div class=\"bde-text-819-122 bde-text\">\nPonuditelj zadr\u017eava pravo posjetitelju u bilo kojem trenutku uskratiti pristup ovoj web stranici te mu onemogu\u0107iti kori\u0161tenje web stranice u cijelosti ili djelomi\u010dno. Davatelj to mo\u017ee u\u010diniti ako se opravdano vjeruje da:<br><br>I.) ste prekr\u0161ili ove uvjete kori\u0161tenja i druga pravila;<br>II.) postoji potencijalni pravni rizik ili rizik negativne izlo\u017eenosti za pru\u017eatelja;<br>III.) pru\u017eanje pristupa web stranici vi\u0161e nije ekonomi\u010dno, mogu\u0107e ili prihvatljivo.<br><br>Potrudit \u0107emo se da vas o ukidanju web stranice, korisni\u010dkom odbijanju ili blokiranju korisnika pravovremeno obavijestimo e-po\u0161tom (ako nam je dostavljena).\n<\/div><h5 class=\"bde-heading-819-113 bde-heading\">\n11. Intelektualno vlasni\u0161tvo\n<\/h5><div class=\"bde-text-819-123 bde-text\">\nOva web stranica i njezin sadr\u017eaj intelektualno su vlasni\u0161tvo pru\u017eatelja usluga, njegovih partnera ili autora i ne smiju se koristiti, kopirati, prodavati, iznajmljivati, prenositi ili na drugi na\u010din distribuirati i koristiti u osobne ili komercijalne svrhe bez izri\u010ditog pisanog pristanka nositelja prava. o vlasnicima intelektualnog vlasni\u0161tva, osim ako nije druga\u010dije navedeno u ovim Uvjetima kori\u0161tenja.<br><br>Web stranica https:\/\/www.jacob.si, logotip, slike, tekstovi, sadr\u017eaj web stranice, grafi\u010dki dizajn, baze podataka i identitet tvrtke predstavljaju intelektualno vlasni\u0161tvo pru\u017eatelja usluga i\/ili njegovih partnera. Sve navedeno pripada JACOB doo i\/ili njegovim partnerima i njihovo je isklju\u010divo vlasni\u0161tvo, uklju\u010duju\u0107i sva materijalna prava na tekstove, grafike, sadr\u017eaje, robne marke, baze podataka itd., koje proizvode tre\u0107e strane, izvo\u0111a\u010di, zaposlenici, konzultanti pru\u017eatelja usluga. i drugim partnerima. Prihva\u0107anjem ovih Uvjeta kori\u0161tenja suglasni ste da je sve gore navedeno za\u0161ti\u0107eno autorskim pravom, za\u0161titnim znakom ili drugim pravima intelektualnog vlasni\u0161tva.<br><br>Za\u0161titni znak JACOB mo\u017eete koristiti bez izri\u010ditog pristanka kao referencu ako se pozivate na usluge koje je pru\u017eatelj ve\u0107 pru\u017eio ili izvr\u0161io. Mo\u017eete ih koristiti i u druge svrhe, pod uvjetom da s nama sklopite ugovor i ponudite nam odgovaraju\u0107u naknadu. Za svaku drugu, posebice komercijalnu uporabu, potrebna je izri\u010dita pismena suglasnost pru\u017eatelja usluga.<br><br>Zabranjeno je kori\u0161tenje bilo kakvih podataka dobivenih od pru\u017eatelja, njegovih kupaca ili poslovnih partnera i konzultanata bez izri\u010ditog pisanog pristanka pru\u017eatelja. Isto se odnosi i na autorska prava i druga prava intelektualnog vlasni\u0161tva pru\u017eatelja, njegovih poslovnih partnera, koji ih koriste u bilo koje svrhe, a posebice u komercijalne svrhe.\n<\/div><h5 class=\"bde-heading-819-124 bde-heading\">\n12. Veze na web stranice tre\u0107ih strana\n<\/h5><div class=\"bde-text-819-128 bde-text\">\nWeb stranice tre\u0107ih strana nisu pod kontrolom pru\u017eatelja usluga, stoga pru\u017eatelj ni u kojem slu\u010daju nije odgovoran za sadr\u017eaj na web stranicama tre\u0107ih strana i za poveznice na druge web stranice koje se nalaze na web stranicama tre\u0107ih strana. Web stranice tre\u0107ih strana podlije\u017eu vlastitim uvjetima i odredbama. Upu\u0107ivanja na web stranice tre\u0107ih strana na na\u0161oj web stranici ne smiju se smatrati preporukom, odobrenjem ili potvrdom web stranice tre\u0107e strane. Ponuditelj isklju\u010duje svaku odgovornost za \u0161tetu nastalu korisnicima kori\u0161tenjem web stranica tre\u0107ih strana.\n<\/div><h5 class=\"bde-heading-819-125 bde-heading\">\n13. Razno\n<\/h5><div class=\"bde-text-819-129 bde-text\">\nPrihva\u0107anjem ovih uvjeta kori\u0161tenja ne nastaje nikakav poslovni, partnerski, radni ili drugi odnos izme\u0111u ugovornih strana.<br><br>Ovi uvjeti, uklju\u010duju\u0107i Politiku privatnosti i kola\u010di\u0107a, ure\u0111uju pravni odnos izme\u0111u vas i pru\u017eatelja isklju\u010divo u pogledu kori\u0161tenja ove web stranice. U slu\u010daju kupnje putem web stranice, kupcu se sklapa poseban ugovor ili izdaje ra\u010dun.<br><br>U slu\u010daju da jedna od strana ne koristi neko od prava koje ima prema ovim uvjetima kori\u0161tenja, takvo postupanje strane ili korisnika ne\u0107e se smatrati odricanjem od prava ili odricanjem od drugih prava koja korisnik web stranice ima.<br><br>Pru\u017eatelj nije odgovoran za neispunjenje svojih obveza iz ovih uvjeta kori\u0161tenja ako je takvo neispunjenje rezultat bilo kojeg razloga izvan kontrole davatelja (vi\u0161a sila).<br><br>Ako se utvrdi da je bilo koja odredba ovih Uvjeta kori\u0161tenja neprovediva ili nevaljana, ta \u0107e se odredba ograni\u010diti ili ukloniti u mjeri potrebnoj za o\u010duvanje ovih Uvjeta kori\u0161tenja.<br><br>Uslu\u017eitelj mo\u017ee prenijeti prava i obveze iz ovih Uvjeta kori\u0161tenja na tre\u0107e strane bez Va\u0161eg pristanka.<br><br>Ovi Uvjeti kori\u0161tenja po\u010dinju kada pristupite web stranici i istje\u010du kada prestanete koristiti web stranicu ili kada isteknu ovi Uvjeti kori\u0161tenja.\n<\/div><h5 class=\"bde-heading-819-126 bde-heading\">\n14. Mjerodavno pravo i nadle\u017enost\n<\/h5><div class=\"bde-text-819-130 bde-text\">\nZa tuma\u010denje odredaba ovih op\u0107ih uvjeta kori\u0161tenja i Politike privatnosti i kola\u010di\u0107a koristi se pravo Republike Slovenije. Kupci rje\u0161avaju sporove na miran na\u010din. Ako to nije mogu\u0107e, za njihovo rje\u0161avanje isklju\u010divo je nadle\u017ean slovenski sud.\n<\/div><h5 class=\"bde-heading-819-127 bde-heading\">\n15. Promjene Uvjeta kori\u0161tenja\n<\/h5><div class=\"bde-text-819-131 bde-text\">\nPonuditelj zadr\u017eava pravo izmjene i a\u017euriranja Uvjeta kori\u0161tenja na web stranici u bilo kojem trenutku. Va\u0161a je du\u017enost upoznati se sa svim promjenama. Datum zadnje izmjene nalazi se na dnu ovog dokumenta. Ako imate pitanja, pi\u0161ite nam na info(at)jacob.si. Ako vam ovi uvjeti kori\u0161tenja postanu neprihvatljivi ili se s njima ne sla\u017eete nakon \u0161to su promijenjeni, molimo vas da prestanete koristiti web stranicu. Kori\u0161tenjem web stranice pristajete na izmijenjene uvjete kori\u0161tenja.\n<\/div><h5 class=\"bde-heading-819-134 bde-heading\">\n16. Kontakti, povratne informacije i pritu\u017ebe\n<\/h5><div class=\"bde-text-819-132 bde-text\">\nAko nas \u017eelite kontaktirati u vezi s Uvjetima kori\u0161tenja ili Politikom privatnosti i kola\u010di\u0107a, pi\u0161ite nam na info(at)jacob.si. Suglasni ste da se va\u0161e povratne informacije mogu koristiti za pobolj\u0161anje i\/ili izmjenu na\u0161e web stranice bez ikakvih ograni\u010denja ili obveza pla\u0107anja.\n<\/div><h6 class=\"bde-heading-819-135 bde-heading\">\nZadnja izmjena: rujan 2024\n<\/h6><\/div>\n<\/section>","protected":false},"excerpt":{"rendered":"<p>Uvjeti kori\u0161tenja 1. Uvod Savjetujemo vam da pa\u017eljivo pro\u010ditate ove op\u0107e uvjete kori\u0161tenja (u daljnjem tekstu: uvjeti) prije kori\u0161tenja web stranice https:\/\/www.jacob.si (u daljnjem tekstu: web stranica). Ulaskom na web stranicu, posjetitelji web stranice pristaju na ove uvjete kori\u0161tenja. Ovaj dokument utvr\u0111uje uvjete kori\u0161tenja web stranice i predstavlja ugovor izme\u0111u posjetitelja\/korisnika i pru\u017eatelja usluga JACOB doo S [\u2026]<\/p>","protected":false},"author":5,"featured_media":0,"parent":0,"menu_order":0,"comment_status":"closed","ping_status":"closed","template":"","meta":{"inline_featured_image":false,"_breakdance_hide_in_design_set":false,"_breakdance_tags":"","footnotes":""},"class_list":["post-819","page","type-page","status-publish","hentry"],"jetpack_sharing_enabled":true,"_links":{"self":[{"href":"https:\/\/jacob.si\/hr\/wp-json\/wp\/v2\/pages\/819","targetHints":{"allow":["GET"]}}],"collection":[{"href":"https:\/\/jacob.si\/hr\/wp-json\/wp\/v2\/pages"}],"about":[{"href":"https:\/\/jacob.si\/hr\/wp-json\/wp\/v2\/types\/page"}],"author":[{"embeddable":true,"href":"https:\/\/jacob.si\/hr\/wp-json\/wp\/v2\/users\/5"}],"replies":[{"embeddable":true,"href":"https:\/\/jacob.si\/hr\/wp-json\/wp\/v2\/comments?post=819"}],"version-history":[{"count":0,"href":"https:\/\/jacob.si\/hr\/wp-json\/wp\/v2\/pages\/819\/revisions"}],"wp:attachment":[{"href":"https:\/\/jacob.si\/hr\/wp-json\/wp\/v2\/media?parent=819"}],"curies":[{"name":"radni list","href":"https:\/\/api.w.org\/{rel}","templated":true}]}}