{"id":265,"date":"2024-07-18T11:19:30","date_gmt":"2024-07-18T11:19:30","guid":{"rendered":"https:\/\/jacob.si\/?page_id=265"},"modified":"2025-08-10T09:54:29","modified_gmt":"2025-08-10T09:54:29","slug":"ir-sevala","status":"publish","type":"page","link":"https:\/\/jacob.si\/hr\/ir-sevala\/","title":{"rendered":"IR Sevala"},"content":{"rendered":"<section class=\"bde-section-265-100 bde-section\">\n              \n  \n  \n\t\n\n  <div class=\"section-background-overlay\"><\/div>\n\n\n<div class=\"section-container\"><h1 class=\"bde-heading-265-101 bde-heading\">\nProdu\u017eite sezonu i u\u017eivajte na svje\u017eem zraku bez obzira na temperaturne uvjete i godi\u0161nje doba.\n<\/h1><div class=\"bde-text-265-102 bde-text\">\nUpoznajte radijatore vode\u0107ih proizvo\u0111a\u010da na ovom podru\u010dju koji jam\u010de najve\u0107u u\u010dinkovitost i kvalitetu.\n<\/div><div class=\"bde-image-265-135 bde-image\">\n<figure class=\"breakdance-image breakdance-image--28\">\n\t<div class=\"breakdance-image-container\">\n\t\t<div class=\"breakdance-image-clip\"><img loading=\"lazy\" decoding=\"async\" class=\"breakdance-image-object\" src=\"https:\/\/jacob.si\/wp-content\/uploads\/2022\/12\/Jacob_Burda_Logo.svg\" width=\"300\" height=\"300\" sizes=\"auto, (max-width: 300px) 100vw, 300px\"><\/div>\n\t<\/div><\/figure>\n\n<\/div><div class=\"bde-image-265-168 bde-image\">\n<figure class=\"breakdance-image breakdance-image--28\">\n\t<div class=\"breakdance-image-container\">\n\t\t<div class=\"breakdance-image-clip\"><img loading=\"lazy\" decoding=\"async\" class=\"breakdance-image-object\" src=\"https:\/\/jacob.si\/wp-content\/uploads\/2022\/12\/Jacob_Burda_Logo.svg\" width=\"150\" height=\"150\" sizes=\"auto, (max-width: 150px) 100vw, 150px\"><\/div>\n\t<\/div><\/figure>\n\n<\/div><div class=\"bde-button-265-103 bde-button\">\n        \n    \n    \n    \n    \n            \n                    \n            \n            \n\n    \n    \n    \n    \n    \n    <a class=\"breakdance-link button-atom button-atom--primary bde-button__button\" href=\"https:\/\/jacob.si\/hr\/kategorija-proizvoda\/ogrevanje-teras\/\" target=\"_self\" data-type=\"url\"  >\n\n    \n        <span class=\"button-atom__text\">Odaberite &amp; Naru\u010dite<\/span>\n\n        \n        \n                <\/a>\n\n    \n\n\n<\/div><div class=\"bde-text-265-169 bde-text\">\nPovjerite najve\u0107em dobavlja\u010du sustava grijanja terasa u Sloveniji!\n<\/div><\/div>\n<\/section><section class=\"bde-section-265-104 bde-section\">\n  \n  \n\t\n\n\n\n<div class=\"section-container\"><div class=\"bde-columns-265-105 bde-columns\"><div class=\"bde-column-265-106 bde-column\">\n  \n  \n\t\n\n\n\n<h2 class=\"bde-heading-265-107 bde-heading\">\nkako radi\n<\/h2><div class=\"bde-fancy-divider-265-108 bde-fancy-divider\">\n\n\n<div class=\"bde-fancy-divider__wrapper\">\n  <div class=\"bde-fancy-divider__separator\">\n  \t  <\/div>\n<\/div>\n\n<\/div><div class=\"bde-text-265-109 bde-text\">\nNe\u0161kodljivo infracrveno svjetlo koristi se za pove\u0107anje vibracija u na\u0161im stanicama, koje zatim zagrijavaju tijelo. Kako je infracrveni izvor topline postavljen tako da optimizira prirodni sustav grijanja tijela, rezultat je ugodna umiruju\u0107a toplina u cijelom tijelu.\n<\/div><div class=\"bde-button-265-136 bde-button\">\n        \n    \n    \n    \n    \n            \n                    \n            \n            \n\n    \n    \n    \n    \n    \n    <a class=\"breakdance-link button-atom button-atom--primary bde-button__button\" href=\"https:\/\/jacob.si\/hr\/kategorija-proizvoda\/ir-sevala\/\" target=\"_self\" data-type=\"url\"  >\n\n    \n        <span class=\"button-atom__text\">Odaberite &amp; Naru\u010dite<\/span>\n\n        \n        \n                <\/a>\n\n    \n\n\n<\/div>\n<\/div><div class=\"bde-column-265-110 bde-column\">\n  \n  \n\t\n\n\n\n<div class=\"bde-image-265-111 bde-image\">\n<figure class=\"breakdance-image breakdance-image--412\">\n\t<div class=\"breakdance-image-container\">\n\t\t<div class=\"breakdance-image-clip\"><img loading=\"lazy\" decoding=\"async\" class=\"breakdance-image-object\" src=\"https:\/\/jacob.si\/wp-content\/uploads\/2024\/07\/ir_sevala_12.webp\" width=\"1000\" height=\"1000\" srcset=\"https:\/\/jacob.si\/wp-content\/uploads\/2024\/07\/ir_sevala_12.webp 1000w, https:\/\/jacob.si\/wp-content\/uploads\/2024\/07\/ir_sevala_12-300x300.webp 300w, https:\/\/jacob.si\/wp-content\/uploads\/2024\/07\/ir_sevala_12-150x150.webp 150w, https:\/\/jacob.si\/wp-content\/uploads\/2024\/07\/ir_sevala_12-768x768.webp 768w, https:\/\/jacob.si\/wp-content\/uploads\/2024\/07\/ir_sevala_12-600x600.webp 600w, https:\/\/jacob.si\/wp-content\/uploads\/2024\/07\/ir_sevala_12-100x100.webp 100w\" sizes=\"auto, (max-width: 1000px) 100vw, 1000px\"><\/div>\n\t<\/div><\/figure>\n\n<\/div><div class=\"bde-button-265-162 bde-button\">\n        \n    \n    \n    \n    \n            \n                    \n            \n            \n\n    \n    \n    \n    \n    \n    <a class=\"breakdance-link button-atom button-atom--primary bde-button__button\" href=\"https:\/\/jacob.si\/hr\/kategorija-proizvoda\/ir-sevala\/\" target=\"_self\" data-type=\"url\"  >\n\n    \n        <span class=\"button-atom__text\">Odaberite &amp; Naru\u010dite<\/span>\n\n        \n        \n                <\/a>\n\n    \n\n\n<\/div>\n<\/div><\/div><\/div>\n<\/section><section class=\"bde-section-265-112 bde-section\">\n  \n  \n\t\n\n\n\n<div class=\"section-container\"><div class=\"bde-columns-265-113 bde-columns\"><div class=\"bde-column-265-114 bde-column\">\n  \n  \n\t\n\n\n\n<div class=\"bde-image-265-115 bde-image\">\n<figure class=\"breakdance-image breakdance-image--411\">\n\t<div class=\"breakdance-image-container\">\n\t\t<div class=\"breakdance-image-clip\"><img loading=\"lazy\" decoding=\"async\" class=\"breakdance-image-object\" src=\"https:\/\/jacob.si\/wp-content\/uploads\/2024\/07\/ir_sevala_11.webp\" width=\"1000\" height=\"1000\" srcset=\"https:\/\/jacob.si\/wp-content\/uploads\/2024\/07\/ir_sevala_11.webp 1000w, https:\/\/jacob.si\/wp-content\/uploads\/2024\/07\/ir_sevala_11-300x300.webp 300w, https:\/\/jacob.si\/wp-content\/uploads\/2024\/07\/ir_sevala_11-150x150.webp 150w, https:\/\/jacob.si\/wp-content\/uploads\/2024\/07\/ir_sevala_11-768x768.webp 768w, https:\/\/jacob.si\/wp-content\/uploads\/2024\/07\/ir_sevala_11-600x600.webp 600w, https:\/\/jacob.si\/wp-content\/uploads\/2024\/07\/ir_sevala_11-100x100.webp 100w\" sizes=\"auto, (max-width: 1000px) 100vw, 1000px\"><\/div>\n\t<\/div><\/figure>\n\n<\/div><div class=\"bde-button-265-163 bde-button\">\n        \n    \n    \n    \n    \n            \n                    \n            \n            \n\n    \n    \n    \n    \n    \n    <a class=\"breakdance-link button-atom button-atom--primary bde-button__button\" href=\"https:\/\/jacob.si\/hr\/kategorija-proizvoda\/ir-sevala\/\" target=\"_self\" data-type=\"url\"  >\n\n    \n        <span class=\"button-atom__text\">Odaberite &amp; Naru\u010dite<\/span>\n\n        \n        \n                <\/a>\n\n    \n\n\n<\/div>\n<\/div><div class=\"bde-column-265-116 bde-column\">\n  \n  \n\t\n\n\n\n<h2 class=\"bde-heading-265-117 bde-heading\">\nNajbolja upotreba\n<\/h2><div class=\"bde-fancy-divider-265-118 bde-fancy-divider\">\n\n\n<div class=\"bde-fancy-divider__wrapper\">\n  <div class=\"bde-fancy-divider__separator\">\n  \t  <\/div>\n<\/div>\n\n<\/div><div class=\"bde-text-265-119 bde-text\">\nSamo kratkovalno infracrveno svjetlo prodire u atmosferu bez zagrijavanja. Potonja se pretvara u toplinu kada se sudari s tvari gu\u0161\u0107om od zraka ili u tijelo. Zbog toga ne zagrijava atmosferu i nema gubitaka.<br><br><strong>VA\u017dNO!<\/strong><br>Nije svaka infracrvena grijalica kratkovalna grijalica!\n<\/div><div class=\"bde-button-265-137 bde-button\">\n        \n    \n    \n    \n    \n            \n                    \n            \n            \n\n    \n    \n    \n    \n    \n    <a class=\"breakdance-link button-atom button-atom--primary bde-button__button\" href=\"https:\/\/jacob.si\/hr\/kategorija-proizvoda\/ir-sevala\/\" target=\"_self\" data-type=\"url\"  >\n\n    \n        <span class=\"button-atom__text\">Odaberite &amp; Naru\u010dite<\/span>\n\n        \n        \n                <\/a>\n\n    \n\n\n<\/div>\n<\/div><\/div><\/div>\n<\/section><section class=\"bde-section-265-120 bde-section\">\n  \n  \n\t\n\n\n\n<div class=\"section-container\"><div class=\"bde-columns-265-121 bde-columns\"><div class=\"bde-column-265-122 bde-column\">\n  \n  \n\t\n\n\n\n<h2 class=\"bde-heading-265-123 bde-heading\">\nNiski tro\u0161kovi\n<\/h2><div class=\"bde-fancy-divider-265-124 bde-fancy-divider\">\n\n\n<div class=\"bde-fancy-divider__wrapper\">\n  <div class=\"bde-fancy-divider__separator\">\n  \t  <\/div>\n<\/div>\n\n<\/div><div class=\"bde-text-265-125 bde-text\">\nKratkovalni infracrveni grija\u0107i elementi osiguravaju u\u010dinkovitost 92%. Zbog jedinstvenog bi-full dizajna, posti\u017eu istu u\u010dinkovitost kao i konvencionalni grija\u010di od 4000 W, ali tro\u0161e samo 2000 W. Na\u0161i su grija\u010di jeftiniji za kori\u0161tenje i imaju za tre\u0107inu manje emisije CO2.\n<\/div><div class=\"bde-button-265-138 bde-button\">\n        \n    \n    \n    \n    \n            \n                    \n            \n            \n\n    \n    \n    \n    \n    \n    <a class=\"breakdance-link button-atom button-atom--primary bde-button__button\" href=\"https:\/\/jacob.si\/hr\/kategorija-proizvoda\/ir-sevala\/\" target=\"_self\" data-type=\"url\"  >\n\n    \n        <span class=\"button-atom__text\">Odaberite &amp; Naru\u010dite<\/span>\n\n        \n        \n                <\/a>\n\n    \n\n\n<\/div>\n<\/div><div class=\"bde-column-265-126 bde-column\">\n  \n  \n\t\n\n\n\n<div class=\"bde-image-265-127 bde-image\">\n<figure class=\"breakdance-image breakdance-image--563\">\n\t<div class=\"breakdance-image-container\">\n\t\t<div class=\"breakdance-image-clip\"><img loading=\"lazy\" decoding=\"async\" class=\"breakdance-image-object\" src=\"https:\/\/jacob.si\/wp-content\/uploads\/2024\/08\/varcevanje_11.webp\" width=\"1000\" height=\"1000\" srcset=\"https:\/\/jacob.si\/wp-content\/uploads\/2024\/08\/varcevanje_11.webp 1000w, https:\/\/jacob.si\/wp-content\/uploads\/2024\/08\/varcevanje_11-300x300.webp 300w, https:\/\/jacob.si\/wp-content\/uploads\/2024\/08\/varcevanje_11-150x150.webp 150w, https:\/\/jacob.si\/wp-content\/uploads\/2024\/08\/varcevanje_11-768x768.webp 768w, https:\/\/jacob.si\/wp-content\/uploads\/2024\/08\/varcevanje_11-600x600.webp 600w, https:\/\/jacob.si\/wp-content\/uploads\/2024\/08\/varcevanje_11-100x100.webp 100w\" sizes=\"auto, (max-width: 1000px) 100vw, 1000px\"><\/div>\n\t<\/div><\/figure>\n\n<\/div><div class=\"bde-button-265-164 bde-button\">\n        \n    \n    \n    \n    \n            \n                    \n            \n            \n\n    \n    \n    \n    \n    \n    <a class=\"breakdance-link button-atom button-atom--primary bde-button__button\" href=\"https:\/\/jacob.si\/hr\/kategorija-proizvoda\/ir-sevala\/\" target=\"_self\" data-type=\"url\"  >\n\n    \n        <span class=\"button-atom__text\">Odaberite &amp; Naru\u010dite<\/span>\n\n        \n        \n                <\/a>\n\n    \n\n\n<\/div>\n<\/div><\/div><\/div>\n<\/section><section class=\"bde-section-265-139 bde-section\">\n  \n  \n\t\n\n\n\n<div class=\"section-container\"><div class=\"bde-columns-265-140 bde-columns\"><div class=\"bde-column-265-141 bde-column\">\n  \n  \n\t\n\n\n\n<div class=\"bde-image-265-142 bde-image\">\n<figure class=\"breakdance-image breakdance-image--413\">\n\t<div class=\"breakdance-image-container\">\n\t\t<div class=\"breakdance-image-clip\"><img loading=\"lazy\" decoding=\"async\" class=\"breakdance-image-object\" src=\"https:\/\/jacob.si\/wp-content\/uploads\/2024\/07\/ir_sevala_13.webp\" width=\"1000\" height=\"1000\" srcset=\"https:\/\/jacob.si\/wp-content\/uploads\/2024\/07\/ir_sevala_13.webp 1000w, https:\/\/jacob.si\/wp-content\/uploads\/2024\/07\/ir_sevala_13-300x300.webp 300w, https:\/\/jacob.si\/wp-content\/uploads\/2024\/07\/ir_sevala_13-150x150.webp 150w, https:\/\/jacob.si\/wp-content\/uploads\/2024\/07\/ir_sevala_13-768x768.webp 768w, https:\/\/jacob.si\/wp-content\/uploads\/2024\/07\/ir_sevala_13-600x600.webp 600w, https:\/\/jacob.si\/wp-content\/uploads\/2024\/07\/ir_sevala_13-100x100.webp 100w\" sizes=\"auto, (max-width: 1000px) 100vw, 1000px\"><\/div>\n\t<\/div><\/figure>\n\n<\/div><div class=\"bde-button-265-165 bde-button\">\n        \n    \n    \n    \n    \n            \n                    \n            \n            \n\n    \n    \n    \n    \n    \n    <a class=\"breakdance-link button-atom button-atom--primary bde-button__button\" href=\"https:\/\/jacob.si\/hr\/kategorija-proizvoda\/ir-sevala\/\" target=\"_self\" data-type=\"url\"  >\n\n    \n        <span class=\"button-atom__text\">Odaberite &amp; Naru\u010dite<\/span>\n\n        \n        \n                <\/a>\n\n    \n\n\n<\/div>\n<\/div><div class=\"bde-column-265-143 bde-column\">\n  \n  \n\t\n\n\n\n<h2 class=\"bde-heading-265-144 bde-heading\">\n100% Vodootporan\n<\/h2><div class=\"bde-fancy-divider-265-145 bde-fancy-divider\">\n\n\n<div class=\"bde-fancy-divider__wrapper\">\n  <div class=\"bde-fancy-divider__separator\">\n  \t  <\/div>\n<\/div>\n\n<\/div><div class=\"bde-text-265-146 bde-text\">\nPerjanica prodajnog programa su potpuno vodootporni radijatori sa za\u0161titnim faktorom IP67. Patentirani vodonepropusni sustav omogu\u0107uje dizajn ku\u0107i\u0161ta bez za\u0161titnog stakla, \u0161to grija\u0107em elementu omogu\u0107uje dovoljnu ventilaciju za dugi rad.\n<\/div><div class=\"bde-button-265-147 bde-button\">\n        \n    \n    \n    \n    \n            \n                    \n            \n            \n\n    \n    \n    \n    \n    \n    <a class=\"breakdance-link button-atom button-atom--primary bde-button__button\" href=\"https:\/\/jacob.si\/hr\/kategorija-proizvoda\/ir-sevala\/\" target=\"_self\" data-type=\"url\"  >\n\n    \n        <span class=\"button-atom__text\">Odaberite &amp; Naru\u010dite<\/span>\n\n        \n        \n                <\/a>\n\n    \n\n\n<\/div>\n<\/div><\/div><\/div>\n<\/section><section class=\"bde-section-265-148 bde-section\">\n  \n  \n\t\n\n\n\n<div class=\"section-container\"><div class=\"bde-columns-265-149 bde-columns\"><div class=\"bde-column-265-150 bde-column\">\n  \n  \n\t\n\n\n\n<h2 class=\"bde-heading-265-151 bde-heading\">\nEkolo\u0161ki prihvatljiv\n<\/h2><div class=\"bde-fancy-divider-265-152 bde-fancy-divider\">\n\n\n<div class=\"bde-fancy-divider__wrapper\">\n  <div class=\"bde-fancy-divider__separator\">\n  \t  <\/div>\n<\/div>\n\n<\/div><div class=\"bde-text-265-153 bde-text\">\nNudimo ekolo\u0161ki najprihvatljivije grija\u010de za vanjsko grijanje na tr\u017ei\u0161tu. S ovim proizvodima osiguravamo po\u0161tovanje prema okoli\u0161u, budu\u0107i da omogu\u0107uju 89% u\u0161tedu CO2 u usporedbi s tradicionalnim plinskim grija\u010dima.<br><br><strong>Postoji samo jedno okru\u017eenje \u2013 \u010duvajmo ga.<\/strong>\n<\/div><div class=\"bde-button-265-154 bde-button\">\n        \n    \n    \n    \n    \n            \n                    \n            \n            \n\n    \n    \n    \n    \n    \n    <a class=\"breakdance-link button-atom button-atom--primary bde-button__button\" href=\"https:\/\/jacob.si\/hr\/kategorija-proizvoda\/ir-sevala\/\" target=\"_self\" data-type=\"url\"  >\n\n    \n        <span class=\"button-atom__text\">Odaberite &amp; Naru\u010dite<\/span>\n\n        \n        \n                <\/a>\n\n    \n\n\n<\/div>\n<\/div><div class=\"bde-column-265-155 bde-column\">\n  \n  \n\t\n\n\n\n<div class=\"bde-image-265-156 bde-image\">\n<figure class=\"breakdance-image breakdance-image--565\">\n\t<div class=\"breakdance-image-container\">\n\t\t<div class=\"breakdance-image-clip\"><img loading=\"lazy\" decoding=\"async\" class=\"breakdance-image-object\" src=\"https:\/\/jacob.si\/wp-content\/uploads\/2024\/08\/okolju_prijazno_11.webp\" width=\"1000\" height=\"1000\" srcset=\"https:\/\/jacob.si\/wp-content\/uploads\/2024\/08\/okolju_prijazno_11.webp 1000w, https:\/\/jacob.si\/wp-content\/uploads\/2024\/08\/okolju_prijazno_11-300x300.webp 300w, https:\/\/jacob.si\/wp-content\/uploads\/2024\/08\/okolju_prijazno_11-150x150.webp 150w, https:\/\/jacob.si\/wp-content\/uploads\/2024\/08\/okolju_prijazno_11-768x768.webp 768w, https:\/\/jacob.si\/wp-content\/uploads\/2024\/08\/okolju_prijazno_11-600x600.webp 600w, https:\/\/jacob.si\/wp-content\/uploads\/2024\/08\/okolju_prijazno_11-100x100.webp 100w\" sizes=\"auto, (max-width: 1000px) 100vw, 1000px\"><\/div>\n\t<\/div><\/figure>\n\n<\/div><div class=\"bde-button-265-166 bde-button\">\n        \n    \n    \n    \n    \n            \n                    \n            \n            \n\n    \n    \n    \n    \n    \n    <a class=\"breakdance-link button-atom button-atom--primary bde-button__button\" href=\"https:\/\/jacob.si\/hr\/kategorija-proizvoda\/ir-sevala\/\" target=\"_self\" data-type=\"url\"  >\n\n    \n        <span class=\"button-atom__text\">Odaberite &amp; Naru\u010dite<\/span>\n\n        \n        \n                <\/a>\n\n    \n\n\n<\/div>\n<\/div><\/div><\/div>\n<\/section><section class=\"bde-section-265-128 bde-section\">\n  \n  \n\t\n\n\n\n<div class=\"section-container\"><div class=\"bde-columns-265-129 bde-columns\"><div class=\"bde-column-265-130 bde-column\">\n  \n  \n\t\n\n\n\n<h5 class=\"bde-heading-265-157 bde-heading\">\nPrednosti\n<\/h5><ul class=\"bde-basic-list-265-131 bde-basic-list\">\n  <li  >    \n          toplina se mo\u017ee usmjeriti u bilo kojem \u017eeljenom smjeru\n      <\/li>\n  <li  >    \n          niske cijene \/ bez odr\u017eavanja\n      <\/li>\n  <li  >    \n          nema emisija i nema potro\u0161nje kisika\n      <\/li>\n  <li  >    \n          bez one\u010di\u0161\u0107enja od pokretnog zraka ili pra\u0161ine\n      <\/li>\n  <li  >    \n          mo\u017eemo grijati samo djelomi\u010dne povr\u0161ine \/ gdje \u017eelimo\n      <\/li>\n  <li  >    \n          na \u017eivotni vijek grija\u0107eg elementa ne utje\u010de stalno uklju\u010divanje i isklju\u010divanje\n      <\/li>\n  <li  >    \n          trenuta\u010dni u\u010dinak bez predgrijavanja - 90 % topline dostupno je u 1 sekundi\n      <\/li>\n  <li  >    \n          najbolja u\u010dinkovitost jer se 92% energije pretvara u zra\u010denje\n      <\/li>\n<\/ul><h5 class=\"bde-heading-265-158 bde-heading\">\nSvrha\n<\/h5><ul class=\"bde-basic-list-265-159 bde-basic-list\">\n  <li  >    \n          za sjedenje na balkonima, terasama, vrtovima\n      <\/li>\n  <li  >    \n          za teretane, skladi\u0161ta, radionice, gara\u017ee\n      <\/li>\n  <li  >    \n          za ugodnu atmosferu u restoranima, barovima, hotelima\n      <\/li>\n  <li  >    \n          za produljenje sezone ljetnih kuhinja\n      <\/li>\n  <li  >    \n          za vjen\u010danja, zabave ili proslave na otvorenom\n      <\/li>\n  <li  >    \n          za crkve, mrtva\u010dnice itd.\n      <\/li>\n  <li  >    \n          za mnogo vi\u0161e\u2026\n      <\/li>\n<\/ul>\n<\/div><div class=\"bde-column-265-132 bde-column\">\n  \n  \n\t\n\n\n\n<h5 class=\"bde-heading-265-160 bde-heading\">\nZa\u0161to JACOB DOO?\n<\/h5><div class=\"bde-text-265-161 bde-text\">\nVi\u0161e od 20 godina iskustva omogu\u0107uje nam da u prodajni program uvrstimo samo najkvalitetnije proizvode na tr\u017ei\u0161tu tako da mo\u017eete birati samo prema svojim potrebama.<br><br>Kao vode\u0107i pru\u017eatelj usluga na tr\u017ei\u0161tu nudimo pouzdana i u\u010dinkovita rje\u0161enja potpomognuta na\u0161om stru\u010dno\u0161\u0107u. Kome \u0107e\u0161 vjerovati?\n<\/div><h5 class=\"bde-heading-265-133 bde-heading\">\nAgencija, prodaja i servis:\n<\/h5><div class=\"bde-text-265-134 bde-text\">\nJACOB D.O.O.<br>Ihanska cesta 3<br>SI-1230 Dom\u017eale<br>M: +386 (0)31 878 848<br>T: +386 (0)1 721 23 23<br>E-mail: prodaja@jacob.si\n<\/div>\n<\/div><\/div><\/div>\n<\/section>","protected":false},"excerpt":{"rendered":"<p>Produ\u017eite sezonu i u\u017eivajte u svje\u017eem zraku bez obzira na temperaturne uvjete ili doba godine. Upoznajte radijatore vode\u0107eg proizvo\u0111a\u010da u ovom podru\u010dju, koji jam\u010de najvi\u0161u u\u010dinkovitost i kvalitetu. Odaberite i naru\u010dite Vjerujte najve\u0107em dobavlja\u010du sustava za grijanje terasa u Sloveniji! Kako to funkcionira? Bezopasno infracrveno svjetlo koristi se za pove\u0107anje vibracija u na\u0161im stanicama, \u0161to [\u2026]<\/p>","protected":false},"author":1,"featured_media":0,"parent":0,"menu_order":0,"comment_status":"closed","ping_status":"closed","template":"","meta":{"inline_featured_image":false,"_breakdance_hide_in_design_set":false,"_breakdance_tags":"","footnotes":""},"class_list":["post-265","page","type-page","status-publish","hentry"],"jetpack_sharing_enabled":true,"_links":{"self":[{"href":"https:\/\/jacob.si\/hr\/wp-json\/wp\/v2\/pages\/265","targetHints":{"allow":["GET"]}}],"collection":[{"href":"https:\/\/jacob.si\/hr\/wp-json\/wp\/v2\/pages"}],"about":[{"href":"https:\/\/jacob.si\/hr\/wp-json\/wp\/v2\/types\/page"}],"author":[{"embeddable":true,"href":"https:\/\/jacob.si\/hr\/wp-json\/wp\/v2\/users\/1"}],"replies":[{"embeddable":true,"href":"https:\/\/jacob.si\/hr\/wp-json\/wp\/v2\/comments?post=265"}],"version-history":[{"count":0,"href":"https:\/\/jacob.si\/hr\/wp-json\/wp\/v2\/pages\/265\/revisions"}],"wp:attachment":[{"href":"https:\/\/jacob.si\/hr\/wp-json\/wp\/v2\/media?parent=265"}],"curies":[{"name":"radni list","href":"https:\/\/api.w.org\/{rel}","templated":true}]}}