{"id":259,"date":"2024-07-18T11:07:07","date_gmt":"2024-07-18T11:07:07","guid":{"rendered":"https:\/\/jacob.si\/?page_id=259"},"modified":"2025-08-10T09:54:01","modified_gmt":"2025-08-10T09:54:01","slug":"grelne-mize","status":"publish","type":"page","link":"https:\/\/jacob.si\/hr\/grelne-mize\/","title":{"rendered":"Stolovi za grijanje"},"content":{"rendered":"<section class=\"bde-section-259-100 bde-section\">\n              \n  \n  \n\t\n\n  <div class=\"section-background-overlay\"><\/div>\n\n\n<div class=\"section-container\"><h1 class=\"bde-heading-259-101 bde-heading\">\nOdr\u017eavajte godi\u0161nji promet iu jesen i zimu uz najprodavanije grijane stolove na tr\u017ei\u0161tu.\n<\/h1><div class=\"bde-text-259-102 bde-text\">\nUpoznajte grija\u0107e stolove vode\u0107ih proizvo\u0111a\u010da na ovom podru\u010dju koji jam\u010de najve\u0107u u\u010dinkovitost i kvalitetu.\n<\/div><div class=\"bde-image-259-174 bde-image\">\n<figure class=\"breakdance-image breakdance-image--25\">\n\t<div class=\"breakdance-image-container\">\n\t\t<div class=\"breakdance-image-clip\"><img loading=\"lazy\" decoding=\"async\" class=\"breakdance-image-object\" src=\"https:\/\/jacob.si\/wp-content\/uploads\/2022\/12\/Jacob_Mensa_Logo.svg\" width=\"300\" height=\"300\" sizes=\"auto, (max-width: 300px) 100vw, 300px\"><\/div>\n\t<\/div><\/figure>\n\n<\/div><div class=\"bde-image-259-173 bde-image\">\n<figure class=\"breakdance-image breakdance-image--25\">\n\t<div class=\"breakdance-image-container\">\n\t\t<div class=\"breakdance-image-clip\"><img loading=\"lazy\" decoding=\"async\" class=\"breakdance-image-object\" src=\"https:\/\/jacob.si\/wp-content\/uploads\/2022\/12\/Jacob_Mensa_Logo.svg\" width=\"150\" height=\"150\" sizes=\"auto, (max-width: 150px) 100vw, 150px\"><\/div>\n\t<\/div><\/figure>\n\n<\/div><div class=\"bde-button-259-103 bde-button\">\n        \n    \n    \n    \n    \n            \n                    \n            \n            \n\n    \n    \n    \n    \n    \n    <a class=\"breakdance-link button-atom button-atom--primary bde-button__button\" href=\"https:\/\/jacob.si\/hr\/kategorija-proizvoda\/ogrevanje-teras\/\" target=\"_self\" data-type=\"url\"  >\n\n    \n        <span class=\"button-atom__text\">Odaberite &amp; Naru\u010dite<\/span>\n\n        \n        \n                <\/a>\n\n    \n\n\n<\/div><div class=\"bde-text-259-172 bde-text\">\nPovjerite najve\u0107em dobavlja\u010du sustava grijanja terasa u Sloveniji!\n<\/div><\/div>\n<\/section><section class=\"bde-section-259-104 bde-section\">\n  \n  \n\t\n\n\n\n<div class=\"section-container\"><div class=\"bde-columns-259-105 bde-columns\"><div class=\"bde-column-259-106 bde-column\">\n  \n  \n\t\n\n\n\n<h2 class=\"bde-heading-259-107 bde-heading\">\nkako radi\n<\/h2><div class=\"bde-fancy-divider-259-108 bde-fancy-divider\">\n\n\n<div class=\"bde-fancy-divider__wrapper\">\n  <div class=\"bde-fancy-divider__separator\">\n  \t  <\/div>\n<\/div>\n\n<\/div><div class=\"bde-text-259-109 bde-text\">\nNe\u0161kodljivo infracrveno svjetlo koristi se za pove\u0107anje vibracija u na\u0161im stanicama, koje zatim zagrijavaju tijelo. Kako je infracrveni izvor topline postavljen tako da optimizira prirodni sustav grijanja tijela, rezultat je ugodna umiruju\u0107a toplina u cijelom tijelu.\n<\/div><div class=\"bde-button-259-136 bde-button\">\n        \n    \n    \n    \n    \n            \n                    \n            \n            \n\n    \n    \n    \n    \n    \n    <a class=\"breakdance-link button-atom button-atom--primary bde-button__button\" href=\"https:\/\/jacob.si\/hr\/kategorija-proizvoda\/grelne-mize\/\" target=\"_self\" data-type=\"url\"  >\n\n    \n        <span class=\"button-atom__text\">Odaberite &amp; Naru\u010dite<\/span>\n\n        \n        \n                <\/a>\n\n    \n\n\n<\/div>\n<\/div><div class=\"bde-column-259-110 bde-column\">\n  \n  \n\t\n\n\n\n<div class=\"bde-image-259-111 bde-image\">\n<figure class=\"breakdance-image breakdance-image--406\">\n\t<div class=\"breakdance-image-container\">\n\t\t<div class=\"breakdance-image-clip\"><img loading=\"lazy\" decoding=\"async\" class=\"breakdance-image-object\" src=\"https:\/\/jacob.si\/wp-content\/uploads\/2024\/07\/grelne_mize_12.webp\" width=\"1000\" height=\"1000\" srcset=\"https:\/\/jacob.si\/wp-content\/uploads\/2024\/07\/grelne_mize_12.webp 1000w, https:\/\/jacob.si\/wp-content\/uploads\/2024\/07\/grelne_mize_12-300x300.webp 300w, https:\/\/jacob.si\/wp-content\/uploads\/2024\/07\/grelne_mize_12-150x150.webp 150w, https:\/\/jacob.si\/wp-content\/uploads\/2024\/07\/grelne_mize_12-768x768.webp 768w, https:\/\/jacob.si\/wp-content\/uploads\/2024\/07\/grelne_mize_12-600x600.webp 600w, https:\/\/jacob.si\/wp-content\/uploads\/2024\/07\/grelne_mize_12-100x100.webp 100w\" sizes=\"auto, (max-width: 1000px) 100vw, 1000px\"><\/div>\n\t<\/div><\/figure>\n\n<\/div><div class=\"bde-button-259-167 bde-button\">\n        \n    \n    \n    \n    \n            \n                    \n            \n            \n\n    \n    \n    \n    \n    \n    <a class=\"breakdance-link button-atom button-atom--primary bde-button__button\" href=\"https:\/\/jacob.si\/hr\/kategorija-proizvoda\/grelne-mize\/\" target=\"_self\" data-type=\"url\"  >\n\n    \n        <span class=\"button-atom__text\">Odaberite &amp; Naru\u010dite<\/span>\n\n        \n        \n                <\/a>\n\n    \n\n\n<\/div>\n<\/div><\/div><\/div>\n<\/section><section class=\"bde-section-259-112 bde-section\">\n  \n  \n\t\n\n\n\n<div class=\"section-container\"><div class=\"bde-columns-259-113 bde-columns\"><div class=\"bde-column-259-114 bde-column\">\n  \n  \n\t\n\n\n\n<div class=\"bde-image-259-115 bde-image\">\n<figure class=\"breakdance-image breakdance-image--404\">\n\t<div class=\"breakdance-image-container\">\n\t\t<div class=\"breakdance-image-clip\"><img loading=\"lazy\" decoding=\"async\" class=\"breakdance-image-object\" src=\"https:\/\/jacob.si\/wp-content\/uploads\/2024\/07\/grelne_mize_10.webp\" width=\"1000\" height=\"1000\" srcset=\"https:\/\/jacob.si\/wp-content\/uploads\/2024\/07\/grelne_mize_10.webp 1000w, https:\/\/jacob.si\/wp-content\/uploads\/2024\/07\/grelne_mize_10-300x300.webp 300w, https:\/\/jacob.si\/wp-content\/uploads\/2024\/07\/grelne_mize_10-100x100.webp 100w, https:\/\/jacob.si\/wp-content\/uploads\/2024\/07\/grelne_mize_10-600x600.webp 600w, https:\/\/jacob.si\/wp-content\/uploads\/2024\/07\/grelne_mize_10-150x150.webp 150w, https:\/\/jacob.si\/wp-content\/uploads\/2024\/07\/grelne_mize_10-768x768.webp 768w\" sizes=\"auto, (max-width: 1000px) 100vw, 1000px\"><\/div>\n\t<\/div><\/figure>\n\n<\/div><div class=\"bde-button-259-168 bde-button\">\n        \n    \n    \n    \n    \n            \n                    \n            \n            \n\n    \n    \n    \n    \n    \n    <a class=\"breakdance-link button-atom button-atom--primary bde-button__button\" href=\"https:\/\/jacob.si\/hr\/kategorija-proizvoda\/grelne-mize\/\" target=\"_self\" data-type=\"url\"  >\n\n    \n        <span class=\"button-atom__text\">Odaberite &amp; Naru\u010dite<\/span>\n\n        \n        \n                <\/a>\n\n    \n\n\n<\/div>\n<\/div><div class=\"bde-column-259-116 bde-column\">\n  \n  \n\t\n\n\n\n<h2 class=\"bde-heading-259-117 bde-heading\">\nNajbolja upotreba\n<\/h2><div class=\"bde-fancy-divider-259-118 bde-fancy-divider\">\n\n\n<div class=\"bde-fancy-divider__wrapper\">\n  <div class=\"bde-fancy-divider__separator\">\n  \t  <\/div>\n<\/div>\n\n<\/div><div class=\"bde-text-259-119 bde-text\">\nSamo kratkovalno infracrveno svjetlo prodire u atmosferu bez zagrijavanja. Potonja se pretvara u toplinu kada se sudari s tvari gu\u0161\u0107om od zraka ili u tijelo. Zbog toga ne zagrijava atmosferu i nema gubitaka.<br><br><strong>VA\u017dNO!<\/strong><br>Nije svaka infracrvena grijalica kratkovalna grijalica!\n<\/div><div class=\"bde-button-259-137 bde-button\">\n        \n    \n    \n    \n    \n            \n                    \n            \n            \n\n    \n    \n    \n    \n    \n    <a class=\"breakdance-link button-atom button-atom--primary bde-button__button\" href=\"https:\/\/jacob.si\/hr\/kategorija-proizvoda\/grelne-mize\/\" target=\"_self\" data-type=\"url\"  >\n\n    \n        <span class=\"button-atom__text\">Odaberite &amp; Naru\u010dite<\/span>\n\n        \n        \n                <\/a>\n\n    \n\n\n<\/div>\n<\/div><\/div><\/div>\n<\/section><section class=\"bde-section-259-140 bde-section\">\n  \n  \n\t\n\n\n\n<div class=\"section-container\"><div class=\"bde-columns-259-141 bde-columns\"><div class=\"bde-column-259-142 bde-column\">\n  \n  \n\t\n\n\n\n<h2 class=\"bde-heading-259-143 bde-heading\">\nNiski tro\u0161kovi\n<\/h2><div class=\"bde-fancy-divider-259-144 bde-fancy-divider\">\n\n\n<div class=\"bde-fancy-divider__wrapper\">\n  <div class=\"bde-fancy-divider__separator\">\n  \t  <\/div>\n<\/div>\n\n<\/div><div class=\"bde-text-259-145 bde-text\">\nKratkovalni infracrveni grija\u0107i elementi osiguravaju u\u010dinkovitost 92%. Zbog jedinstvenog bi-full dizajna, posti\u017eu istu u\u010dinkovitost kao i konvencionalni grija\u010di od 1500 W, ali tro\u0161e samo 550 W. Na\u0161i su grija\u010di jeftiniji za kori\u0161tenje i imaju za tre\u0107inu manje emisije CO2.\n<\/div><div class=\"bde-button-259-146 bde-button\">\n        \n    \n    \n    \n    \n            \n                    \n            \n            \n\n    \n    \n    \n    \n    \n    <a class=\"breakdance-link button-atom button-atom--primary bde-button__button\" href=\"https:\/\/jacob.si\/hr\/kategorija-proizvoda\/grelne-mize\/\" target=\"_self\" data-type=\"url\"  >\n\n    \n        <span class=\"button-atom__text\">Odaberite &amp; Naru\u010dite<\/span>\n\n        \n        \n                <\/a>\n\n    \n\n\n<\/div>\n<\/div><div class=\"bde-column-259-147 bde-column\">\n  \n  \n\t\n\n\n\n<div class=\"bde-image-259-148 bde-image\">\n<figure class=\"breakdance-image breakdance-image--563\">\n\t<div class=\"breakdance-image-container\">\n\t\t<div class=\"breakdance-image-clip\"><img loading=\"lazy\" decoding=\"async\" class=\"breakdance-image-object\" src=\"https:\/\/jacob.si\/wp-content\/uploads\/2024\/08\/varcevanje_11.webp\" width=\"1000\" height=\"1000\" srcset=\"https:\/\/jacob.si\/wp-content\/uploads\/2024\/08\/varcevanje_11.webp 1000w, https:\/\/jacob.si\/wp-content\/uploads\/2024\/08\/varcevanje_11-300x300.webp 300w, https:\/\/jacob.si\/wp-content\/uploads\/2024\/08\/varcevanje_11-150x150.webp 150w, https:\/\/jacob.si\/wp-content\/uploads\/2024\/08\/varcevanje_11-768x768.webp 768w, https:\/\/jacob.si\/wp-content\/uploads\/2024\/08\/varcevanje_11-600x600.webp 600w, https:\/\/jacob.si\/wp-content\/uploads\/2024\/08\/varcevanje_11-100x100.webp 100w\" sizes=\"auto, (max-width: 1000px) 100vw, 1000px\"><\/div>\n\t<\/div><\/figure>\n\n<\/div><div class=\"bde-button-259-169 bde-button\">\n        \n    \n    \n    \n    \n            \n                    \n            \n            \n\n    \n    \n    \n    \n    \n    <a class=\"breakdance-link button-atom button-atom--primary bde-button__button\" href=\"https:\/\/jacob.si\/hr\/kategorija-proizvoda\/grelne-mize\/\" target=\"_self\" data-type=\"url\"  >\n\n    \n        <span class=\"button-atom__text\">Odaberite &amp; Naru\u010dite<\/span>\n\n        \n        \n                <\/a>\n\n    \n\n\n<\/div>\n<\/div><\/div><\/div>\n<\/section><section class=\"bde-section-259-149 bde-section\">\n  \n  \n\t\n\n\n\n<div class=\"section-container\"><div class=\"bde-columns-259-150 bde-columns\"><div class=\"bde-column-259-151 bde-column\">\n  \n  \n\t\n\n\n\n<div class=\"bde-image-259-127 bde-image\">\n<figure class=\"breakdance-image breakdance-image--405\">\n\t<div class=\"breakdance-image-container\">\n\t\t<div class=\"breakdance-image-clip\"><img loading=\"lazy\" decoding=\"async\" class=\"breakdance-image-object\" src=\"https:\/\/jacob.si\/wp-content\/uploads\/2024\/07\/grelne_mize_11.webp\" width=\"1000\" height=\"1000\" srcset=\"https:\/\/jacob.si\/wp-content\/uploads\/2024\/07\/grelne_mize_11.webp 1000w, https:\/\/jacob.si\/wp-content\/uploads\/2024\/07\/grelne_mize_11-300x300.webp 300w, https:\/\/jacob.si\/wp-content\/uploads\/2024\/07\/grelne_mize_11-150x150.webp 150w, https:\/\/jacob.si\/wp-content\/uploads\/2024\/07\/grelne_mize_11-768x768.webp 768w, https:\/\/jacob.si\/wp-content\/uploads\/2024\/07\/grelne_mize_11-600x600.webp 600w, https:\/\/jacob.si\/wp-content\/uploads\/2024\/07\/grelne_mize_11-100x100.webp 100w\" sizes=\"auto, (max-width: 1000px) 100vw, 1000px\"><\/div>\n\t<\/div><\/figure>\n\n<\/div><div class=\"bde-button-259-170 bde-button\">\n        \n    \n    \n    \n    \n            \n                    \n            \n            \n\n    \n    \n    \n    \n    \n    <a class=\"breakdance-link button-atom button-atom--primary bde-button__button\" href=\"https:\/\/jacob.si\/hr\/kategorija-proizvoda\/grelne-mize\/\" target=\"_self\" data-type=\"url\"  >\n\n    \n        <span class=\"button-atom__text\">Odaberite &amp; Naru\u010dite<\/span>\n\n        \n        \n                <\/a>\n\n    \n\n\n<\/div>\n<\/div><div class=\"bde-column-259-153 bde-column\">\n  \n  \n\t\n\n\n\n<h2 class=\"bde-heading-259-154 bde-heading\">\n100% Sigurnost\n<\/h2><div class=\"bde-fancy-divider-259-155 bde-fancy-divider\">\n\n\n<div class=\"bde-fancy-divider__wrapper\">\n  <div class=\"bde-fancy-divider__separator\">\n  \t  <\/div>\n<\/div>\n\n<\/div><div class=\"bde-text-259-156 bde-text\">\nNa\u0161i grija\u0107i stolovi imaju funkciju &quot;SAFE TOUCH&quot; pa se smatraju najsigurnijim vanjskim grija\u010dima na svijetu! Jedinstvena patentirana tehnologija &quot;SAFE TOUCH&quot; omogu\u0107uje dodir grija\u010da bilo gdje i bilo kada. \n<\/div><div class=\"bde-button-259-157 bde-button\">\n        \n    \n    \n    \n    \n            \n                    \n            \n            \n\n    \n    \n    \n    \n    \n    <a class=\"breakdance-link button-atom button-atom--primary bde-button__button\" href=\"https:\/\/jacob.si\/hr\/kategorija-proizvoda\/grelne-mize\/\" target=\"_self\" data-type=\"url\"  >\n\n    \n        <span class=\"button-atom__text\">Odaberite &amp; Naru\u010dite<\/span>\n\n        \n        \n                <\/a>\n\n    \n\n\n<\/div>\n<\/div><\/div><\/div>\n<\/section><section class=\"bde-section-259-120 bde-section\">\n  \n  \n\t\n\n\n\n<div class=\"section-container\"><div class=\"bde-columns-259-121 bde-columns\"><div class=\"bde-column-259-122 bde-column\">\n  \n  \n\t\n\n\n\n<h2 class=\"bde-heading-259-123 bde-heading\">\nEkolo\u0161ki prihvatljiv\n<\/h2><div class=\"bde-fancy-divider-259-124 bde-fancy-divider\">\n\n\n<div class=\"bde-fancy-divider__wrapper\">\n  <div class=\"bde-fancy-divider__separator\">\n  \t  <\/div>\n<\/div>\n\n<\/div><div class=\"bde-text-259-125 bde-text\">\nNudimo ekolo\u0161ki najprihvatljivije grija\u010de za vanjsko grijanje na tr\u017ei\u0161tu. S ovim proizvodima osiguravamo po\u0161tovanje prema okoli\u0161u, budu\u0107i da omogu\u0107uju 89% u\u0161tedu CO2 u usporedbi s tradicionalnim plinskim grija\u010dima.<br><br><strong>Postoji samo jedno okru\u017eenje \u2013 \u010duvajmo ga.<\/strong>\n<\/div><div class=\"bde-button-259-138 bde-button\">\n        \n    \n    \n    \n    \n            \n                    \n            \n            \n\n    \n    \n    \n    \n    \n    <a class=\"breakdance-link button-atom button-atom--primary bde-button__button\" href=\"https:\/\/jacob.si\/hr\/kategorija-proizvoda\/grelne-mize\/\" target=\"_self\" data-type=\"url\"  >\n\n    \n        <span class=\"button-atom__text\">Odaberite &amp; Naru\u010dite<\/span>\n\n        \n        \n                <\/a>\n\n    \n\n\n<\/div>\n<\/div><div class=\"bde-column-259-126 bde-column\">\n  \n  \n\t\n\n\n\n<div class=\"bde-image-259-152 bde-image\">\n<figure class=\"breakdance-image breakdance-image--565\">\n\t<div class=\"breakdance-image-container\">\n\t\t<div class=\"breakdance-image-clip\"><img loading=\"lazy\" decoding=\"async\" class=\"breakdance-image-object\" src=\"https:\/\/jacob.si\/wp-content\/uploads\/2024\/08\/okolju_prijazno_11.webp\" width=\"1000\" height=\"1000\" srcset=\"https:\/\/jacob.si\/wp-content\/uploads\/2024\/08\/okolju_prijazno_11.webp 1000w, https:\/\/jacob.si\/wp-content\/uploads\/2024\/08\/okolju_prijazno_11-300x300.webp 300w, https:\/\/jacob.si\/wp-content\/uploads\/2024\/08\/okolju_prijazno_11-150x150.webp 150w, https:\/\/jacob.si\/wp-content\/uploads\/2024\/08\/okolju_prijazno_11-768x768.webp 768w, https:\/\/jacob.si\/wp-content\/uploads\/2024\/08\/okolju_prijazno_11-600x600.webp 600w, https:\/\/jacob.si\/wp-content\/uploads\/2024\/08\/okolju_prijazno_11-100x100.webp 100w\" sizes=\"auto, (max-width: 1000px) 100vw, 1000px\"><\/div>\n\t<\/div><\/figure>\n\n<\/div><div class=\"bde-button-259-171 bde-button\">\n        \n    \n    \n    \n    \n            \n                    \n            \n            \n\n    \n    \n    \n    \n    \n    <a class=\"breakdance-link button-atom button-atom--primary bde-button__button\" href=\"https:\/\/jacob.si\/hr\/kategorija-proizvoda\/grelne-mize\/\" target=\"_self\" data-type=\"url\"  >\n\n    \n        <span class=\"button-atom__text\">Odaberite &amp; Naru\u010dite<\/span>\n\n        \n        \n                <\/a>\n\n    \n\n\n<\/div>\n<\/div><\/div><\/div>\n<\/section><section class=\"bde-section-259-128 bde-section\">\n  \n  \n\t\n\n\n\n<div class=\"section-container\"><div class=\"bde-columns-259-129 bde-columns\"><div class=\"bde-column-259-130 bde-column\">\n  \n  \n\t\n\n\n\n<h5 class=\"bde-heading-259-164 bde-heading\">\nPrednosti\n<\/h5><ul class=\"bde-basic-list-259-161 bde-basic-list\">\n  <li  >    \n          toplina se mo\u017ee usmjeriti u bilo kojem \u017eeljenom smjeru\n      <\/li>\n  <li  >    \n          niske cijene \/ bez odr\u017eavanja\n      <\/li>\n  <li  >    \n          nema emisija i nema potro\u0161nje kisika\n      <\/li>\n  <li  >    \n          bez one\u010di\u0161\u0107enja od pokretnog zraka ili pra\u0161ine\n      <\/li>\n  <li  >    \n          mo\u017eemo grijati samo djelomi\u010dne povr\u0161ine \/ gdje \u017eelimo\n      <\/li>\n  <li  >    \n          na \u017eivotni vijek grija\u0107eg elementa ne utje\u010de stalno uklju\u010divanje i isklju\u010divanje\n      <\/li>\n  <li  >    \n          trenuta\u010dni u\u010dinak bez predgrijavanja - 90 % topline dostupno je u 1 sekundi\n      <\/li>\n  <li  >    \n          najbolja u\u010dinkovitost jer se 92% energije pretvara u zra\u010denje\n      <\/li>\n<\/ul><h5 class=\"bde-heading-259-165 bde-heading\">\nSvrha\n<\/h5><ul class=\"bde-basic-list-259-131 bde-basic-list\">\n  <li  >    \n          za sjedenje na balkonima, terasama, vrtovima\n      <\/li>\n  <li  >    \n          za provo\u0111enje slobodnog vremena u kampovima, izletima, na brodovima\n      <\/li>\n  <li  >    \n          za ugodnu atmosferu u restoranima, barovima, hotelima\n      <\/li>\n  <li  >    \n          za produljenje sezone ljetnih kuhinja\n      <\/li>\n  <li  >    \n          za vjen\u010danja, zabave ili proslave na otvorenom\n      <\/li>\n  <li  >    \n          za mnogo vi\u0161e\u2026\n      <\/li>\n<\/ul>\n<\/div><div class=\"bde-column-259-132 bde-column\">\n  \n  \n\t\n\n\n\n<h5 class=\"bde-heading-259-166 bde-heading\">\nZa\u0161to JACOB DOO?\n<\/h5><div class=\"bde-text-259-162 bde-text\">\nVi\u0161e od 20 godina iskustva omogu\u0107uje nam da u prodajni program uvrstimo samo najkvalitetnije proizvode na tr\u017ei\u0161tu tako da mo\u017eete birati samo prema svojim potrebama.<br><br>Kao vode\u0107i pru\u017eatelj usluga na tr\u017ei\u0161tu nudimo pouzdana i u\u010dinkovita rje\u0161enja potpomognuta na\u0161om stru\u010dno\u0161\u0107u. Kome \u0107e\u0161 vjerovati?\n<\/div><h5 class=\"bde-heading-259-133 bde-heading\">\nAgencija, prodaja i servis:\n<\/h5><div class=\"bde-text-259-134 bde-text\">\nJACOB D.O.O.<br>Ihanska cesta 3<br>SI-1230 Dom\u017eale<br>M: +386 (0)31 878 848<br>T: +386 (0)1 721 23 23<br>E-mail: prodaja@jacob.si\n<\/div>\n<\/div><\/div><\/div>\n<\/section>","protected":false},"excerpt":{"rendered":"<p>Odr\u017eite svoj godi\u0161nji promet u jesen i zimu s najprodavanijim grijanim stolovima na tr\u017ei\u0161tu. Otkrijte grijane stolove vode\u0107eg proizvo\u0111a\u010da u ovom podru\u010dju, koji jam\u010de najvi\u0161u u\u010dinkovitost i kvalitetu. Odaberite i naru\u010dite Vjerujte najve\u0107em dobavlja\u010du sustava za grijanje terasa u Sloveniji! Kako to funkcionira? Bezopasno infracrveno svjetlo koristi se za pove\u0107anje vibracija u na\u0161im stanicama, koje zatim [\u2026]<\/p>","protected":false},"author":1,"featured_media":0,"parent":0,"menu_order":0,"comment_status":"closed","ping_status":"closed","template":"","meta":{"inline_featured_image":false,"_breakdance_hide_in_design_set":false,"_breakdance_tags":"","footnotes":""},"class_list":["post-259","page","type-page","status-publish","hentry"],"jetpack_sharing_enabled":true,"_links":{"self":[{"href":"https:\/\/jacob.si\/hr\/wp-json\/wp\/v2\/pages\/259","targetHints":{"allow":["GET"]}}],"collection":[{"href":"https:\/\/jacob.si\/hr\/wp-json\/wp\/v2\/pages"}],"about":[{"href":"https:\/\/jacob.si\/hr\/wp-json\/wp\/v2\/types\/page"}],"author":[{"embeddable":true,"href":"https:\/\/jacob.si\/hr\/wp-json\/wp\/v2\/users\/1"}],"replies":[{"embeddable":true,"href":"https:\/\/jacob.si\/hr\/wp-json\/wp\/v2\/comments?post=259"}],"version-history":[{"count":0,"href":"https:\/\/jacob.si\/hr\/wp-json\/wp\/v2\/pages\/259\/revisions"}],"wp:attachment":[{"href":"https:\/\/jacob.si\/hr\/wp-json\/wp\/v2\/media?parent=259"}],"curies":[{"name":"radni list","href":"https:\/\/api.w.org\/{rel}","templated":true}]}}