{"id":235,"date":"2024-07-18T04:56:45","date_gmt":"2024-07-18T04:56:45","guid":{"rendered":"https:\/\/jacob.si\/?page_id=235"},"modified":"2024-08-23T04:26:43","modified_gmt":"2024-08-23T04:26:43","slug":"hlajenje-vlazenje","status":"publish","type":"page","link":"https:\/\/jacob.si\/hr\/hlajenje-vlazenje\/","title":{"rendered":"Hla\u0111enje i ovla\u017eivanje"},"content":{"rendered":"<section class=\"bde-section-235-100 bde-section\">\n              \n  \n  \n\t\n\n  <div class=\"section-background-overlay\"><\/div>\n\n\n<div class=\"section-container\"><h1 class=\"bde-heading-235-139 bde-heading\">\nHla\u0111enje terasa, odr\u017eavanje svje\u017eih proizvoda,<br>osiguravanje vla\u017enosti u radnom okru\u017eenju.\n<\/h1><div class=\"bde-text-235-140 bde-text\">\nProfesionalni proizvodi za stvaranje vodene magle pru\u017eaju vam sve to.\n<\/div><div class=\"bde-image-235-172 bde-image\">\n<figure class=\"breakdance-image breakdance-image--24\">\n\t<div class=\"breakdance-image-container\">\n\t\t<div class=\"breakdance-image-clip\"><img loading=\"lazy\" decoding=\"async\" class=\"breakdance-image-object\" src=\"https:\/\/jacob.si\/wp-content\/uploads\/2022\/12\/Jacob_Idrobase_Logo.svg\" width=\"300\" height=\"300\" sizes=\"auto, (max-width: 300px) 100vw, 300px\"><\/div>\n\t<\/div><\/figure>\n\n<\/div><div class=\"bde-image-235-179 bde-image\">\n<figure class=\"breakdance-image breakdance-image--24\">\n\t<div class=\"breakdance-image-container\">\n\t\t<div class=\"breakdance-image-clip\"><img loading=\"lazy\" decoding=\"async\" class=\"breakdance-image-object\" src=\"https:\/\/jacob.si\/wp-content\/uploads\/2022\/12\/Jacob_Idrobase_Logo.svg\" width=\"150\" height=\"150\" sizes=\"auto, (max-width: 150px) 100vw, 150px\"><\/div>\n\t<\/div><\/figure>\n\n<\/div><div class=\"bde-button-235-141 bde-button\">\n        \n    \n    \n    \n    \n            \n                    \n            \n            \n\n    \n    \n    \n    \n    \n    <a class=\"breakdance-link button-atom button-atom--primary bde-button__button\" href=\"https:\/\/jacob.si\/hr\/kategorija-proizvoda\/hlajenje-vlazenje\/\" target=\"_self\" data-type=\"url\"  >\n\n    \n        <span class=\"button-atom__text\">Odaberite &amp; Naru\u010dite<\/span>\n\n        \n        \n                <\/a>\n\n    \n\n\n<\/div><div class=\"bde-text-235-178 bde-text\">\nPovjerite najve\u0107em proizvo\u0111a\u010du sustava za hla\u0111enje i ovla\u017eivanje zraka na svijetu!\n<\/div><\/div>\n<\/section><section class=\"bde-section-235-101 bde-section\">\n  \n  \n\t\n\n\n\n<div class=\"section-container\"><div class=\"bde-columns-235-102 bde-columns\"><div class=\"bde-column-235-103 bde-column\">\n  \n  \n\t\n\n\n\n<h2 class=\"bde-heading-235-105 bde-heading\">\nkako radi\n<\/h2><div class=\"bde-fancy-divider-235-143 bde-fancy-divider\">\n\n\n<div class=\"bde-fancy-divider__wrapper\">\n  <div class=\"bde-fancy-divider__separator\">\n  \t  <\/div>\n<\/div>\n\n<\/div><div class=\"bde-text-235-106 bde-text\">\nVoda treba mnogo energije ili topline da promijeni svoje agregatno stanje iz teku\u0107eg u plinovito. Tijekom prijelaza iz teku\u0107eg u plinovito stanje, voda apsorbira toplinu iz svoje okoline, \u0161to zauzvrat hladi okolnu atmosferu.\n<\/div><div class=\"bde-button-235-146 bde-button\">\n        \n    \n    \n    \n    \n            \n                    \n            \n            \n\n    \n    \n    \n    \n    \n    <a class=\"breakdance-link button-atom button-atom--primary bde-button__button\" href=\"https:\/\/jacob.si\/hr\/kategorija-proizvoda\/hlajenje-vlazenje\/\" target=\"_self\" data-type=\"url\"  >\n\n    \n        <span class=\"button-atom__text\">Odaberite &amp; Naru\u010dite<\/span>\n\n        \n        \n                <\/a>\n\n    \n\n\n<\/div>\n<\/div><div class=\"bde-column-235-104 bde-column\">\n  \n  \n\t\n\n\n\n<div class=\"bde-image-235-107 bde-image\">\n<figure class=\"breakdance-image breakdance-image--432\">\n\t<div class=\"breakdance-image-container\">\n\t\t<div class=\"breakdance-image-clip\"><img loading=\"lazy\" decoding=\"async\" class=\"breakdance-image-object\" src=\"https:\/\/jacob.si\/wp-content\/uploads\/2024\/07\/hlajenje_vlazenje_12.webp\" width=\"1000\" height=\"1000\" srcset=\"https:\/\/jacob.si\/wp-content\/uploads\/2024\/07\/hlajenje_vlazenje_12.webp 1000w, https:\/\/jacob.si\/wp-content\/uploads\/2024\/07\/hlajenje_vlazenje_12-300x300.webp 300w, https:\/\/jacob.si\/wp-content\/uploads\/2024\/07\/hlajenje_vlazenje_12-150x150.webp 150w, https:\/\/jacob.si\/wp-content\/uploads\/2024\/07\/hlajenje_vlazenje_12-768x768.webp 768w, https:\/\/jacob.si\/wp-content\/uploads\/2024\/07\/hlajenje_vlazenje_12-600x600.webp 600w, https:\/\/jacob.si\/wp-content\/uploads\/2024\/07\/hlajenje_vlazenje_12-100x100.webp 100w\" sizes=\"auto, (max-width: 1000px) 100vw, 1000px\"><\/div>\n\t<\/div><\/figure>\n\n<\/div><div class=\"bde-button-235-173 bde-button\">\n        \n    \n    \n    \n    \n            \n                    \n            \n            \n\n    \n    \n    \n    \n    \n    <a class=\"breakdance-link button-atom button-atom--primary bde-button__button\" href=\"https:\/\/jacob.si\/hr\/kategorija-proizvoda\/hlajenje-vlazenje\/\" target=\"_self\" data-type=\"url\"  >\n\n    \n        <span class=\"button-atom__text\">Odaberite &amp; Naru\u010dite<\/span>\n\n        \n        \n                <\/a>\n\n    \n\n\n<\/div>\n<\/div><\/div><\/div>\n<\/section><section class=\"bde-section-235-108 bde-section\">\n  \n  \n\t\n\n\n\n<div class=\"section-container\"><div class=\"bde-columns-235-109 bde-columns\"><div class=\"bde-column-235-110 bde-column\">\n  \n  \n\t\n\n\n\n<div class=\"bde-image-235-114 bde-image\">\n<figure class=\"breakdance-image breakdance-image--623\">\n\t<div class=\"breakdance-image-container\">\n\t\t<div class=\"breakdance-image-clip\"><img loading=\"lazy\" decoding=\"async\" class=\"breakdance-image-object\" src=\"https:\/\/jacob.si\/wp-content\/uploads\/2024\/08\/hlajenje_vlazenje_18.webp\" width=\"1000\" height=\"1000\" srcset=\"https:\/\/jacob.si\/wp-content\/uploads\/2024\/08\/hlajenje_vlazenje_18.webp 1000w, https:\/\/jacob.si\/wp-content\/uploads\/2024\/08\/hlajenje_vlazenje_18-300x300.webp 300w, https:\/\/jacob.si\/wp-content\/uploads\/2024\/08\/hlajenje_vlazenje_18-150x150.webp 150w, https:\/\/jacob.si\/wp-content\/uploads\/2024\/08\/hlajenje_vlazenje_18-768x768.webp 768w, https:\/\/jacob.si\/wp-content\/uploads\/2024\/08\/hlajenje_vlazenje_18-600x600.webp 600w, https:\/\/jacob.si\/wp-content\/uploads\/2024\/08\/hlajenje_vlazenje_18-100x100.webp 100w\" sizes=\"auto, (max-width: 1000px) 100vw, 1000px\"><\/div>\n\t<\/div><\/figure>\n\n<\/div><div class=\"bde-button-235-174 bde-button\">\n        \n    \n    \n    \n    \n            \n                    \n            \n            \n\n    \n    \n    \n    \n    \n    <a class=\"breakdance-link button-atom button-atom--primary bde-button__button\" href=\"https:\/\/jacob.si\/hr\/kategorija-proizvoda\/hlajenje-vlazenje\/\" target=\"_self\" data-type=\"url\"  >\n\n    \n        <span class=\"button-atom__text\">Odaberite &amp; Naru\u010dite<\/span>\n\n        \n        \n                <\/a>\n\n    \n\n\n<\/div>\n<\/div><div class=\"bde-column-235-113 bde-column\">\n  \n  \n\t\n\n\n\n<h2 class=\"bde-heading-235-111 bde-heading\">\nMAKSIMALNA KORIST\n<\/h2><div class=\"bde-fancy-divider-235-144 bde-fancy-divider\">\n\n\n<div class=\"bde-fancy-divider__wrapper\">\n  <div class=\"bde-fancy-divider__separator\">\n  \t  <\/div>\n<\/div>\n\n<\/div><div class=\"bde-text-235-112 bde-text\">\nKako bi voda iz teku\u0107eg agregatnog stanja pre\u0161la u plinovito i \u0161to br\u017ee, potrebno je vodu komprimirati pod visokim tlakom kako bi se \u0161to vi\u0161e raspr\u0161ila pri prolasku kroz mikromlaznice, prakti\u010dki na molekularnoj razini. Ovako dobivena vodena magla omogu\u0107uje vrlo brz prijelaz agregatnog stanja i posljedi\u010dno u\u010dinkovito hla\u0111enje okoline.<br><br><strong>VA\u017dNO!<\/strong><br>Minimalni tlak za u\u010dinkovitu vodenu maglu je 60 bara!\n<\/div><div class=\"bde-button-235-147 bde-button\">\n        \n    \n    \n    \n    \n            \n                    \n            \n            \n\n    \n    \n    \n    \n    \n    <a class=\"breakdance-link button-atom button-atom--primary bde-button__button\" href=\"https:\/\/jacob.si\/hr\/kategorija-proizvoda\/hlajenje-vlazenje\/\" target=\"_self\" data-type=\"url\"  >\n\n    \n        <span class=\"button-atom__text\">Odaberite &amp; Naru\u010dite<\/span>\n\n        \n        \n                <\/a>\n\n    \n\n\n<\/div>\n<\/div><\/div><\/div>\n<\/section><section class=\"bde-section-235-115 bde-section\">\n  \n  \n\t\n\n\n\n<div class=\"section-container\"><div class=\"bde-columns-235-116 bde-columns\"><div class=\"bde-column-235-117 bde-column\">\n  \n  \n\t\n\n\n\n<h2 class=\"bde-heading-235-118 bde-heading\">\nNiski tro\u0161kovi\n<\/h2><div class=\"bde-fancy-divider-235-145 bde-fancy-divider\">\n\n\n<div class=\"bde-fancy-divider__wrapper\">\n  <div class=\"bde-fancy-divider__separator\">\n  \t  <\/div>\n<\/div>\n\n<\/div><div class=\"bde-text-235-119 bde-text\">\nNa temelju dugogodi\u0161njeg razvoja i iskustva stvoreni su u\u010dinkoviti i robusno projektirani sustavi hla\u0111enja i ovla\u017eivanja vodenom maglom, koji zbog kompresije vode i posljedi\u010dnog brzog prijelaza samo iste u plinovito agregatno stanje, nude maksimalnu u\u010dinkovitost i u\u0161tedu u potro\u0161nji energije i vode.\n<\/div><div class=\"bde-button-235-148 bde-button\">\n        \n    \n    \n    \n    \n            \n                    \n            \n            \n\n    \n    \n    \n    \n    \n    <a class=\"breakdance-link button-atom button-atom--primary bde-button__button\" href=\"https:\/\/jacob.si\/hr\/kategorija-proizvoda\/hlajenje-vlazenje\/\" target=\"_self\" data-type=\"url\"  >\n\n    \n        <span class=\"button-atom__text\">Odaberite &amp; Naru\u010dite<\/span>\n\n        \n        \n                <\/a>\n\n    \n\n\n<\/div>\n<\/div><div class=\"bde-column-235-120 bde-column\">\n  \n  \n\t\n\n\n\n<div class=\"bde-image-235-121 bde-image\">\n<figure class=\"breakdance-image breakdance-image--563\">\n\t<div class=\"breakdance-image-container\">\n\t\t<div class=\"breakdance-image-clip\"><img loading=\"lazy\" decoding=\"async\" class=\"breakdance-image-object\" src=\"https:\/\/jacob.si\/wp-content\/uploads\/2024\/08\/varcevanje_11.webp\" width=\"1000\" height=\"1000\" srcset=\"https:\/\/jacob.si\/wp-content\/uploads\/2024\/08\/varcevanje_11.webp 1000w, https:\/\/jacob.si\/wp-content\/uploads\/2024\/08\/varcevanje_11-300x300.webp 300w, https:\/\/jacob.si\/wp-content\/uploads\/2024\/08\/varcevanje_11-150x150.webp 150w, https:\/\/jacob.si\/wp-content\/uploads\/2024\/08\/varcevanje_11-768x768.webp 768w, https:\/\/jacob.si\/wp-content\/uploads\/2024\/08\/varcevanje_11-600x600.webp 600w, https:\/\/jacob.si\/wp-content\/uploads\/2024\/08\/varcevanje_11-100x100.webp 100w\" sizes=\"auto, (max-width: 1000px) 100vw, 1000px\"><\/div>\n\t<\/div><\/figure>\n\n<\/div><div class=\"bde-button-235-175 bde-button\">\n        \n    \n    \n    \n    \n            \n                    \n            \n            \n\n    \n    \n    \n    \n    \n    <a class=\"breakdance-link button-atom button-atom--primary bde-button__button\" href=\"https:\/\/jacob.si\/hr\/kategorija-proizvoda\/hlajenje-vlazenje\/\" target=\"_self\" data-type=\"url\"  >\n\n    \n        <span class=\"button-atom__text\">Odaberite &amp; Naru\u010dite<\/span>\n\n        \n        \n                <\/a>\n\n    \n\n\n<\/div>\n<\/div><\/div><\/div>\n<\/section><section class=\"bde-section-235-154 bde-section\">\n  \n  \n\t\n\n\n\n<div class=\"section-container\"><div class=\"bde-columns-235-155 bde-columns\"><div class=\"bde-column-235-156 bde-column\">\n  \n  \n\t\n\n\n\n<div class=\"bde-image-235-157 bde-image\">\n<figure class=\"breakdance-image breakdance-image--615\">\n\t<div class=\"breakdance-image-container\">\n\t\t<div class=\"breakdance-image-clip\"><img loading=\"lazy\" decoding=\"async\" class=\"breakdance-image-object\" src=\"https:\/\/jacob.si\/wp-content\/uploads\/2024\/08\/hlajenje_vlazenje_14.webp\" width=\"1000\" height=\"1000\" srcset=\"https:\/\/jacob.si\/wp-content\/uploads\/2024\/08\/hlajenje_vlazenje_14.webp 1000w, https:\/\/jacob.si\/wp-content\/uploads\/2024\/08\/hlajenje_vlazenje_14-300x300.webp 300w, https:\/\/jacob.si\/wp-content\/uploads\/2024\/08\/hlajenje_vlazenje_14-150x150.webp 150w, https:\/\/jacob.si\/wp-content\/uploads\/2024\/08\/hlajenje_vlazenje_14-768x768.webp 768w, https:\/\/jacob.si\/wp-content\/uploads\/2024\/08\/hlajenje_vlazenje_14-600x600.webp 600w, https:\/\/jacob.si\/wp-content\/uploads\/2024\/08\/hlajenje_vlazenje_14-100x100.webp 100w\" sizes=\"auto, (max-width: 1000px) 100vw, 1000px\"><\/div>\n\t<\/div><\/figure>\n\n<\/div><div class=\"bde-button-235-176 bde-button\">\n        \n    \n    \n    \n    \n            \n                    \n            \n            \n\n    \n    \n    \n    \n    \n    <a class=\"breakdance-link button-atom button-atom--primary bde-button__button\" href=\"https:\/\/jacob.si\/hr\/kategorija-proizvoda\/hlajenje-vlazenje\/\" target=\"_self\" data-type=\"url\"  >\n\n    \n        <span class=\"button-atom__text\">Odaberite &amp; Naru\u010dite<\/span>\n\n        \n        \n                <\/a>\n\n    \n\n\n<\/div>\n<\/div><div class=\"bde-column-235-158 bde-column\">\n  \n  \n\t\n\n\n\n<h2 class=\"bde-heading-235-159 bde-heading\">\nMur\u010des &amp; Smrad\n<\/h2><div class=\"bde-fancy-divider-235-160 bde-fancy-divider\">\n\n\n<div class=\"bde-fancy-divider__wrapper\">\n  <div class=\"bde-fancy-divider__separator\">\n  \t  <\/div>\n<\/div>\n\n<\/div><div class=\"bde-text-235-161 bde-text\">\nOsim hla\u0111enja i vla\u017eenja, veliki doprinos vodene magle je i odbijanje strvine i smrada. Potonje se mo\u017ee dodatno oja\u010dati dozatorima parfema s vodenom maglicom.\n<\/div><div class=\"bde-button-235-162 bde-button\">\n        \n    \n    \n    \n    \n            \n                    \n            \n            \n\n    \n    \n    \n    \n    \n    <a class=\"breakdance-link button-atom button-atom--primary bde-button__button\" href=\"https:\/\/jacob.si\/hr\/kategorija-proizvoda\/hlajenje-vlazenje\/\" target=\"_self\" data-type=\"url\"  >\n\n    \n        <span class=\"button-atom__text\">Odaberite &amp; Naru\u010dite<\/span>\n\n        \n        \n                <\/a>\n\n    \n\n\n<\/div>\n<\/div><\/div><\/div>\n<\/section><section class=\"bde-section-235-163 bde-section\">\n  \n  \n\t\n\n\n\n<div class=\"section-container\"><div class=\"bde-columns-235-164 bde-columns\"><div class=\"bde-column-235-165 bde-column\">\n  \n  \n\t\n\n\n\n<h2 class=\"bde-heading-235-166 bde-heading\">\nEkolo\u0161ki prihvatljiv\n<\/h2><div class=\"bde-fancy-divider-235-167 bde-fancy-divider\">\n\n\n<div class=\"bde-fancy-divider__wrapper\">\n  <div class=\"bde-fancy-divider__separator\">\n  \t  <\/div>\n<\/div>\n\n<\/div><div class=\"bde-text-235-168 bde-text\">\nNudimo ekolo\u0161ki najprihvatljivije sustave za stvaranje vodene magle. Ovim proizvodima osiguravamo brigu o okoli\u0161u jer zbog svoje u\u010dinkovitosti omogu\u0107uju veliku u\u0161tedu CO2 u odnosu na sustave pod niskim tlakom ili klasi\u010dne klimatizacijske sustave koji imaju velike gubitke na otvorenom.<br><br><strong>Postoji samo jedno okru\u017eenje \u2013 \u010duvajmo ga.<\/strong>\n<\/div><div class=\"bde-button-235-169 bde-button\">\n        \n    \n    \n    \n    \n            \n                    \n            \n            \n\n    \n    \n    \n    \n    \n    <a class=\"breakdance-link button-atom button-atom--primary bde-button__button\" href=\"https:\/\/jacob.si\/hr\/kategorija-proizvoda\/hlajenje-vlazenje\/\" target=\"_self\" data-type=\"url\"  >\n\n    \n        <span class=\"button-atom__text\">Odaberite &amp; Naru\u010dite<\/span>\n\n        \n        \n                <\/a>\n\n    \n\n\n<\/div>\n<\/div><div class=\"bde-column-235-170 bde-column\">\n  \n  \n\t\n\n\n\n<div class=\"bde-image-235-171 bde-image\">\n<figure class=\"breakdance-image breakdance-image--565\">\n\t<div class=\"breakdance-image-container\">\n\t\t<div class=\"breakdance-image-clip\"><img loading=\"lazy\" decoding=\"async\" class=\"breakdance-image-object\" src=\"https:\/\/jacob.si\/wp-content\/uploads\/2024\/08\/okolju_prijazno_11.webp\" width=\"1000\" height=\"1000\" srcset=\"https:\/\/jacob.si\/wp-content\/uploads\/2024\/08\/okolju_prijazno_11.webp 1000w, https:\/\/jacob.si\/wp-content\/uploads\/2024\/08\/okolju_prijazno_11-300x300.webp 300w, https:\/\/jacob.si\/wp-content\/uploads\/2024\/08\/okolju_prijazno_11-150x150.webp 150w, https:\/\/jacob.si\/wp-content\/uploads\/2024\/08\/okolju_prijazno_11-768x768.webp 768w, https:\/\/jacob.si\/wp-content\/uploads\/2024\/08\/okolju_prijazno_11-600x600.webp 600w, https:\/\/jacob.si\/wp-content\/uploads\/2024\/08\/okolju_prijazno_11-100x100.webp 100w\" sizes=\"auto, (max-width: 1000px) 100vw, 1000px\"><\/div>\n\t<\/div><\/figure>\n\n<\/div><div class=\"bde-button-235-177 bde-button\">\n        \n    \n    \n    \n    \n            \n                    \n            \n            \n\n    \n    \n    \n    \n    \n    <a class=\"breakdance-link button-atom button-atom--primary bde-button__button\" href=\"https:\/\/jacob.si\/hr\/kategorija-proizvoda\/hlajenje-vlazenje\/\" target=\"_self\" data-type=\"url\"  >\n\n    \n        <span class=\"button-atom__text\">Odaberite &amp; Naru\u010dite<\/span>\n\n        \n        \n                <\/a>\n\n    \n\n\n<\/div>\n<\/div><\/div><\/div>\n<\/section><section class=\"bde-section-235-131 bde-section\">\n  \n  \n\t\n\n\n\n<div class=\"section-container\"><div class=\"bde-columns-235-132 bde-columns\"><div class=\"bde-column-235-133 bde-column\">\n  \n  \n\t\n\n\n\n<h5 class=\"bde-heading-235-149 bde-heading\">\nPrednosti\n<\/h5><ul class=\"bde-basic-list-235-142 bde-basic-list\">\n  <li  >    \n          vodena magla se mo\u017ee usmjeriti u bilo kojem \u017eeljenom smjeru\n      <\/li>\n  <li  >    \n          niski tro\u0161kovi odr\u017eavanja\n      <\/li>\n  <li  >    \n          nema emisija i nema potro\u0161nje kisika\n      <\/li>\n  <li  >    \n          mo\u017eemo hladiti samo djelomi\u010dne povr\u0161ine \/ gdje \u017eelimo\n      <\/li>\n  <li  >    \n          trenutni u\u010dinak bez prethodnog hla\u0111enja - osvje\u017eenje dostupno u 1 sekundi\n      <\/li>\n  <li  >    \n          jednostavna instalacija - u\u010dinite to sami\n      <\/li>\n  <li  >    \n          puno dodatne opreme - za svaku primjenu nalazimo rje\u0161enje\n      <\/li>\n  <li  >    \n          ventilacijski i linearni stati\u010dki sustavi\n      <\/li>\n  <li  >    \n          filteri sterilizatora - zaustavljaju legionelu\n      <\/li>\n  <li  >    \n          u\u010dinkovito odbija strvinu i smrad\n      <\/li>\n  <li  >    \n          patentirani anti-drip sustav protiv kapanja i kapanja\n      <\/li>\n<\/ul><h5 class=\"bde-heading-235-152 bde-heading\">\nSvrha\n<\/h5><ul class=\"bde-basic-list-235-153 bde-basic-list\">\n  <li  >    \n          za hla\u0111enje na balkonima, terasama, pla\u017eama\n      <\/li>\n  <li  >    \n          za osvje\u017eenje povr\u0107a u zelenarima\n      <\/li>\n  <li  >    \n          za ovla\u017eivanje u staklenicima\n      <\/li>\n  <li  >    \n          za sprje\u010davanje mraza u vo\u0107njacima i staklenicima\n      <\/li>\n  <li  >    \n          za hla\u0111enje i ovla\u017eivanje u sto\u010darskim objektima\n      <\/li>\n  <li  >    \n          za ovla\u017eivanje u proizvodnji papira i kartona\n      <\/li>\n  <li  >    \n          za sprje\u010davanje \u0161irenja pra\u0161ine na gradili\u0161tima i kamenolomima\n      <\/li>\n  <li  >    \n          za mnogo vi\u0161e...\n      <\/li>\n<\/ul>\n<\/div><div class=\"bde-column-235-134 bde-column\">\n  \n  \n\t\n\n\n\n<h5 class=\"bde-heading-235-137 bde-heading\">\nZa\u0161to JACOB DOO?\n<\/h5><div class=\"bde-text-235-151 bde-text\">\nVi\u0161e od 20 godina iskustva omogu\u0107uje nam da u prodajni program uvrstimo samo najkvalitetnije proizvode na tr\u017ei\u0161tu tako da mo\u017eete birati samo prema svojim potrebama.<br><br>Kao vode\u0107i pru\u017eatelj usluga na tr\u017ei\u0161tu nudimo pouzdana i u\u010dinkovita rje\u0161enja potpomognuta na\u0161om stru\u010dno\u0161\u0107u. Kome \u0107e\u0161 vjerovati?\n<\/div><h5 class=\"bde-heading-235-150 bde-heading\">\nAgencija, prodaja i servis:\n<\/h5><div class=\"bde-text-235-138 bde-text\">\nJACOB D.O.O.<br>Ihanska cesta 3<br>SI-1230 Dom\u017eale<br>M: +386 (0)31 878 848<br>T: +386 (0)1 721 23 23<br>E-mail: prodaja@jacob.si\n<\/div>\n<\/div><\/div><\/div>\n<\/section>","protected":false},"excerpt":{"rendered":"<p>Hla\u0111enje terasa, odr\u017eavanje svje\u017eine usjeva, osiguravanje vla\u017enosti u radnim okru\u017eenjima. Sve to pru\u017eaju profesionalni proizvodi za stvaranje vodene magle. Odaberite i naru\u010dite Vjerujte najve\u0107em proizvo\u0111a\u010du sustava za hla\u0111enje i ovla\u017eivanje zraka na svijetu! Kako to funkcionira? Voda treba puno energije ili topline da bi promijenila svoje stanje iz teku\u0107eg u plinovito. Tijekom prijelaza iz teku\u0107ine u plin, voda [\u2026]<\/p>","protected":false},"author":1,"featured_media":0,"parent":0,"menu_order":0,"comment_status":"closed","ping_status":"closed","template":"","meta":{"inline_featured_image":false,"_breakdance_hide_in_design_set":false,"_breakdance_tags":"","footnotes":""},"class_list":["post-235","page","type-page","status-publish","hentry"],"jetpack_sharing_enabled":true,"_links":{"self":[{"href":"https:\/\/jacob.si\/hr\/wp-json\/wp\/v2\/pages\/235","targetHints":{"allow":["GET"]}}],"collection":[{"href":"https:\/\/jacob.si\/hr\/wp-json\/wp\/v2\/pages"}],"about":[{"href":"https:\/\/jacob.si\/hr\/wp-json\/wp\/v2\/types\/page"}],"author":[{"embeddable":true,"href":"https:\/\/jacob.si\/hr\/wp-json\/wp\/v2\/users\/1"}],"replies":[{"embeddable":true,"href":"https:\/\/jacob.si\/hr\/wp-json\/wp\/v2\/comments?post=235"}],"version-history":[{"count":0,"href":"https:\/\/jacob.si\/hr\/wp-json\/wp\/v2\/pages\/235\/revisions"}],"wp:attachment":[{"href":"https:\/\/jacob.si\/hr\/wp-json\/wp\/v2\/media?parent=235"}],"curies":[{"name":"radni list","href":"https:\/\/api.w.org\/{rel}","templated":true}]}}