{"id":787,"date":"2024-08-22T09:33:23","date_gmt":"2024-08-22T09:33:23","guid":{"rendered":"https:\/\/jacob.si\/?post_type=product&#038;p=787"},"modified":"2025-02-19T10:29:28","modified_gmt":"2025-02-19T10:29:28","slug":"mizna-plosca-okrogla-60-werzalit","status":"publish","type":"product","link":"https:\/\/jacob.si\/de\/produkt\/mizna-plosca-okrogla-60-werzalit\/","title":{"rendered":"Tischplatte - Schwarz \u00d860"},"content":{"rendered":"<p><strong>Werzalit Tischplatte \u00d860 schwarz<\/strong> ist nicht nur \u00e4u\u00dferst best\u00e4ndig in Form, Farbe und Qualit\u00e4t, sondern auch resistent gegen St\u00f6\u00dfe und Kratzer sowie gegen Witterungseinfl\u00fcsse einschlie\u00dflich UV-Strahlen. Es ist leicht zu pflegen und zu reinigen und ist seit Jahrzehnten die erste Wahl von Gastronomen.<\/p>\n<p><strong>Versalite<\/strong> Tischplatten sind seit Jahrzehnten die erste Wahl von Gastronomen f\u00fcr alle Wetter- und Temperaturbedingungen. Sie sind pflegeleicht und widerstandsf\u00e4hig gegen Besch\u00e4digungen und lassen uns nicht im Stich.<\/p>\n<p><strong>Mit Werzalit muss man nicht t\u00e4glich die Tische aufr\u00e4umen, um zu sitzen und die frische Luft zu genie\u00dfen.<\/strong><\/p>\n<p>&nbsp;<\/p>\n<hr \/>\n<p><strong>BENEFITS<\/strong><\/p>\n<ul>\n<li>Schlag- und Kratzfestigkeit<\/li>\n<li>UV-Best\u00e4ndigkeit<\/li>\n<li>robustes und widerstandsf\u00e4higes Material<\/li>\n<li>Witterungsbest\u00e4ndigkeit<\/li>\n<li>wiederverwertbare Materialien<\/li>\n<\/ul>\n<p><strong>N\u00d6TIGKEIT<\/strong><\/p>\n<ul>\n<li>HoReCa - Restaurants, Bars, Hotels<\/li>\n<li>Balkone, Terrassen, G\u00e4rten, Sommerk\u00fcchen<\/li>\n<li>Campingpl\u00e4tze, Picknickpl\u00e4tze, Boote<\/li>\n<li>Hochzeiten, Partys oder Feiern im Freien<\/li>\n<li>viel mehr...<\/li>\n<\/ul>\n<p><strong>Werzalit \u00d6sterreich GmbH <\/strong><br \/>\nDer \u00f6sterreichische Hersteller von Tischplatten f\u00fcr den Au\u00dfenbereich (oudoor) ist ein f\u00fchrendes Unternehmen, das seit mehr als 90 Jahren Tischplatten von h\u00f6chster Qualit\u00e4t herstellt. Mehr als 50 Millionen verkaufte Tischplatten sind ein Beweis f\u00fcr die Qualit\u00e4t an sich.<\/p>\n<p><strong>Wenn Sie weitere Informationen w\u00fcnschen, rufen Sie einen Verkaufsberater unter T +386(0)31 878 848 an oder senden Sie eine E-Mail an E prodaja@jacob.si. Wir helfen Ihnen gerne weiter.<\/strong><\/p>\n<p>&nbsp;<\/p>","protected":false},"excerpt":{"rendered":"<p>PREISE SIND EXKLUSIVE MEHRWERTSTEUER<br \/>\nDie Mehrwertsteuer wird bei Abschluss des Kaufs berechnet.<\/p>\n<p>KOSTENLOSER VERSAND!<br \/>\nF\u00fcr Bestellungen \u00fcber \u20ac100 ist die Lieferung innerhalb der EU kostenlos.<\/p>","protected":false},"featured_media":789,"template":"","meta":{"inline_featured_image":false},"product_brand":[],"product_cat":[157,91,17,24,150],"product_tag":[151],"class_list":{"0":"post-787","1":"product","2":"type-product","3":"status-publish","4":"has-post-thumbnail","6":"product_cat-werzalit","7":"product_cat-trgovina","8":"product_cat-grelne-mize","9":"product_cat-drugi-izdelki","10":"product_cat-ogrevanje-teras","11":"product_tag-werzalit","13":"first","14":"instock","15":"taxable","16":"shipping-taxable","17":"purchasable","18":"product-type-simple"},"jetpack_sharing_enabled":true,"_links":{"self":[{"href":"https:\/\/jacob.si\/de\/wp-json\/wp\/v2\/product\/787","targetHints":{"allow":["GET"]}}],"collection":[{"href":"https:\/\/jacob.si\/de\/wp-json\/wp\/v2\/product"}],"about":[{"href":"https:\/\/jacob.si\/de\/wp-json\/wp\/v2\/types\/product"}],"wp:featuredmedia":[{"embeddable":true,"href":"https:\/\/jacob.si\/de\/wp-json\/wp\/v2\/media\/789"}],"wp:attachment":[{"href":"https:\/\/jacob.si\/de\/wp-json\/wp\/v2\/media?parent=787"}],"wp:term":[{"taxonomy":"product_brand","embeddable":true,"href":"https:\/\/jacob.si\/de\/wp-json\/wp\/v2\/product_brand?post=787"},{"taxonomy":"product_cat","embeddable":true,"href":"https:\/\/jacob.si\/de\/wp-json\/wp\/v2\/product_cat?post=787"},{"taxonomy":"product_tag","embeddable":true,"href":"https:\/\/jacob.si\/de\/wp-json\/wp\/v2\/product_tag?post=787"}],"curies":[{"name":"wp","href":"https:\/\/api.w.org\/{rel}","templated":true}]}}