{"id":641,"date":"2024-08-19T08:07:05","date_gmt":"2024-08-19T08:07:05","guid":{"rendered":"https:\/\/jacob.si\/?post_type=product&#038;p=641"},"modified":"2025-02-19T09:42:44","modified_gmt":"2025-02-19T09:42:44","slug":"ir-panel-classic-heat-900w","status":"publish","type":"product","link":"https:\/\/jacob.si\/de\/produkt\/ir-panel-classic-heat-900w\/","title":{"rendered":"IR-Panel - Klassische W\u00e4rme 900W"},"content":{"rendered":"<p><strong>Burda WTG Classic W\u00e4rme<\/strong> Das IR-Panel in Wei\u00df f\u00fcgt sich mit seiner pflegeleichten Oberfl\u00e4che nahtlos in Ihre bestehende Wand- oder Deckeninstallation ein. Das spezielle interne Reflektionssystem sorgt nicht nur f\u00fcr eine gleichm\u00e4\u00dfige W\u00e4rmeverteilung, sondern erh\u00f6ht auch die Effizienz um etwa 15 bis 20 Prozent im Vergleich zu Konkurrenzprodukten. Erh\u00e4ltlich in verschiedenen Gr\u00f6\u00dfen und einer breiten Palette von Wattst\u00e4rken.<\/p>\n<p><strong>WICHTIG!<\/strong> Das IR Panel Classic Heat ist nicht wasserdicht (IP20) und daher nicht f\u00fcr Feuchtr\u00e4ume geeignet.<\/p>\n<p><strong>Bitte beachten Sie: EU Ecodesign 2015\/1188<\/strong><\/p>\n<p>Der Einbau und die Verwendung von Heizpaneelen ist ab dem 1.1.2018 nur noch in Verbindung mit externen Thermostaten erlaubt, die folgende Funktionen erf\u00fcllen:<\/p>\n<p>- Elektronische Raumtemperaturregelung und Wochentagsregelung<br \/>\n- Flexible Heizungssteuerung<\/p>\n<p><strong>Unsere Thermostate BHCI868, BHCINSTAT+3R, BHCFIT3R erf\u00fcllen diese Anforderungen. Werden diese Anforderungen nicht erf\u00fcllt, f\u00fchrt dies zum Verlust der CE-Kennzeichnung.<\/strong><\/p>\n<p><strong>BENEFITS<\/strong><\/p>\n<ul>\n<li>v\u00f6llig ger\u00e4usch- und geruchlos<\/li>\n<li>angenehme Strahlungsw\u00e4rme wie von einem Holzofen<\/li>\n<li>trockene, warme W\u00e4nde und Gegenst\u00e4nde<\/li>\n<li>niedrige Betriebskosten, insbesondere bei der Arbeit mit Sonnenkollektoren<\/li>\n<li>Leichtes und flaches Design (bis zu 2,5 cm dick)<\/li>\n<li>IP54 Spritzwasserschutz (au\u00dfer CLASSIC HEAT IP20)<\/li>\n<li>einfache Wand- oder Deckenmontage<\/li>\n<li>Anschluss an eine Standard-Steckdose (230V)<\/li>\n<li>Verschlei\u00df- und wartungsfrei<\/li>\n<li>ges\u00fcnderes Raumklima, da sich kein Staub ansammelt<\/li>\n<li>sehr geeignet f\u00fcr Asthmatiker und Allergiker<\/li>\n<\/ul>\n<p><strong>N\u00d6TIGKEIT<\/strong><\/p>\n<ul>\n<li>Haus, \u00f6ffentliche Geb\u00e4ude, Industrie<\/li>\n<li>B\u00fcros, Garagen, Werkst\u00e4tten, Lagerhallen<\/li>\n<li>B\u00e4der \/ \u00f6ffentliche B\u00e4der<\/li>\n<li>Hotels, Campingpl\u00e4tze, Touristenunterk\u00fcnfte<\/li>\n<li>Toiletten \/ \u00f6ffentliche Toiletten<\/li>\n<li>Wochenenden<\/li>\n<\/ul>\n<p><strong>Burda WTG GmbH<\/strong><br \/>\nDer deutsche Hersteller von elektrischen Infrarot-Heizstrahlern f\u00fcr den Au\u00dfenbereich und IR-Paneelen f\u00fcr die Raumheizung ist weltweit f\u00fchrend und bekannt f\u00fcr Innovation, hohe Qualit\u00e4t und \u00fcberlegenes Design. Burda WTG-Produkte sind \u00e4u\u00dferst effizient und wandeln bis zu 92 % der zugef\u00fchrten Energie in W\u00e4rme um, was im Vergleich zu konkurrierenden L\u00f6sungen eine Einsparung von mehr als 80 % bedeutet.<\/p>\n<p><strong>Wenn Sie weitere Informationen w\u00fcnschen, rufen Sie einen Verkaufsberater unter T +386(0)31 878 848 an oder senden Sie eine E-Mail an E prodaja@jacob.si. Wir helfen Ihnen gerne weiter.<\/strong><\/p>\n<p>&nbsp;<\/p>","protected":false},"excerpt":{"rendered":"<p>PREISE SIND EXKLUSIVE MEHRWERTSTEUER<br \/>\nDie Mehrwertsteuer wird bei Abschluss des Kaufs berechnet.<\/p>\n<p>KOSTENLOSER VERSAND!<br \/>\nF\u00fcr Bestellungen \u00fcber \u20ac100 ist die Lieferung innerhalb der EU kostenlos.<\/p>","protected":false},"featured_media":397,"template":"","meta":{"inline_featured_image":false},"product_brand":[],"product_cat":[91,45,22],"product_tag":[39],"class_list":{"0":"post-641","1":"product","2":"type-product","3":"status-publish","4":"has-post-thumbnail","6":"product_cat-trgovina","7":"product_cat-ir-paneli","8":"product_cat-burda-wtg","9":"product_tag-burda-wtg","11":"first","12":"instock","13":"taxable","14":"shipping-taxable","15":"purchasable","16":"product-type-simple"},"jetpack_sharing_enabled":true,"_links":{"self":[{"href":"https:\/\/jacob.si\/de\/wp-json\/wp\/v2\/product\/641","targetHints":{"allow":["GET"]}}],"collection":[{"href":"https:\/\/jacob.si\/de\/wp-json\/wp\/v2\/product"}],"about":[{"href":"https:\/\/jacob.si\/de\/wp-json\/wp\/v2\/types\/product"}],"wp:featuredmedia":[{"embeddable":true,"href":"https:\/\/jacob.si\/de\/wp-json\/wp\/v2\/media\/397"}],"wp:attachment":[{"href":"https:\/\/jacob.si\/de\/wp-json\/wp\/v2\/media?parent=641"}],"wp:term":[{"taxonomy":"product_brand","embeddable":true,"href":"https:\/\/jacob.si\/de\/wp-json\/wp\/v2\/product_brand?post=641"},{"taxonomy":"product_cat","embeddable":true,"href":"https:\/\/jacob.si\/de\/wp-json\/wp\/v2\/product_cat?post=641"},{"taxonomy":"product_tag","embeddable":true,"href":"https:\/\/jacob.si\/de\/wp-json\/wp\/v2\/product_tag?post=641"}],"curies":[{"name":"wp","href":"https:\/\/api.w.org\/{rel}","templated":true}]}}