{"id":638,"date":"2024-08-19T07:44:25","date_gmt":"2024-08-19T07:44:25","guid":{"rendered":"https:\/\/jacob.si\/?post_type=product&#038;p=638"},"modified":"2025-02-19T09:42:17","modified_gmt":"2025-02-19T09:42:17","slug":"ir-sevalo-term-tower-palms-4kw-ip67-white","status":"publish","type":"product","link":"https:\/\/jacob.si\/de\/produkt\/ir-sevalo-term-tower-palms-4kw-ip67-white\/","title":{"rendered":"IR Sevalo - Laufzeit Turm Palmen 4kW"},"content":{"rendered":"<p><strong>Burda WTG Term Tower Palms IP67<\/strong> ist die einzige kurzwellige Infrarotheizung f\u00fcr den Au\u00dfenbereich auf dem Markt mit dem h\u00f6chsten Grad an Wasserschutz. Die vollst\u00e4ndig wasserdichte, freistehende Infrarotheizung (IP67) liefert auch bei Feuchtigkeit, Regen oder Schnee zuverl\u00e4ssig maximale Heizleistung. Das integrierte Leuchtmittel erreicht eine Lebensdauer von bis zu 5000 Stunden. Das elegante und robuste Heizsystem auf einem 50 kg schweren Standfu\u00df sorgt f\u00fcr Stabilit\u00e4t auch bei Wind oder im Falle eines Aufpralls. Die Heizger\u00e4te der Term-Serie sind pflegeleicht und resistent gegen Kratzer und Vergilbung.<\/p>\n<p><strong>Burda WTG Infrarot-Kurzwellen-Heizsysteme am Stand<\/strong> im Bereich von 4.000 bis 8.000 W sorgen f\u00fcr sofortige W\u00e4rme auf allen Au\u00dfenfl\u00e4chen oder \u00fcberall dort, wo Sie eine gerichtete, sofortige Erw\u00e4rmung w\u00fcnschen. Die komplett wasserdichten Strahler (IP67) sind mit einer hochwertigen Infrarot-Goldr\u00f6hrenlampe ausgestattet, die auch bei Feuchtigkeit, Regen oder Schnee zuverl\u00e4ssig maximale W\u00e4rme liefert. Dank der offenen Bauweise (keine Glasabdeckung) wird der Strahler maximal bel\u00fcftet und erreicht eine sehr lange Lebensdauer von bis zu 5000 Stunden.<\/p>\n<p>&nbsp;<\/p>\n<hr \/>\n<p><strong>Wie funktioniert das?<\/strong><br \/>\nInfrarotstrahlung wird in drei Wellenl\u00e4ngen eingeteilt: langwellig, mittelwellig und kurzwellig. Nur kurzwellige Infrarotstrahlen k\u00f6nnen die Atmosph\u00e4re durchdringen, ohne sich zu erw\u00e4rmen, und werden erst in W\u00e4rme umgewandelt, wenn sie mit dichteren Stoffen wie K\u00f6rpern in Ber\u00fchrung kommen. Die kurzwellige Infrarotheizung erw\u00e4rmt also nicht die Atmosph\u00e4re, sondern nur den K\u00f6rper und ist das einzige sinnvolle Au\u00dfenheizungsprinzip mit einem Wirkungsgrad von bis zu 93%. Als Pionier der kurzwelligen Infrarotheizungen bietet Burda WTG energiesparende und zielgerichtete Au\u00dfenheizungen, die auf Mensch und Umwelt abgestimmt sind.<\/p>\n<p><strong>Fragen Sie immer nach kurzwelligen Infrarot-Strahlern!<\/strong><\/p>\n<p><strong>WICHTIG!<\/strong><br \/>\nNicht jede Infrarotheizung ist eine Elektroheizung.<br \/>\nNicht jede elektrische Infrarotheizung ist eine kurzwellige Heizung.<br \/>\nNicht jeder elektrische Infrarot-Kurzwellenstrahler ist ein Burda WTG-Strahler.<\/p>\n<p>&nbsp;<\/p>\n<hr \/>\n<p><strong>HILFE BEI DER AUSWAHL<\/strong><br \/>\n<strong>F\u00fcr eine ungef\u00e4hre Berechnung verwenden wir die folgenden Gleichungen:<\/strong><\/p>\n<p>1. f\u00fcr Au\u00dfenbereiche ohne Wind<br \/>\n<strong>Erforderliche Leistung [W] = Fl\u00e4che [m\u00b2] x 250 [W\/m\u00b2]<\/strong><\/p>\n<p>2. f\u00fcr Au\u00dfenbereiche mit partiellem Wind<br \/>\n<strong>Erforderliche Leistung [W] = Fl\u00e4che [m\u00b2] x 300 [W\/m\u00b2]<\/strong><\/p>\n<p>3. f\u00fcr sehr kalte Au\u00dfenbereiche wie K\u00fcste\/Berge<br \/>\n<strong>Erforderliche Leistung [W] = Fl\u00e4che [m\u00b2] x 400 [W\/m\u00b2]<\/strong><\/p>\n<p>&nbsp;<\/p>\n<hr \/>\n<p><strong>BENEFITS<\/strong><\/p>\n<ul>\n<li>Niedrige Betriebskosten \/ 92% Effizienz<\/li>\n<li>sie erw\u00e4rmt nicht die Atmosph\u00e4re, sondern nur den K\u00f6rper<\/li>\n<li>W\u00e4rme sofort \/ 90 % Leistung verf\u00fcgbar in 1s<\/li>\n<li>gerichtete Heizung \/ nur dort, wo Sie es w\u00fcnschen<\/li>\n<li>Keine Emissionen und kein Sauerstoffverbrauch<\/li>\n<li>bl\u00e4st\/wirbelt keinen Staub auf<\/li>\n<\/ul>\n<p><strong>ZWECK<\/strong><\/p>\n<ul>\n<li>HoReCa - Restaurants, Bars, Hotels<\/li>\n<li>Balkone, Terrassen, G\u00e4rten, Sommerk\u00fcchen<\/li>\n<li>Campingpl\u00e4tze, Picknickpl\u00e4tze, Boote<\/li>\n<li>Hochzeiten, Partys oder Feiern im Freien<\/li>\n<li>Turnhallen, Lagerhallen, Werkst\u00e4tten, Garagen<\/li>\n<li>f\u00fcr Kirchen, Leichenhallen usw.<\/li>\n<li>viel mehr...<\/li>\n<\/ul>\n<p><strong>Burda WTG GmbH<\/strong><br \/>\nDer deutsche Hersteller von elektrischen Infrarot-Heizstrahlern f\u00fcr den Au\u00dfenbereich und IR-Paneelen f\u00fcr die Raumheizung ist weltweit f\u00fchrend und bekannt f\u00fcr Innovation, hohe Qualit\u00e4t und \u00fcberlegenes Design. Burda WTG-Produkte sind \u00e4u\u00dferst effizient und wandeln bis zu 92 % der zugef\u00fchrten Energie in W\u00e4rme um, was im Vergleich zu konkurrierenden L\u00f6sungen eine Einsparung von mehr als 80 % bedeutet.<\/p>\n<p><strong>Wenn Sie weitere Informationen w\u00fcnschen, rufen Sie einen Verkaufsberater unter T +386(0)31 878 848 an oder senden Sie eine E-Mail an E prodaja@jacob.si. Wir helfen Ihnen gerne weiter.<\/strong><\/p>\n<p>&nbsp;<\/p>","protected":false},"excerpt":{"rendered":"<p>PREISE SIND EXKLUSIVE MEHRWERTSTEUER<br \/>\nDie Mehrwertsteuer wird bei Abschluss des Kaufs berechnet.<\/p>\n<p>KOSTENLOSER VERSAND!<br \/>\nF\u00fcr Bestellungen \u00fcber \u20ac100 ist die Lieferung innerhalb der EU kostenlos.<\/p>","protected":false},"featured_media":637,"template":"","meta":{"inline_featured_image":false},"product_brand":[],"product_cat":[91,16,22,150],"product_tag":[39],"class_list":{"0":"post-638","1":"product","2":"type-product","3":"status-publish","4":"has-post-thumbnail","6":"product_cat-trgovina","7":"product_cat-ir-sevala","8":"product_cat-burda-wtg","9":"product_cat-ogrevanje-teras","10":"product_tag-burda-wtg","12":"first","13":"instock","14":"taxable","15":"shipping-taxable","16":"purchasable","17":"product-type-simple"},"jetpack_sharing_enabled":true,"_links":{"self":[{"href":"https:\/\/jacob.si\/de\/wp-json\/wp\/v2\/product\/638","targetHints":{"allow":["GET"]}}],"collection":[{"href":"https:\/\/jacob.si\/de\/wp-json\/wp\/v2\/product"}],"about":[{"href":"https:\/\/jacob.si\/de\/wp-json\/wp\/v2\/types\/product"}],"wp:featuredmedia":[{"embeddable":true,"href":"https:\/\/jacob.si\/de\/wp-json\/wp\/v2\/media\/637"}],"wp:attachment":[{"href":"https:\/\/jacob.si\/de\/wp-json\/wp\/v2\/media?parent=638"}],"wp:term":[{"taxonomy":"product_brand","embeddable":true,"href":"https:\/\/jacob.si\/de\/wp-json\/wp\/v2\/product_brand?post=638"},{"taxonomy":"product_cat","embeddable":true,"href":"https:\/\/jacob.si\/de\/wp-json\/wp\/v2\/product_cat?post=638"},{"taxonomy":"product_tag","embeddable":true,"href":"https:\/\/jacob.si\/de\/wp-json\/wp\/v2\/product_tag?post=638"}],"curies":[{"name":"wp","href":"https:\/\/api.w.org\/{rel}","templated":true}]}}