{"id":440,"date":"2024-07-28T16:50:26","date_gmt":"2024-07-28T16:50:26","guid":{"rendered":"https:\/\/jacob.si\/?post_type=product&#038;p=440"},"modified":"2025-04-14T09:06:39","modified_gmt":"2025-04-14T09:06:39","slug":"clage-mini-mbh-7","status":"publish","type":"product","link":"https:\/\/jacob.si\/de\/produkt\/clage-mini-mbh-7\/","title":{"rendered":"Mini-Wassererhitzer - MBH 7"},"content":{"rendered":"<p><strong>Baureihe CLAGE E-mini MBH<\/strong> sind hydraulische Durchlauferhitzer in kompakter Bauweise, die energieeffizientes Warmwasser direkt an der Sp\u00fcle oder am Waschbecken bereitstellen. Die Warmwasseraustrittstemperatur wird optimiert, sobald das Wasser durch den Mischer flie\u00dft, so dass es sofort verwendet werden kann. Zum Lieferumfang geh\u00f6ren ein T-St\u00fcck und ein flexibler Verbindungsschlauch f\u00fcr den Anschluss an ein Eckventil unter der Sp\u00fcle oder dem Waschbecken. Die Heizer funktionieren sowohl mit Druck- als auch mit drucklosen Armaturen.<\/p>\n<p><strong>CLAGE Durchlauferhitzer<\/strong> sind die effizienteste L\u00f6sung f\u00fcr die Warmwasserversorgung. Anstatt das Wasser vorzuheizen und zu speichern, wie dies bei herk\u00f6mmlichen Heizkesseln der Fall ist, wird es erw\u00e4rmt, w\u00e4hrend es durch das Ger\u00e4t flie\u00dft. Dadurch werden W\u00e4rmeverluste durch die W\u00e4nde des Speichers (Heizkessel) sowie Wasser- und Energieverluste in den Rohrleitungen vermieden. Au\u00dferdem sind keine doppelten Warm- und Kaltwasserinstallationen erforderlich, da nur die Kaltwasserversorgung ausreicht.<\/p>\n<p>&nbsp;<\/p>\n<hr \/>\n<p><strong>WICHTIG!<\/strong><br \/>\nDezentrale Warmwassersysteme haben einen weiteren gro\u00dfen Vorteil. Jede Entnahmestelle hat ihre eigene Quelle f\u00fcr die Warmwasserbereitung. Bei herk\u00f6mmlichen zentralen Systemen gibt es bei Ausfall eines Boilers kein Warmwasser, w\u00e4hrend dezentrale Systeme auch bei Ausfall einer Zapfstelle noch Warmwasser \u00fcber die anderen Zapfstellen liefern.<\/p>\n<p><strong>Letzteres werden vor allem Sch\u00f6nheitssalons und andere gewerbliche Nutzer zu sch\u00e4tzen wissen.<\/strong><\/p>\n<p><strong>WICHTIG!<\/strong><br \/>\nDurchlauferhitzer k\u00f6nnen in bestehende Zweirohranlagen eingebaut werden, indem an der Entnahmestelle selbst (Waschbecken, Dusche usw.) kaltes Wasser durch den Erhitzer geleitet wird, oder Warmwasser, wenn Sie Warmwasser erw\u00e4rmen wollen, z. B. bei der Nutzung von Solarthermie, was sinnvollerweise weiter genutzt werden sollte. Bei Neubauten oder Umbauten k\u00f6nnen durch den Einbau eines Einrohrsystems f\u00fcr Kaltwasser erhebliche Einsparungen erzielt werden, da keine Warmwasserleitungen ben\u00f6tigt werden. Gleichzeitig werden Investitionen in teure Anlagen wie Umw\u00e4lzpumpen, Ausdehnungsgef\u00e4\u00dfe, Sensoren usw. vermieden.<\/p>\n<p><strong>Selbst die sprichw\u00f6rtlich sparsamen W\u00e4rmepumpen sind den Durchlauferhitzern nicht gewachsen.<\/strong><\/p>\n<p><strong>WICHTIG!<\/strong><br \/>\nNicht jeder Warmwasserbereiter ist ein Elektroerhitzer.<br \/>\nNicht jeder elektrische Durchlauferhitzer ist ein Durchlauferhitzer.<br \/>\nNicht jeder elektrische Durchlauferhitzer ist ein Clage-Wassererhitzer.<\/p>\n<p>&nbsp;<\/p>\n<hr \/>\n<p><strong>HILFE BEI DER AUSWAHL<\/strong><\/p>\n<p>Um Ihnen bei der Auswahl des richtigen Warmwasserbereiters zu helfen, finden Sie auf der offiziellen Website des Herstellers einen interaktiven Ratgeber:<\/p>\n<p><a href=\"https:\/\/www.clage.com\/en\/support\/product-advice\" target=\"_blank\" rel=\"noopener\">HILFE!<\/a><\/p>\n<p>&nbsp;<\/p>\n<hr \/>\n<p><strong>BENEFITS<\/strong><\/p>\n<ul>\n<li>Energie- und Platzeinsparungen<\/li>\n<li>Hei\u00dfes Wasser mit der gew\u00fcnschten Temperatur in Sekundenschnelle<\/li>\n<li>geringe Investitions- und Betriebskosten<\/li>\n<li>kein stehendes Wasser (Kessel) \/ kein Legionellenrisiko<\/li>\n<li>niedrigere Temperaturen \/ keine Verkalkung<\/li>\n<li>bei Ausfall des Heizkessels \/ andere Auslassstellen sind in Betrieb<\/li>\n<\/ul>\n<p><strong>ZWECK<\/strong><\/p>\n<ul>\n<li>B\u00e4der \/ \u00f6ffentliche B\u00e4der<\/li>\n<li>Campingpl\u00e4tze und Beherbergungsbetriebe<\/li>\n<li>Toiletten \/ \u00f6ffentliche Toiletten<\/li>\n<li>K\u00fcchen \/ Sommerk\u00fcchen<\/li>\n<li>Wochenenden<\/li>\n<li>Friseur- und Sch\u00f6nheitssalons<\/li>\n<\/ul>\n<p><strong>TECHNISCHER KATALOG<\/strong><br \/>\n<a href=\"https:\/\/jacob.si\/wp-content\/uploads\/2024\/08\/CLAGE_Prospekt_General.pdf\" target=\"_blank\" rel=\"noopener\"><br \/>\n<img loading=\"lazy\" decoding=\"async\" class=\"alignnone size-full wp-image-206\" src=\"https:\/\/jacob.si\/wp-content\/uploads\/2024\/08\/03_clage_icon_150x206_300dpi.webp\" alt=\"\" width=\"150\" height=\"206\" \/><br \/>\n<\/a><\/p>\n<p>*Detaillierte Produktinformationen finden Sie im Datenblatt<\/p>\n<p><strong>CLAGE GmbH<\/strong><br \/>\nDer deutsche Hersteller von Durchlauferhitzern mit 75-j\u00e4hriger Tradition ist ein weltweit f\u00fchrendes Unternehmen, das f\u00fcr Innovation, hohe Qualit\u00e4t und \u00fcberlegenes Design bekannt ist. CLAGE Produkte sind \u00e4u\u00dferst effizient, wirtschaftlich und bieten erhebliche Einsparungen sowohl beim Energieverbrauch als auch bei der Investition selbst.<\/p>\n<p><strong>Wenn Sie weitere Informationen w\u00fcnschen, rufen Sie einen Verkaufsberater unter T +386(0)31 878 848 an oder senden Sie eine E-Mail an E prodaja@jacob.si. Wir helfen Ihnen gerne weiter.<\/strong><\/p>\n<p>&nbsp;<\/p>","protected":false},"excerpt":{"rendered":"<p>PREISE SIND EXKLUSIVE MEHRWERTSTEUER<br \/>\nDie Mehrwertsteuer wird bei Abschluss des Kaufs berechnet.<\/p>\n<p>KOSTENLOSER VERSAND!<br \/>\nF\u00fcr Bestellungen \u00fcber \u20ac100 ist die Lieferung innerhalb der EU kostenlos.<\/p>","protected":false},"featured_media":215,"template":"","meta":{"inline_featured_image":false},"product_brand":[],"product_cat":[153,91,65],"product_tag":[66],"class_list":{"0":"post-440","1":"product","2":"type-product","3":"status-publish","4":"has-post-thumbnail","6":"product_cat-clage","7":"product_cat-trgovina","8":"product_cat-grelniki-vode","9":"product_tag-cage","11":"first","12":"instock","13":"taxable","14":"shipping-taxable","15":"purchasable","16":"product-type-simple"},"jetpack_sharing_enabled":true,"_links":{"self":[{"href":"https:\/\/jacob.si\/de\/wp-json\/wp\/v2\/product\/440","targetHints":{"allow":["GET"]}}],"collection":[{"href":"https:\/\/jacob.si\/de\/wp-json\/wp\/v2\/product"}],"about":[{"href":"https:\/\/jacob.si\/de\/wp-json\/wp\/v2\/types\/product"}],"wp:featuredmedia":[{"embeddable":true,"href":"https:\/\/jacob.si\/de\/wp-json\/wp\/v2\/media\/215"}],"wp:attachment":[{"href":"https:\/\/jacob.si\/de\/wp-json\/wp\/v2\/media?parent=440"}],"wp:term":[{"taxonomy":"product_brand","embeddable":true,"href":"https:\/\/jacob.si\/de\/wp-json\/wp\/v2\/product_brand?post=440"},{"taxonomy":"product_cat","embeddable":true,"href":"https:\/\/jacob.si\/de\/wp-json\/wp\/v2\/product_cat?post=440"},{"taxonomy":"product_tag","embeddable":true,"href":"https:\/\/jacob.si\/de\/wp-json\/wp\/v2\/product_tag?post=440"}],"curies":[{"name":"wp","href":"https:\/\/api.w.org\/{rel}","templated":true}]}}