{"id":437,"date":"2024-07-28T12:57:09","date_gmt":"2024-07-28T12:57:09","guid":{"rendered":"https:\/\/jacob.si\/?post_type=product&#038;p=437"},"modified":"2025-02-19T09:43:41","modified_gmt":"2025-02-19T09:43:41","slug":"t-kos-o635-mm","status":"publish","type":"product","link":"https:\/\/jacob.si\/de\/produkt\/t-kos-o635-mm\/","title":{"rendered":"T-St\u00fcck - \u00d86,35 mm"},"content":{"rendered":"<p>Idrobase T St\u00fcck f\u00fcr lineares System... Beschreibung folgt in K\u00fcrze...<\/p>","protected":false},"excerpt":{"rendered":"<p>PREISE SIND EXKLUSIVE MEHRWERTSTEUER<br \/>\nDie Mehrwertsteuer wird bei Abschluss des Kaufs berechnet.<\/p>\n<p>KOSTENLOSER VERSAND!<br \/>\nF\u00fcr Bestellungen \u00fcber \u20ac100 ist die Lieferung innerhalb der EU kostenlos.<\/p>","protected":false},"featured_media":435,"template":"","meta":{"inline_featured_image":false},"product_brand":[],"product_cat":[155,91,20,23],"product_tag":[40],"class_list":{"0":"post-437","1":"product","2":"type-product","3":"status-publish","4":"has-post-thumbnail","6":"product_cat-idrobase","7":"product_cat-trgovina","8":"product_cat-hlajenje-vlazenje","9":"product_cat-deli-oprema","10":"product_tag-idrobase","12":"first","13":"instock","14":"taxable","15":"shipping-taxable","16":"purchasable","17":"product-type-simple"},"jetpack_sharing_enabled":true,"_links":{"self":[{"href":"https:\/\/jacob.si\/de\/wp-json\/wp\/v2\/product\/437","targetHints":{"allow":["GET"]}}],"collection":[{"href":"https:\/\/jacob.si\/de\/wp-json\/wp\/v2\/product"}],"about":[{"href":"https:\/\/jacob.si\/de\/wp-json\/wp\/v2\/types\/product"}],"wp:featuredmedia":[{"embeddable":true,"href":"https:\/\/jacob.si\/de\/wp-json\/wp\/v2\/media\/435"}],"wp:attachment":[{"href":"https:\/\/jacob.si\/de\/wp-json\/wp\/v2\/media?parent=437"}],"wp:term":[{"taxonomy":"product_brand","embeddable":true,"href":"https:\/\/jacob.si\/de\/wp-json\/wp\/v2\/product_brand?post=437"},{"taxonomy":"product_cat","embeddable":true,"href":"https:\/\/jacob.si\/de\/wp-json\/wp\/v2\/product_cat?post=437"},{"taxonomy":"product_tag","embeddable":true,"href":"https:\/\/jacob.si\/de\/wp-json\/wp\/v2\/product_tag?post=437"}],"curies":[{"name":"wp","href":"https:\/\/api.w.org\/{rel}","templated":true}]}}