{"id":366,"date":"2024-07-25T05:43:29","date_gmt":"2024-07-25T05:43:29","guid":{"rendered":"https:\/\/jacob.si\/?post_type=product&#038;p=366"},"modified":"2025-09-04T08:39:31","modified_gmt":"2025-09-04T08:39:31","slug":"hladilni-sistem-fog-extra-2","status":"publish","type":"product","link":"https:\/\/jacob.si\/de\/produkt\/hladilni-sistem-fog-extra-2\/","title":{"rendered":"K\u00fchlsystem - FOG Extra-2"},"content":{"rendered":"<p><strong>Idrobase FOG Extra-2<\/strong> ist ein kompaktes und vielseitiges Wassernebel-K\u00fchlsystem, das Nebeleffekte, Befeuchtung, Staub- und Geruchsunterdr\u00fcckung in kleinen und mittelgro\u00dfen R\u00e4umen erzeugt. Eine gro\u00dfe Auswahl an Zubeh\u00f6r und Leitungstypen erm\u00f6glicht die Anpassung an die Bed\u00fcrfnisse verschiedener Anwendungen. Das neue Bedienfeld erm\u00f6glicht eine schnelle und genaue Einstellung der Betriebsstunden und die Verwaltung der angeschlossenen zus\u00e4tzlichen Sonden.<\/p>\n<p><strong>Idrobase-K\u00fchlsysteme<\/strong> sind die effizienteste L\u00f6sung f\u00fcr die K\u00fchlung im Freien. Die Vielfalt unserer Befeuchtungssysteme erm\u00f6glicht den Einsatz in verschiedenen Umgebungen und unter verschiedenen Bedingungen. Die extrem einfachen, leichten und leisen Befeuchtungssysteme sind leicht zu steuern, enthalten alle erforderlichen Komponenten und garantieren hohe Leistung und lange Lebensdauer.<\/p>\n<p>&nbsp;<\/p>\n<hr \/>\n<p><strong>Wie funktioniert das?<\/strong><br \/>\nDas umweltfreundliche und v\u00f6llig nat\u00fcrliche K\u00fchlprinzip verwendet ausschlie\u00dflich Wasser als K\u00fchlmedium. Wasser ben\u00f6tigt viel Energie oder W\u00e4rme, um vom fl\u00fcssigen in den gasf\u00f6rmigen Zustand \u00fcberzugehen. Beim \u00dcbergang vom fl\u00fcssigen in den gasf\u00f6rmigen Zustand nimmt das Wasser W\u00e4rme aus der Umgebung auf, die wiederum die nahe gelegene Atmosph\u00e4re abk\u00fchlt. Um Wasser so effizient und schnell wie m\u00f6glich zu verdampfen, wird es unter hohem Druck durch Mikron-D\u00fcsen gepresst, um es auf molekularer Ebene zu zerstreuen. Der entstehende Wassernebel erm\u00f6glicht eine sehr schnelle Verdunstung und damit eine effiziente K\u00fchlung der Umgebung.<\/p>\n<p><strong>Fragen Sie immer nach einem Hochdruck-Wassernebelsystem!<\/strong><\/p>\n<p><strong>K\u00dcHLEN SIE IHRE TERRASSE<\/strong><br \/>\nDie neue Technologie der Wassernebel-K\u00fchlsysteme wird die Besucherzahlen Ihres Lokals an warmen und hei\u00dfen Tagen betr\u00e4chtlich erh\u00f6hen und Ihren G\u00e4sten Komfort und ein tolles Erlebnis bieten, das sie zu sch\u00e4tzen wissen.<\/p>\n<p><strong>WICHTIG!<\/strong><br \/>\nDer Mindestdruck zur Erzeugung eines effektiven Wassernebels betr\u00e4gt 60 bar!<\/p>\n<p><strong>WICHTIG!<\/strong><br \/>\nNicht jedes K\u00fchlsystem ist wasserbasiert.<br \/>\nNicht jedes Wasserk\u00fchlsystem ist ein Hochdrucksystem.<br \/>\nNicht jedes Wasserk\u00fchlsystem steht unter hohem Druck - das Idrobase-K\u00fchlsystem.<\/p>\n<p>&nbsp;<\/p>\n<hr \/>\n<p><strong>HILFE BEI DER AUSWAHL<\/strong><br \/>\n<strong>F\u00fcr eine ungef\u00e4hre Berechnung verwenden wir die folgende Gleichung:<\/strong><\/p>\n<p>1. f\u00fcr eine optimale K\u00fchlwirkung<br \/>\n<strong>Erforderliche Anzahl von D\u00fcsen [St\u00fcck] = Fl\u00e4che [m\u00b2] x 0,8 [St\u00fcck\/m\u00b2]<\/strong><\/p>\n<p>2. f\u00fcr eine zufriedenstellende K\u00fchlwirkung<br \/>\n<strong>Erforderliche Anzahl von D\u00fcsen [St\u00fcck] = Fl\u00e4che [m\u00b2] x 0,5 [St\u00fcck\/m\u00b2]<\/strong><\/p>\n<p>&nbsp;<\/p>\n<hr \/>\n<p><strong>BENEFITS<\/strong><\/p>\n<ul>\n<li>der Wassernebel kann in jede gew\u00fcnschte Richtung gelenkt werden<\/li>\n<li>geringe Wartungskosten<\/li>\n<li>Keine Emissionen und kein Sauerstoffverbrauch<\/li>\n<li>nur Teilbereiche k\u00f6nnen gek\u00fchlt werden \/ wo gew\u00fcnscht<\/li>\n<li>Sofortige Wirkung ohne Vork\u00fchlung - Erfrischung in 1 Sekunde verf\u00fcgbar<\/li>\n<li>einfache Montage - DIY<\/li>\n<li>eine gro\u00dfe Auswahl an Zubeh\u00f6r - wir haben eine L\u00f6sung f\u00fcr jede Anwendung<\/li>\n<li>Bel\u00fcftung und lineare statische Systeme<\/li>\n<li>Sterilisatorfilter - Stoppt Legionellen<\/li>\n<li>wirksames Insekten- und Geruchsschutzmittel<\/li>\n<li>patentiertes Anti-Tropf-System gegen Nachtropfen und Abtropfen<\/li>\n<\/ul>\n<p><strong>ZWECK<\/strong><\/p>\n<ul>\n<li>zur K\u00fchlung auf Balkonen, Terrassen, Str\u00e4nden<\/li>\n<li>f\u00fcr erfrischendes Gem\u00fcse in Gem\u00fcsel\u00e4den<\/li>\n<li>f\u00fcr Gew\u00e4chshausbefeuchtung<\/li>\n<li>zum Schutz vor Frost in Obstg\u00e4rten und Gew\u00e4chsh\u00e4usern<\/li>\n<li>zur K\u00fchlung und Befeuchtung in Tierhaltungsanlagen<\/li>\n<li>f\u00fcr die Befeuchtung in der Papier- und Pappherstellung<\/li>\n<li>die Ausbreitung von Staub auf Baustellen und in Steinbr\u00fcchen zu verhindern<\/li>\n<li>f\u00fcr vieles mehr...<\/li>\n<\/ul>\n<p><strong>IDROBASE S.r.l.<\/strong><br \/>\nDer italienische Hersteller von Au\u00dfenk\u00fchlsystemen und Wassernebelbefeuchtungssystemen ist weltweit f\u00fchrend und f\u00fcr seine Innovation, hohe Qualit\u00e4t und Robustheit bekannt. IDROBASE-Produkte zeichnen sich durch ihre herausragende Effizienz aus, die durch ihr durchdachtes Design erm\u00f6glicht wird.<\/p>\n<p><strong>Wenn Sie weitere Informationen w\u00fcnschen, rufen Sie einen Verkaufsberater unter T +386(0)31 878 848 an oder senden Sie eine E-Mail an E prodaja@jacob.si. Wir helfen Ihnen gerne weiter.<\/strong><\/p>\n<p>&nbsp;<\/p>","protected":false},"excerpt":{"rendered":"<p>PREISE SIND EXKLUSIVE MEHRWERTSTEUER<br \/>\nDie Mehrwertsteuer wird bei Abschluss des Kaufs berechnet.<\/p>\n<p>KOSTENLOSER VERSAND!<br \/>\nF\u00fcr Bestellungen \u00fcber \u20ac100 ist die Lieferung innerhalb der EU kostenlos.<\/p>","protected":false},"featured_media":367,"template":"","meta":{"inline_featured_image":false},"product_brand":[],"product_cat":[155,91,20],"product_tag":[40],"class_list":{"0":"post-366","1":"product","2":"type-product","3":"status-publish","4":"has-post-thumbnail","6":"product_cat-idrobase","7":"product_cat-trgovina","8":"product_cat-hlajenje-vlazenje","9":"product_tag-idrobase","11":"first","12":"instock","13":"taxable","14":"shipping-taxable","15":"purchasable","16":"product-type-simple"},"jetpack_sharing_enabled":true,"_links":{"self":[{"href":"https:\/\/jacob.si\/de\/wp-json\/wp\/v2\/product\/366","targetHints":{"allow":["GET"]}}],"collection":[{"href":"https:\/\/jacob.si\/de\/wp-json\/wp\/v2\/product"}],"about":[{"href":"https:\/\/jacob.si\/de\/wp-json\/wp\/v2\/types\/product"}],"wp:featuredmedia":[{"embeddable":true,"href":"https:\/\/jacob.si\/de\/wp-json\/wp\/v2\/media\/367"}],"wp:attachment":[{"href":"https:\/\/jacob.si\/de\/wp-json\/wp\/v2\/media?parent=366"}],"wp:term":[{"taxonomy":"product_brand","embeddable":true,"href":"https:\/\/jacob.si\/de\/wp-json\/wp\/v2\/product_brand?post=366"},{"taxonomy":"product_cat","embeddable":true,"href":"https:\/\/jacob.si\/de\/wp-json\/wp\/v2\/product_cat?post=366"},{"taxonomy":"product_tag","embeddable":true,"href":"https:\/\/jacob.si\/de\/wp-json\/wp\/v2\/product_tag?post=366"}],"curies":[{"name":"wp","href":"https:\/\/api.w.org\/{rel}","templated":true}]}}