{"id":225,"date":"2024-07-17T16:04:01","date_gmt":"2024-07-17T16:04:01","guid":{"rendered":"https:\/\/jacob.si\/?post_type=product&#038;p=225"},"modified":"2025-02-19T09:44:58","modified_gmt":"2025-02-19T09:44:58","slug":"grelna-blazina-nates-siva","status":"publish","type":"product","link":"https:\/\/jacob.si\/de\/produkt\/grelna-blazina-nates-siva\/","title":{"rendered":"Heizkissen - NATES \/ Grau"},"content":{"rendered":"<p><strong>Mensa Heizung NATES<\/strong> Ein Heizkissen h\u00e4lt uns an k\u00fchleren Fr\u00fchlingsabenden im Garten, auf Reisen oder bei einem Fu\u00dfballspiel im Sp\u00e4therbst warm. Das Heizkissen kann \u00fcberallhin mitgenommen und bei jedem Wetter verwendet werden. Das kabellose Heizkissen f\u00fcr den Au\u00dfenbereich mit hervorragender Leistung kann bis zu 40\u00b0C heizen. Seine Funktionsweise entspricht der von beheizbaren Autositzen. Mit dem mitgelieferten wiederaufladbaren Li-Ionen-Akku k\u00f6nnen Sie die W\u00e4rme 5 bis 8 Stunden lang genie\u00dfen.<\/p>\n<p><strong>Mensa Heizung<\/strong> Die Heizkissen sind die effektivste L\u00f6sung f\u00fcr Sitzgelegenheiten im Freien bei allen Wetter- und Temperaturbedingungen. Sie sind mit ihrem eigenen Textilband\/Griff leicht zu transportieren und mit einem einzigen Knopf zu bedienen und lassen uns nicht im Stich. Die mitgelieferte wiederaufladbare Batterie \"Powerbank\" kann auch zum Aufladen Ihres Mobiltelefons verwendet werden.<\/p>\n<p><strong>Verl\u00e4ngern wir die Zeit des Sitzens und Genie\u00dfens der frischen Luft.<\/strong><\/p>\n<p>&nbsp;<\/p>\n<hr \/>\n<p><strong>BENEFITS<\/strong><\/p>\n<ul>\n<li>vollst\u00e4ndige Autonomie (keine konstante Stromversorgung erforderlich)<\/li>\n<li>3 Heizleistungsstufen<\/li>\n<li>robustes und widerstandsf\u00e4higes Material<\/li>\n<li>Tragegriff und Riemen<\/li>\n<li>schnelle Erw\u00e4rmung \/ sofortige Anwendbarkeit<\/li>\n<\/ul>\n<p><strong>N\u00d6TIGKEIT<\/strong><\/p>\n<ul>\n<li>Balkone, Terrassen, Campingpl\u00e4tze, Wanderungen, usw.<\/li>\n<li>Beheizung der Sitzfl\u00e4che von Rollst\u00fchlen<\/li>\n<li>geeignet f\u00fcr Druck- und Marketingzwecke<\/li>\n<li>Ideal f\u00fcr die Ausgabe in Stadien und Eisstadien w\u00e4hrend der Spielzeit<\/li>\n<li>geeignet als Heizmatte f\u00fcr Haustiere<\/li>\n<\/ul>\n<p><strong>TECHNISCHES BLATT<\/strong><br \/>\n<a href=\"https:\/\/jacob.si\/wp-content\/uploads\/2024\/07\/Tehnicni_List_NATES.pdf\" target=\"_blank\" rel=\"noopener\"><br \/>\n<img loading=\"lazy\" decoding=\"async\" class=\"alignnone size-full wp-image-206\" src=\"https:\/\/jacob.si\/wp-content\/uploads\/2024\/07\/mensa_heating_tehnicni_list_icon_150x206_300dpi-copy.webp\" alt=\"\" width=\"150\" height=\"206\" \/><br \/>\n<\/a><\/p>\n<p>*Detaillierte Produktinformationen finden Sie im Datenblatt<\/p>\n<p><strong>Mensa Heizung Aps.<\/strong><br \/>\nDer d\u00e4nische Hersteller von Heiztischen und Heizprodukten f\u00fcr den Au\u00dfenbereich ist weltweit f\u00fchrend und bekannt f\u00fcr Innovation, hohe Qualit\u00e4t und hervorragendes Design. Die Produkte von Mensa Heating sind \u00e4u\u00dferst effizient und wandeln bis zu 92 % der eingesetzten Energie in W\u00e4rme um, was im Vergleich zu konkurrierenden L\u00f6sungen eine Einsparung von mehr als 80 % bedeutet.<\/p>\n<p><strong>Wenn Sie weitere Informationen w\u00fcnschen, rufen Sie einen Verkaufsberater unter T +386(0)31 878 848 an oder senden Sie eine E-Mail an E prodaja@jacob.si. Wir helfen Ihnen gerne weiter.<\/strong><\/p>\n<p>&nbsp;<\/p>","protected":false},"excerpt":{"rendered":"<p>PREISE SIND EXKLUSIVE MEHRWERTSTEUER<br \/>\nDie Mehrwertsteuer wird bei Abschluss des Kaufs berechnet.<\/p>\n<p>KOSTENLOSER VERSAND!<br \/>\nF\u00fcr Bestellungen \u00fcber \u20ac100 ist die Lieferung innerhalb der EU kostenlos.<\/p>","protected":false},"featured_media":230,"template":"","meta":{"inline_featured_image":false},"product_brand":[],"product_cat":[154,91,24,150],"product_tag":[18],"class_list":{"0":"post-225","1":"product","2":"type-product","3":"status-publish","4":"has-post-thumbnail","6":"product_cat-mensa-heating","7":"product_cat-trgovina","8":"product_cat-drugi-izdelki","9":"product_cat-ogrevanje-teras","10":"product_tag-mensa-heating","12":"first","13":"instock","14":"taxable","15":"shipping-taxable","16":"purchasable","17":"product-type-simple"},"jetpack_sharing_enabled":true,"_links":{"self":[{"href":"https:\/\/jacob.si\/de\/wp-json\/wp\/v2\/product\/225","targetHints":{"allow":["GET"]}}],"collection":[{"href":"https:\/\/jacob.si\/de\/wp-json\/wp\/v2\/product"}],"about":[{"href":"https:\/\/jacob.si\/de\/wp-json\/wp\/v2\/types\/product"}],"wp:featuredmedia":[{"embeddable":true,"href":"https:\/\/jacob.si\/de\/wp-json\/wp\/v2\/media\/230"}],"wp:attachment":[{"href":"https:\/\/jacob.si\/de\/wp-json\/wp\/v2\/media?parent=225"}],"wp:term":[{"taxonomy":"product_brand","embeddable":true,"href":"https:\/\/jacob.si\/de\/wp-json\/wp\/v2\/product_brand?post=225"},{"taxonomy":"product_cat","embeddable":true,"href":"https:\/\/jacob.si\/de\/wp-json\/wp\/v2\/product_cat?post=225"},{"taxonomy":"product_tag","embeddable":true,"href":"https:\/\/jacob.si\/de\/wp-json\/wp\/v2\/product_tag?post=225"}],"curies":[{"name":"wp","href":"https:\/\/api.w.org\/{rel}","templated":true}]}}