{"id":190,"date":"2024-07-15T14:32:42","date_gmt":"2024-07-15T14:32:42","guid":{"rendered":"https:\/\/jacob.si\/?post_type=product&#038;p=190"},"modified":"2025-04-14T09:05:16","modified_gmt":"2025-04-14T09:05:16","slug":"clage-mini-mcx-7","status":"publish","type":"product","link":"https:\/\/jacob.si\/de\/produkt\/clage-mini-mcx-7\/","title":{"rendered":"Mini-Wassererhitzer - MCX 7"},"content":{"rendered":"<p><strong>CLAGE E-mini MCX 7<\/strong> ist ein elektronisch gesteuerter Durchlauferhitzer in kompakter Bauweise f\u00fcr die energieeffiziente Warmwasserversorgung direkt am Waschbecken. Die Auslauftemperatur wird elektronisch geregelt, so dass die ideale Wassertemperatur ohne Beimischung von kaltem Wasser erreicht wird. \u00dcber die Tasten mit LED-Hintergrundbeleuchtung und Touch Control kann die Temperatur auf 35\u00b0C, 38\u00b0C oder maximal 45\u00b0C eingestellt werden. Im Lieferumfang sind bereits ein T-St\u00fcck und ein flexibler Verbindungsschlauch f\u00fcr den Anschluss an ein Eckventil unter der Sp\u00fcle oder dem Waschbecken enthalten. Funktioniert sowohl mit Druck- als auch mit Nichtdruckarmaturen.<\/p>\n<p><strong>Die CLAGE Smart Control\"-App kann mit der optionalen Installation eines Bluetooth-Adapters genutzt werden, der als Zubeh\u00f6r bestellt werden kann.<\/strong><\/p>\n<p><strong>CLAGE Durchlauferhitzer<\/strong> sind die effizienteste L\u00f6sung f\u00fcr die Warmwasserversorgung. Anstatt das Wasser vorzuheizen und zu speichern, wie dies bei herk\u00f6mmlichen Heizkesseln der Fall ist, wird es erw\u00e4rmt, w\u00e4hrend es durch das Ger\u00e4t flie\u00dft. Dadurch werden W\u00e4rmeverluste durch die W\u00e4nde des Speichers (Heizkessel) sowie Wasser- und Energieverluste in den Rohrleitungen vermieden. Au\u00dferdem sind keine doppelten Warm- und Kaltwasserinstallationen erforderlich, da nur die Kaltwasserversorgung ausreicht.<\/p>\n<p><strong>BENEFITS<\/strong><\/p>\n<p>- geringe Investition<br \/>\n- niedrige Betriebskosten<br \/>\n- Energieeinsparungen<br \/>\n- platzsparend<br \/>\n- gew\u00fcnschte Temperatur sofort verf\u00fcgbar<br \/>\n- ein h\u00f6heres Ma\u00df an Hygiene<\/p>\n<p><strong>TECHNISCHER KATALOG<\/strong><br \/>\n<a href=\"https:\/\/jacob.si\/wp-content\/uploads\/2024\/08\/CLAGE_Prospekt_General.pdf\" target=\"_blank\" rel=\"noopener\"><br \/>\n<img loading=\"lazy\" decoding=\"async\" class=\"alignnone size-full wp-image-206\" src=\"https:\/\/jacob.si\/wp-content\/uploads\/2024\/08\/03_clage_icon_150x206_300dpi.webp\" alt=\"\" width=\"150\" height=\"206\" \/><br \/>\n<\/a><\/p>\n<p>*Detaillierte Produktinformationen finden Sie im Datenblatt<\/p>\n<p><strong>CLAGE GmbH<\/strong><br \/>\nDer deutsche Hersteller von Durchlauferhitzern mit 75-j\u00e4hriger Tradition ist ein weltweit f\u00fchrendes Unternehmen, das f\u00fcr Innovation, hohe Qualit\u00e4t und \u00fcberlegenes Design bekannt ist. CLAGE Produkte sind \u00e4u\u00dferst effizient, wirtschaftlich und bieten erhebliche Einsparungen sowohl beim Energieverbrauch als auch bei der Investition selbst.<\/p>\n<p><strong>Wenn Sie weitere Informationen w\u00fcnschen, rufen Sie einen Verkaufsberater unter T +386(0)31 878 848 an oder senden Sie eine E-Mail an E prodaja@jacob.si. Wir helfen Ihnen gerne weiter.<\/strong><\/p>\n<p>&nbsp;<\/p>","protected":false},"excerpt":{"rendered":"<p>PREISE SIND EXKLUSIVE MEHRWERTSTEUER<br \/>\nDie Mehrwertsteuer wird bei Abschluss des Kaufs berechnet.<\/p>\n<p>KOSTENLOSER VERSAND!<br \/>\nF\u00fcr Bestellungen \u00fcber \u20ac100 ist die Lieferung innerhalb der EU kostenlos.<\/p>","protected":false},"featured_media":191,"template":"","meta":{"inline_featured_image":false},"product_brand":[],"product_cat":[153,91,65],"product_tag":[66],"class_list":{"0":"post-190","1":"product","2":"type-product","3":"status-publish","4":"has-post-thumbnail","6":"product_cat-clage","7":"product_cat-trgovina","8":"product_cat-grelniki-vode","9":"product_tag-cage","11":"first","12":"instock","13":"taxable","14":"shipping-taxable","15":"purchasable","16":"product-type-simple"},"jetpack_sharing_enabled":true,"_links":{"self":[{"href":"https:\/\/jacob.si\/de\/wp-json\/wp\/v2\/product\/190","targetHints":{"allow":["GET"]}}],"collection":[{"href":"https:\/\/jacob.si\/de\/wp-json\/wp\/v2\/product"}],"about":[{"href":"https:\/\/jacob.si\/de\/wp-json\/wp\/v2\/types\/product"}],"wp:featuredmedia":[{"embeddable":true,"href":"https:\/\/jacob.si\/de\/wp-json\/wp\/v2\/media\/191"}],"wp:attachment":[{"href":"https:\/\/jacob.si\/de\/wp-json\/wp\/v2\/media?parent=190"}],"wp:term":[{"taxonomy":"product_brand","embeddable":true,"href":"https:\/\/jacob.si\/de\/wp-json\/wp\/v2\/product_brand?post=190"},{"taxonomy":"product_cat","embeddable":true,"href":"https:\/\/jacob.si\/de\/wp-json\/wp\/v2\/product_cat?post=190"},{"taxonomy":"product_tag","embeddable":true,"href":"https:\/\/jacob.si\/de\/wp-json\/wp\/v2\/product_tag?post=190"}],"curies":[{"name":"wp","href":"https:\/\/api.w.org\/{rel}","templated":true}]}}