{"id":180,"date":"2023-04-20T05:22:40","date_gmt":"2023-04-20T05:22:40","guid":{"rendered":"https:\/\/jacob.si\/?post_type=product&#038;p=180"},"modified":"2025-02-19T09:43:41","modified_gmt":"2025-02-19T09:43:41","slug":"vlazilni-sistem-fog-40","status":"publish","type":"product","link":"https:\/\/jacob.si\/de\/produkt\/vlazilni-sistem-fog-40\/","title":{"rendered":"L-St\u00fcck - \u00d86,35 mm"},"content":{"rendered":"<p>Idrobase L St\u00fcck f\u00fcr lineares System... Beschreibung folgt in K\u00fcrze...<\/p>","protected":false},"excerpt":{"rendered":"<p>PREISE SIND EXKLUSIVE MEHRWERTSTEUER<br \/>\nDie Mehrwertsteuer wird bei Abschluss des Kaufs berechnet.<\/p>\n<p>KOSTENLOSER VERSAND!<br \/>\nKostenlose Lieferung in die EU bei Bestellungen \u00fcber 100 \u20ac.<\/p>","protected":false},"featured_media":434,"template":"","meta":{"inline_featured_image":false},"product_brand":[],"product_cat":[155,91,20,23],"product_tag":[40],"class_list":{"0":"post-180","1":"product","2":"type-product","3":"status-publish","4":"has-post-thumbnail","6":"product_cat-idrobase","7":"product_cat-trgovina","8":"product_cat-hlajenje-vlazenje","9":"product_cat-deli-oprema","10":"product_tag-idrobase","12":"first","13":"instock","14":"taxable","15":"shipping-taxable","16":"purchasable","17":"product-type-simple"},"jetpack_sharing_enabled":true,"_links":{"self":[{"href":"https:\/\/jacob.si\/de\/wp-json\/wp\/v2\/product\/180","targetHints":{"allow":["GET"]}}],"collection":[{"href":"https:\/\/jacob.si\/de\/wp-json\/wp\/v2\/product"}],"about":[{"href":"https:\/\/jacob.si\/de\/wp-json\/wp\/v2\/types\/product"}],"wp:featuredmedia":[{"embeddable":true,"href":"https:\/\/jacob.si\/de\/wp-json\/wp\/v2\/media\/434"}],"wp:attachment":[{"href":"https:\/\/jacob.si\/de\/wp-json\/wp\/v2\/media?parent=180"}],"wp:term":[{"taxonomy":"product_brand","embeddable":true,"href":"https:\/\/jacob.si\/de\/wp-json\/wp\/v2\/product_brand?post=180"},{"taxonomy":"product_cat","embeddable":true,"href":"https:\/\/jacob.si\/de\/wp-json\/wp\/v2\/product_cat?post=180"},{"taxonomy":"product_tag","embeddable":true,"href":"https:\/\/jacob.si\/de\/wp-json\/wp\/v2\/product_tag?post=180"}],"curies":[{"name":"wp","href":"https:\/\/api.w.org\/{rel}","templated":true}]}}