{"id":137,"date":"2023-04-18T07:22:03","date_gmt":"2023-04-18T07:22:03","guid":{"rendered":"https:\/\/jacob.si\/?post_type=product&#038;p=137"},"modified":"2025-10-28T12:19:58","modified_gmt":"2025-10-28T12:19:58","slug":"mensa-heating-statio-pro","status":"publish","type":"product","link":"https:\/\/jacob.si\/de\/produkt\/mensa-heating-statio-pro\/","title":{"rendered":"Heiztisch - Statio PRO"},"content":{"rendered":"<p><strong>Mensa Heizung Statio PRO<\/strong> Professioneller Bar-W\u00e4rmetisch (hoch) mit eingebauter Kurzwellen-Infrarot-Heizung im Tischfu\u00df. Der Statio PRO gilt als der wirtschaftlichste W\u00e4rmetisch in seinem Segment. Dank seines Kurzwellen-Infrarot-Heizsystems und des innovativen bipolaren Reflektors bietet er mit nur 700 W eine \u00e4hnliche Wirkung wie Konkurrenzprodukte mit 1.600 W. Mit Statio haben Sie an kalten Abenden oder k\u00fchlen Tagen immer eine angenehme W\u00e4rme zur Verf\u00fcgung.<\/p>\n<p><strong>Mensa Heizung Heizungstabellen<\/strong> sind ein hochwertiges Produkt eines d\u00e4nischen Herstellers, das sich durch sein minimalistisches und benutzerfreundliches Design auszeichnet. Sie wurden entwickelt, um den Tag oder die Saison zu verl\u00e4ngern, denn wir bei Mensa Heating wissen, wie wichtig es ist, die frische Luft zu genie\u00dfen. Die verschiedenen Versionen f\u00fcr unterschiedliche Zwecke sind aus rostfreiem Material gefertigt und lassen sich dank ihres geringen Gewichts leicht transportieren und verstauen. Da sich das Heizelement in Reichweite von F\u00fc\u00dfen, Kindern und Haustieren befindet, wurde besonderer Wert auf die Sicherheit der Benutzer gelegt, so dass alle Teile w\u00e4hrend des Betriebs sicher ber\u00fchrt werden k\u00f6nnen. Die patentierte L\u00f6sung ist einzigartig in diesem Produktsegment!<\/p>\n<p><strong>SAISONVERL\u00c4NGERER<\/strong><br \/>\nNeue Heiztechnologien k\u00f6nnen unsere Freiluftsaison um mehrere Monate verl\u00e4ngern. Und wir sind oft froh, wenn wir sie an k\u00fchlen Sommerabenden einschalten k\u00f6nnen. Und f\u00fcr Gastronomen ist es eine M\u00f6glichkeit, ihren G\u00e4sten Komfort und ein tolles Erlebnis zu bieten, das sie nicht vergessen werden.<\/p>\n<p>&nbsp;<\/p>\n<hr \/>\n<p><strong>Wie funktioniert das?<\/strong><br \/>\nKurzwelliges Infrarot ist ein Bereich des Lichtspektrums, der wie das von der Sonne erzeugte Licht f\u00fcr das Auge unsichtbare W\u00e4rme abstrahlt. Kurzwellige Infrarotwellen durchdringen die Atmosph\u00e4re, ohne sich in W\u00e4rme umzuwandeln, da sie nur dann zu W\u00e4rme werden, wenn sie auf dichteres Material als Luft treffen. Auf diese Weise heizen wir die Atmosph\u00e4re nicht auf und haben folglich keine Verluste. Das harmlose Infrarotlicht wird genutzt, um die Schwingung in unseren Zellen zu erh\u00f6hen, wodurch eine angenehme, wohltuende W\u00e4rme im ganzen K\u00f6rper entsteht. Diese Heizung eignet sich nur zum Heizen im Freien oder \u00fcberall dort, wo eine atmosph\u00e4rische Heizung nicht m\u00f6glich oder sinnvoll ist. Die kurzwellige Infrarotheizung ist das wirtschaftlichste Heizsystem auf dem Markt, sie ist ger\u00e4uschlos, geruchlos und verbrennt keinen Sauerstoff.<\/p>\n<p><strong>Sicherheit - SAFE TOUCH<\/strong><br \/>\nMensa Heating-Produkte sind die einzigen auf dem Markt mit der patentierten \"SAFE TOUCH\"-L\u00f6sung, die Sicherheit bei Kontakt mit den normalerweise hei\u00dfen Teilen des Heizger\u00e4ts gew\u00e4hrleistet. Die Produkte von Mensa Heating k\u00f6nnen an jeder Stelle und zu jeder Zeit w\u00e4hrend des Betriebs ber\u00fchrt werden, ohne dass es zu Verbrennungen kommt. Dadurch werden unangenehme Unf\u00e4lle und m\u00f6gliche Rechtsstreitigkeiten vermieden. Mensa Heating-Produkte gelten als die sichersten Outdoor-Heizger\u00e4te der Welt!<\/p>\n<p><strong>Umweltfreundlich<\/strong><br \/>\nIm Gegensatz zu den 10-mal verschwenderischeren Gasheizungen und den 2-3-mal verschwenderischeren konventionellen elektrischen Infrarotheizungen bieten wir die umweltfreundlichsten Outdoor-Heizungen auf dem Markt. Unsere Produkte sorgen f\u00fcr Respekt vor der Umwelt, da der 89% im Vergleich zu herk\u00f6mmlichen Gasheizungen CO2 einspart und im Vergleich zu herk\u00f6mmlichen Infrarotheizungen deutlich weniger Strom verbraucht.<\/p>\n<p><strong>WICHTIG!<br \/>\nTischplatte nicht im Angebot enthalten! Die Basistischplatten des f\u00fchrenden Herstellers Werzalit in schwarz finden Sie ebenfalls in unserem Verkaufsprogramm, ansonsten k\u00f6nnen Sie jede beliebige Tischplatte auf den beheizten Tisch (Sockel) montieren.<\/strong><\/p>\n<p><strong>WICHTIG!<\/strong><br \/>\nNicht jede Infrarotheizung ist eine Elektroheizung.<br \/>\nNicht jede elektrische Infrarotheizung ist eine kurzwellige Heizung.<br \/>\nNicht jeder elektrische Infrarot-Kurzwellenstrahler - Mensa-Heizstrahler.<\/p>\n<p>&nbsp;<\/p>\n<hr \/>\n<p><strong>BENEFITS<\/strong><\/p>\n<ul>\n<li>Niedrige Betriebskosten \/ 92% Effizienz<\/li>\n<li>sie erw\u00e4rmt nicht die Atmosph\u00e4re, sondern nur den K\u00f6rper<\/li>\n<li>W\u00e4rme sofort \/ 90 % Leistung verf\u00fcgbar in 1s<\/li>\n<li>gerichtete Heizung \/ nur dort, wo Sie es w\u00fcnschen<\/li>\n<li>Keine Emissionen und kein Sauerstoffverbrauch<\/li>\n<\/ul>\n<p><strong>ZWECK<\/strong><\/p>\n<ul>\n<li>HoReCa - Restaurants, Bars, Hotels<\/li>\n<li>Balkone, Terrassen, G\u00e4rten, Sommerk\u00fcchen<\/li>\n<li>Campingpl\u00e4tze, Picknickpl\u00e4tze, Boote<\/li>\n<li>Hochzeiten, Partys oder Feiern im Freien<\/li>\n<li>viel mehr...<\/li>\n<\/ul>\n<p><strong>Mensa Heizung Aps.<\/strong><br \/>\nDer d\u00e4nische Hersteller von Heiztischen und Heizprodukten f\u00fcr den Au\u00dfenbereich ist weltweit f\u00fchrend und bekannt f\u00fcr Innovation, hohe Qualit\u00e4t und hervorragendes Design. Die Produkte von Mensa Heating sind \u00e4u\u00dferst effizient und wandeln bis zu 92 % der eingesetzten Energie in W\u00e4rme um, was im Vergleich zu konkurrierenden L\u00f6sungen eine Einsparung von mehr als 80 % bedeutet.<\/p>\n<p><strong>Wenn Sie weitere Informationen w\u00fcnschen, rufen Sie einen Verkaufsberater unter T +386(0)31 878 848 an oder senden Sie eine E-Mail an E prodaja@jacob.si. Wir helfen Ihnen gerne weiter.<\/strong><\/p>\n<p>&nbsp;<\/p>","protected":false},"excerpt":{"rendered":"<p>PREISE SIND EXKLUSIVE MEHRWERTSTEUER<br \/>\nDie Mehrwertsteuer wird bei Abschluss des Kaufs berechnet.<\/p>\n<p>KOSTENLOSER VERSAND!<br \/>\nF\u00fcr Bestellungen \u00fcber \u20ac100 ist die Lieferung innerhalb der EU kostenlos.<\/p>","protected":false},"featured_media":395,"template":"","meta":{"inline_featured_image":false},"product_brand":[],"product_cat":[154,91,17,150],"product_tag":[18],"class_list":{"0":"post-137","1":"product","2":"type-product","3":"status-publish","4":"has-post-thumbnail","6":"product_cat-mensa-heating","7":"product_cat-trgovina","8":"product_cat-grelne-mize","9":"product_cat-ogrevanje-teras","10":"product_tag-mensa-heating","12":"first","13":"instock","14":"sale","15":"taxable","16":"shipping-taxable","17":"purchasable","18":"product-type-simple"},"jetpack_sharing_enabled":true,"_links":{"self":[{"href":"https:\/\/jacob.si\/de\/wp-json\/wp\/v2\/product\/137","targetHints":{"allow":["GET"]}}],"collection":[{"href":"https:\/\/jacob.si\/de\/wp-json\/wp\/v2\/product"}],"about":[{"href":"https:\/\/jacob.si\/de\/wp-json\/wp\/v2\/types\/product"}],"wp:featuredmedia":[{"embeddable":true,"href":"https:\/\/jacob.si\/de\/wp-json\/wp\/v2\/media\/395"}],"wp:attachment":[{"href":"https:\/\/jacob.si\/de\/wp-json\/wp\/v2\/media?parent=137"}],"wp:term":[{"taxonomy":"product_brand","embeddable":true,"href":"https:\/\/jacob.si\/de\/wp-json\/wp\/v2\/product_brand?post=137"},{"taxonomy":"product_cat","embeddable":true,"href":"https:\/\/jacob.si\/de\/wp-json\/wp\/v2\/product_cat?post=137"},{"taxonomy":"product_tag","embeddable":true,"href":"https:\/\/jacob.si\/de\/wp-json\/wp\/v2\/product_tag?post=137"}],"curies":[{"name":"wp","href":"https:\/\/api.w.org\/{rel}","templated":true}]}}