{"id":819,"date":"2024-09-23T07:03:17","date_gmt":"2024-09-23T07:03:17","guid":{"rendered":"https:\/\/jacob.si\/?page_id=819"},"modified":"2024-09-23T07:15:39","modified_gmt":"2024-09-23T07:15:39","slug":"pogoji-poslovanja","status":"publish","type":"page","link":"https:\/\/jacob.si\/de\/pogoji-poslovanja\/","title":{"rendered":"Bedingungen und Konditionen"},"content":{"rendered":"<section class=\"bde-section-819-100 bde-section\">\n  \n  \n\t\n\n\n\n<div class=\"section-container\"><h1 class=\"bde-heading-819-101 bde-heading\">\nBedingungen und Konditionen\n<\/h1><h5 class=\"bde-heading-819-103 bde-heading\">\n1. einleitung\n<\/h5><div class=\"bde-text-819-102 bde-text\">\nWir empfehlen Ihnen, diese Allgemeinen Nutzungsbedingungen (die \"Bedingungen\") sorgf\u00e4ltig zu lesen, bevor Sie die Website https:\/\/www.jacob.si (die \"Website\") nutzen.<br><br>Durch den Zugriff auf die Website erkl\u00e4ren sich die Besucher der Website mit diesen Nutzungsbedingungen einverstanden. Dieses Dokument enth\u00e4lt die Bedingungen f\u00fcr die Nutzung der Website und stellt einen Vertrag zwischen dem Besucher\/Nutzer und dem Anbieter JACOB d.o.o. dar. Die Website https:\/\/www.jacob.si wird von dem Unternehmen JACOB, in\u017eeniring, d.o.o., Ihanska cesta 3, SI-1230 Dom\u017eale, Mat.nr. 1980955000, Dav.nr. 62914677 (nachstehend \"Anbieter\" genannt) betrieben.<br><br>Dieses Rechtsdokument stellt eine g\u00fcltige und rechtsverbindliche Vereinbarung zwischen Ihnen und dem Anbieter dar. Wenn Sie mit diesen Nutzungsbedingungen nicht einverstanden sind, verlassen Sie bitte unverz\u00fcglich diese Website. Die Nutzungsbedingungen sowie die Datenschutz- und Cookie-Richtlinie sind verbindliche und verbindliche Dokumente, denen jeder Besucher\/Nutzer beim Betreten der Website zustimmt.<br><br>Der Begriff \"Sie\" bezeichnet den Besucher\/Nutzer oder Kunden der Website. Wir\/unser\/uns\" bezeichnet den Anbieter. Der Begriff \"Nutzungsbedingungen\" bezeichnet die allgemeinen Gesch\u00e4ftsbedingungen f\u00fcr die Nutzung dieser Website. Die allgemeinen Nutzungsbedingungen regeln den Betrieb der Website, die Rechte des Nutzers und die Gesch\u00e4ftsbeziehung zwischen ihnen.\n<\/div><h5 class=\"bde-heading-819-104 bde-heading\">\n2. die Akzeptanz der Nutzungsbedingungen der Website\n<\/h5><div class=\"bde-text-819-114 bde-text\">\nDiese Nutzungsbedingungen und die Datenschutz- und Cookie-Richtlinie legen zusammen die Bedingungen fest, die die Nutzer akzeptieren, wenn sie die Website nutzen, um Informationen zu erhalten, einschlie\u00dflich Texten, Angeboten, Vorschl\u00e4gen, Nachrichten, Grafiken, Fotos und anderen Materialien, die auf der Website enthalten sind (zusammenfassend als \"Inhalt\" bezeichnet).<br><br>Die Nutzung der Website setzt voraus, dass Sie die vorliegenden Nutzungsbedingungen akzeptieren und einhalten. Es wird davon ausgegangen, dass Sie diese Nutzungsbedingungen zum Zeitpunkt Ihrer ersten Nutzung der Website akzeptiert haben.<br><br>Diese Nutzungsbedingungen gelten ausschlie\u00dflich f\u00fcr die Nutzung der Website und nicht f\u00fcr ein anderes Rechtsverh\u00e4ltnis zwischen Ihnen und dem Anbieter. Alle Informationen, die Sie von der Website erhalten, werden ausschlie\u00dflich als Leitfaden f\u00fcr die Nutzung der Website bereitgestellt. Alle anderen m\u00f6glichen individuellen Rechtsbeziehungen, Partnerschaften, Gesch\u00e4ftsbeziehungen, Kooperationen und dergleichen unterliegen einer separaten individuellen Vereinbarung.<br><br>Wenn Sie diese Nutzungsbedingungen nicht akzeptieren, raten wir Ihnen, nicht auf diese Website zuzugreifen oder sie zu nutzen.\n<\/div><h5 class=\"bde-heading-819-105 bde-heading\">\n3 Beschr\u00e4nkungen der Nutzung der Website\n<\/h5><div class=\"bde-text-819-115 bde-text\">\nDer Provider gew\u00e4hrt Ihnen ein pers\u00f6nliches, begrenztes, nicht ausschlie\u00dfliches und nicht \u00fcbertragbares Recht zur Nutzung der Website f\u00fcr Ihren pers\u00f6nlichen und nicht kommerziellen Gebrauch in \u00dcbereinstimmung mit diesen Nutzungsbedingungen. Als Bedingung f\u00fcr die Nutzung der Website akzeptieren und best\u00e4tigen Sie, dass Sie die Website nicht f\u00fcr ungesetzliche, unethische oder mit diesen Nutzungsbedingungen und dem Zweck, f\u00fcr den die Website erstellt wurde, unvereinbare Zwecke nutzen werden.<br><br>Der Provider beh\u00e4lt sich das Recht vor, Verst\u00f6\u00dfe gegen diese Nutzungsbedingungen, Bedrohungen und die unbefugte Nutzung der Website sorgf\u00e4ltig zu untersuchen und wird entsprechend und in jeder ihm angemessen erscheinenden Weise handeln, einschlie\u00dflich der Meldung von mutma\u00dflich rechtswidrigem Verhalten an die zust\u00e4ndigen Strafverfolgungsbeh\u00f6rden, Regulierungsbeh\u00f6rden oder andere zust\u00e4ndige Personen. Falls erforderlich und gesetzlich vorgeschrieben, wird der Provider alle relevanten Informationen an die oben genannten Beh\u00f6rden weitergeben, einschlie\u00dflich Personennamen, E-Mail-Adresse, IP-Adresse, Suchverlauf usw.<br><br>Sie d\u00fcrfen die Software nicht verwenden, um Informationen \u00fcber die Nutzung der Website durch andere Nutzer zu erhalten oder um diese zu identifizieren. Sie d\u00fcrfen die Website nicht vervielf\u00e4ltigen und\/oder sich als Anbieter (JACOB Ltd.) ausgeben und\/oder Inhalte dieser Website verkaufen, vermieten, unterlizenzieren, verleihen usw., es sei denn, dies ist in diesen Nutzungsbedingungen ausdr\u00fccklich erlaubt.<br><br>Sie best\u00e4tigen, dass Sie keine Aktivit\u00e4ten durchf\u00fchren werden, die nach unserem Ermessen eine unverh\u00e4ltnism\u00e4\u00dfige oder unangemessene Belastung unserer Website und der damit verbundenen Infrastruktur darstellen w\u00fcrden, oder die das ordnungsgem\u00e4\u00dfe Funktionieren der Website st\u00f6ren oder behindern w\u00fcrden, oder die versuchen, unsere Ma\u00dfnahmen zur Beschr\u00e4nkung des Zugriffs auf die Website zu umgehen.\n<\/div><h5 class=\"bde-heading-819-106 bde-heading\">\n4. die Nutzer der Website und die Kunden\n<\/h5><div class=\"bde-text-819-116 bde-text\">\nSoweit gesetzlich zul\u00e4ssig, schlie\u00dft der Provider seine Haftung in Bezug auf alle auf dieser Website bereitgestellten Inhalte aus, einschlie\u00dflich der Informationen und Materialien, die in Bezug auf Nutzer- und Besucherprofile, Fragen und Antworten, Informationsanfragen, Nutzerkommentare usw. verf\u00fcgbar sind.<br><br>Sie erkl\u00e4ren sich damit einverstanden und erkennen an, dass Sie die volle Verantwortung f\u00fcr alle von Ihnen dem Anbieter zur Verf\u00fcgung gestellten Inhalte tragen. Der Anbieter \u00fcbernimmt keine Garantie f\u00fcr die Richtigkeit, Integrit\u00e4t oder Qualit\u00e4t von Nutzerprofilen, Inhalten, Kommentaren usw. (zusammenfassend: Informationen).\n<\/div><h5 class=\"bde-heading-819-107 bde-heading\">\n5. der Haftungsausschluss\n<\/h5><div class=\"bde-text-819-117 bde-text\">\nDer Provider gibt keine ausdr\u00fccklichen oder stillschweigenden Zusicherungen oder Gew\u00e4hrleistungen, soweit dies nach geltendem Recht m\u00f6glich ist, in Bezug auf die Relevanz, Zuverl\u00e4ssigkeit, Verf\u00fcgbarkeit, Aktualit\u00e4t und Richtigkeit der Informationen, den Inhalt der Website und die Links zu Websites Dritter auf unserer Website, mit Ausnahme der in diesen Nutzungsbedingungen ausdr\u00fccklich genannten Inhalte und Informationen. Das Gleiche gilt f\u00fcr alle Informationen und Inhalte auf dieser Website und die mit der Website verlinkten Grafiken.<br><br>Die auf dieser Website enthaltenen Informationen \u00fcber Waren und Dienstleistungen k\u00f6nnen ungenau sein oder Druckfehler enthalten. Der Anbieter haftet nicht f\u00fcr direkte, indirekte Sch\u00e4den, Folgesch\u00e4den und\/oder andere Sch\u00e4den oder den Verlust von Daten, Gewinnen, Firmenwert oder Ruf, Personensch\u00e4den oder andere Sch\u00e4den, die sich aus:<br><br>I.) Ihren Zugang zu und Ihre Nutzung dieser Website;<br>II.) Unm\u00f6glichkeit, die Website zu nutzen;<br>III.) alle Informationen oder Inhalte auf unserer Website, die nicht zwingend f\u00fcr den Abschluss einer Gesch\u00e4ftsbeziehung erforderlich sind und die gesetzlich vorgeschrieben sind;<br>IV.) Informationen von Nutzern oder Material auf unserer Website. Dieser Haftungsausschluss gilt unabh\u00e4ngig davon, ob der Schaden durch Vertragsverletzung, Gef\u00e4hrdungshaftung, Fahrl\u00e4ssigkeit oder anderweitig verursacht wurde.<br><br>Ungeachtet dessen stellt der Anbieter die unter dem folgenden Punkt genannten Informationen stets zur Verf\u00fcgung und aktualisiert sie in transparenter Weise.\n<\/div><h5 class=\"bde-heading-819-108 bde-heading\">\n6. die Zug\u00e4nglichkeit von Informationen\n<\/h5><div class=\"bde-text-819-118 bde-text\">\nDer Lieferant verpflichtet sich, dem Abnehmer jederzeit die folgenden Informationen zur Verf\u00fcgung zu stellen:<br><br>I.) die Identit\u00e4t des Unternehmens (Name und eingetragener Sitz, Registernummer);<br>II.) Kontaktdaten, die es dem Nutzer erm\u00f6glichen, schnell und effizient zu kommunizieren (E-Mail, Telefon);<br>III.) die wesentlichen Merkmale der Waren oder Dienstleistungen (einschlie\u00dflich Kundendienst und Garantien);<br>IV.) Verf\u00fcgbarkeit der Artikel (jeder auf der Website angebotene Artikel oder Dienst sollte innerhalb einer angemessenen Zeitspanne verf\u00fcgbar sein);<br>V.) die Bedingungen f\u00fcr die Lieferung der Ware oder die Erbringung der Dienstleistung (Art, Ort und Zeitpunkt der Lieferung);<br>VI.) m\u00fcssen die Verkaufspreise klar und eindeutig angegeben werden und den Betrag etwaiger Steuern sowie die Transportkosten ausweisen;<br>VII.) Art der Zahlung und Lieferung;<br>VIII.) die zeitliche G\u00fcltigkeit des Angebots;<br>IX.) die Frist, innerhalb derer ein R\u00fccktritt vom Vertrag noch m\u00f6glich ist, und die Bedingungen f\u00fcr den R\u00fccktritt; au\u00dferdem, ob und wie viel es den K\u00e4ufer kostet, die Ware zur\u00fcckzusenden;<br>X.) eine Erl\u00e4uterung des Beschwerdeverfahrens, einschlie\u00dflich vollst\u00e4ndiger Angaben zur Kontaktperson oder zum Kundendienst.<br><br>Der Anbieter wird den Nutzer nur dann per Fernkommunikation kontaktieren, wenn der Nutzer nicht ausdr\u00fccklich widerspricht. Die Werbe-E-Mails enthalten folgende Elemente: Sie werden klar und eindeutig als Werbebotschaften gekennzeichnet, der Absender ist klar erkennbar, und verschiedene Kampagnen, Werbeaktionen und andere Marketingtechniken werden als solche gekennzeichnet. Die Bedingungen f\u00fcr die Teilnahme daran werden ebenfalls klar dargelegt, die M\u00f6glichkeit, den Erhalt von Werbenachrichten abzulehnen, wird deutlich dargelegt, und der Wunsch des Nutzers, keine Werbenachrichten zu erhalten, wird vom Anbieter ausdr\u00fccklich respektiert.\n<\/div><h5 class=\"bde-heading-819-109 bde-heading\">\n7 Nutzerbewertungen und Kommentare\n<\/h5><div class=\"bde-text-819-119 bde-text\">\nVon Kunden verfasste Bewertungen oder Kommentare sind Teil der Funktionalit\u00e4t der Website und f\u00fcr die Nutzergemeinschaft bestimmt. Der Anbieter erlaubt jedem registrierten Nutzer der Website, eine Bewertung zu schreiben, die vor der endg\u00fcltigen Ver\u00f6ffentlichung vom Anbieter \u00fcberpr\u00fcft wird. Der Anbieter wird keine Bewertungen oder Beitr\u00e4ge ver\u00f6ffentlichen, die in irgendeiner Weise beleidigend oder obsz\u00f6n sind oder die nach Ansicht des Anbieters keinen Nutzen f\u00fcr andere Nutzer und Besucher haben.<br><br>Mit dem Einreichen einer Meinung oder eines Kommentars erkl\u00e4rt sich der Nutzer ausdr\u00fccklich mit den Nutzungsbedingungen einverstanden und erm\u00e4chtigt den Anbieter, den Text ganz oder teilweise in allen elektronischen und sonstigen Medien zu ver\u00f6ffentlichen. Der Anbieter hat das Recht, die Inhalte zeitlich unbegrenzt und f\u00fcr jeden Zweck zu nutzen, der im kommerziellen Interesse des Anbieters liegt, einschlie\u00dflich der Ver\u00f6ffentlichung in Anzeigen oder anderen Marketingmitteilungen. Der Verfasser der Stellungnahme erkl\u00e4rt und garantiert au\u00dferdem, dass er Inhaber der materiellen und moralischen Urheberrechte an den geschriebenen Meinungen und Kommentaren ist und dass er diese Rechte auf nicht-exklusive und unbefristete Weise an den Anbieter abtritt.\n<\/div><h5 class=\"bde-heading-819-110 bde-heading\">\n8. die Preise\n<\/h5><div class=\"bde-text-819-120 bde-text\">\nAlle Preise enthalten die gesetzliche Mehrwertsteuer, sofern nicht ausdr\u00fccklich anders angegeben. Die Preise sind zum Zeitpunkt der Bestellung g\u00fcltig und haben keine im Voraus festgelegte G\u00fcltigkeit. Die Preise sind im Falle der Zahlung mit den angegebenen Zahlungsmitteln und -bedingungen g\u00fcltig. Trotz unserer Bem\u00fchungen, die aktuellsten und genauesten Informationen zu liefern, ist es m\u00f6glich, dass ein Preis falsch ist. In diesem Fall oder wenn sich der Preis w\u00e4hrend der Bearbeitung der Bestellung \u00e4ndert, wird der Anbieter dem K\u00e4ufer die M\u00f6glichkeit geben, vom Kauf zur\u00fcckzutreten, wobei der Anbieter dem K\u00e4ufer eine f\u00fcr beide Seiten zufriedenstellende L\u00f6sung anbieten wird.\n<\/div><h5 class=\"bde-heading-819-111 bde-heading\">\n9. der Haftungsausschluss\n<\/h5><div class=\"bde-text-819-121 bde-text\">\nDer Anbieter bem\u00fcht sich nach besten Kr\u00e4ften, dass die auf seiner Website ver\u00f6ffentlichten Informationen aktuell und korrekt sind. Bestimmte Informationen k\u00f6nnen sich jedoch so schnell \u00e4ndern, dass der Anbieter nicht in der Lage ist, sie rechtzeitig zu korrigieren.\n<\/div><h5 class=\"bde-heading-819-112 bde-heading\">\n10. das Recht auf Ablehnung, Sperrung von Nutzern, Beendigung der Website\n<\/h5><div class=\"bde-text-819-122 bde-text\">\nDer Provider beh\u00e4lt sich das Recht vor, einem Besucher jederzeit den Zugang zu dieser Website zu verweigern und den Besucher an der Nutzung der Website ganz oder teilweise zu hindern. Der Provider kann dies tun, wenn er berechtigten Grund zu der Annahme hat, dass:<br><br>I.) Sie haben gegen diese Nutzungsbedingungen und andere Regeln versto\u00dfen;<br>II.) es besteht ein potenzielles rechtliches Risiko oder das Risiko einer negativen Exposition f\u00fcr den Anbieter;<br>III.) es nicht mehr wirtschaftlich, machbar oder akzeptabel ist, den Zugang zur Website zu erm\u00f6glichen.<br><br>Wir werden uns bem\u00fchen, Sie rechtzeitig per E-Mail (sofern Sie uns diese zur Verf\u00fcgung gestellt haben) \u00fcber die Beendigung der Website, die Ablehnung eines Nutzers oder die Sperrung eines Nutzers zu informieren.\n<\/div><h5 class=\"bde-heading-819-113 bde-heading\">\n11. geistiges Eigentum\n<\/h5><div class=\"bde-text-819-123 bde-text\">\nDiese Website und ihr Inhalt sind geistiges Eigentum des Anbieters, seiner Partner oder seiner Autoren und d\u00fcrfen ohne die ausdr\u00fcckliche schriftliche Zustimmung des rechtm\u00e4\u00dfigen Eigent\u00fcmers der geistigen Eigentumsrechte weder f\u00fcr pers\u00f6nliche noch f\u00fcr kommerzielle Zwecke genutzt, kopiert, verkauft, vermietet, \u00fcbertragen oder anderweitig verbreitet oder verwertet werden, sofern in diesen Nutzungsbedingungen nichts anderes bestimmt ist.<br><br>Die Website https:\/\/www.jacob.si, das Logo, die Bilder, der Text, der Inhalt der Website, das grafische Design, die Datenbanken und die Corporate Identity sind das geistige Eigentum des Anbieters und\/oder seiner Partner. Alles oben Genannte geh\u00f6rt JACOB d.o.o. und\/oder seinen Partnern und ist deren ausschlie\u00dfliches Eigentum, einschlie\u00dflich aller materiellen Rechte an Texten, Grafiken, Inhalten, Marken, Datenbanken usw., die von Dritten, Auftragnehmern, Mitarbeitern, Beratern des Anbieters und anderen Partnern erstellt wurden. Mit der Annahme dieser Nutzungsbedingungen erkl\u00e4ren Sie sich damit einverstanden, dass alles Vorgenannte durch Urheberrechte, Markenrechte oder andere Rechte an geistigem Eigentum gesch\u00fctzt ist.<br><br>Sie d\u00fcrfen die Marke JACOB ohne ausdr\u00fcckliche Zustimmung als Referenz verwenden, wenn Sie sich auf bereits erbrachte oder durchgef\u00fchrte Dienstleistungen des Anbieters beziehen. Sie d\u00fcrfen sie auch f\u00fcr andere Zwecke nutzen, sofern Sie einen Vertrag mit uns abschlie\u00dfen und uns eine angemessene Verg\u00fctung anbieten. Jede andere Nutzung, insbesondere die kommerzielle Nutzung, bedarf der ausdr\u00fccklichen schriftlichen Zustimmung des Anbieters.<br><br>Es ist untersagt, die vom Anbieter, seinen Kunden oder seinen Gesch\u00e4ftspartnern und Beratern erhaltenen Informationen ohne die ausdr\u00fcckliche schriftliche Zustimmung des Anbieters zu verwenden. Das Gleiche gilt f\u00fcr Urheberrechte und andere geistige Eigentumsrechte des Anbieters, seiner Gesch\u00e4ftspartner, die f\u00fcr jegliche Zwecke, insbesondere f\u00fcr kommerzielle Zwecke, verwendet werden.\n<\/div><h5 class=\"bde-heading-819-124 bde-heading\">\n12 Links zu Websites Dritter\n<\/h5><div class=\"bde-text-819-128 bde-text\">\nDie Websites Dritter stehen nicht unter der Kontrolle des Providers und der Provider ist daher in keiner Weise verantwortlich f\u00fcr den Inhalt der Websites Dritter und f\u00fcr die auf den Websites Dritter enthaltenen Links zu anderen Websites. F\u00fcr die Websites Dritter gelten deren eigene Bedingungen und Konditionen. Verweise auf Websites Dritter auf unserer Website sind nicht als Empfehlung, Zustimmung oder Billigung der Website Dritter zu verstehen. Der Anbieter schlie\u00dft jegliche Haftung f\u00fcr Sch\u00e4den aus, die den Nutzern durch die Nutzung von Websites Dritter entstehen.\n<\/div><h5 class=\"bde-heading-819-125 bde-heading\">\n13. sonstiges\n<\/h5><div class=\"bde-text-819-129 bde-text\">\nDurch die Annahme dieser Nutzungsbedingungen entsteht keine Gesch\u00e4fts-, Partnerschafts-, Arbeits- oder sonstige Beziehung zwischen den Parteien.<br><br>Diese Bedingungen, einschlie\u00dflich unserer Datenschutz- und Cookie-Richtlinie, regeln das Rechtsverh\u00e4ltnis zwischen Ihnen und dem Anbieter ausschlie\u00dflich in Bezug auf die Nutzung dieser Website. Im Falle eines Kaufs \u00fcber die Website wird ein separater Vertrag geschlossen oder dem K\u00e4ufer eine Rechnung ausgestellt.<br><br>Sollte eine der Parteien ein ihr gem\u00e4\u00df diesen Nutzungsbedingungen zustehendes Recht nicht aus\u00fcben, so gilt ein solches Vers\u00e4umnis der Partei oder des Nutzers nicht als Verzicht auf dieses Recht oder als Verzicht auf andere Rechte, die sie als Nutzer der Website hat.<br><br>Der Anbieter haftet nicht f\u00fcr die Nichterf\u00fcllung seiner Verpflichtungen aus diesen Nutzungsbedingungen, wenn diese Nichterf\u00fcllung auf eine Ursache zur\u00fcckzuf\u00fchren ist, die au\u00dferhalb der Kontrolle des Anbieters liegt (h\u00f6here Gewalt).<br><br>Sollte eine Bestimmung dieser Nutzungsbedingungen f\u00fcr nicht durchsetzbar oder ung\u00fcltig befunden werden, wird diese Bestimmung in dem Ma\u00dfe eingeschr\u00e4nkt oder aufgehoben, wie es zur Aufrechterhaltung dieser Nutzungsbedingungen erforderlich ist.<br><br>Der Anbieter kann die Rechte und Pflichten aus diesen Nutzungsbedingungen ohne Ihre Zustimmung auf Dritte \u00fcbertragen.<br><br>Diese Nutzungsbedingungen treten in Kraft, sobald Sie die Website betreten, und erl\u00f6schen, wenn Sie die Website nicht mehr nutzen oder wenn diese Nutzungsbedingungen auslaufen.\n<\/div><h5 class=\"bde-heading-819-126 bde-heading\">\n14 Anwendbares Recht und Gerichtsbarkeit\n<\/h5><div class=\"bde-text-819-130 bde-text\">\nF\u00fcr die Auslegung der Bestimmungen dieser Allgemeinen Nutzungsbedingungen sowie der Datenschutz- und Cookie-Richtlinie gilt das Recht der Republik Slowenien. Die Parteien sind verpflichtet, ihre Streitigkeiten g\u00fctlich beizulegen. Sollte dies nicht m\u00f6glich sein, sind ausschlie\u00dflich die slowenischen Gerichte f\u00fcr die Beilegung zust\u00e4ndig.\n<\/div><h5 class=\"bde-heading-819-127 bde-heading\">\n15. \u00e4nderungen der Nutzungsbedingungen\n<\/h5><div class=\"bde-text-819-131 bde-text\">\nDer Provider beh\u00e4lt sich das Recht vor, die Nutzungsbedingungen f\u00fcr die Website jederzeit zu \u00e4ndern und zu aktualisieren. Es liegt in Ihrer Verantwortung, sich \u00fcber etwaige \u00c4nderungen zu informieren. Das Datum der letzten \u00c4nderung finden Sie am Ende dieses Dokuments. Wenn Sie Fragen haben, kontaktieren Sie uns bitte unter info(at)jacob.si. Wenn diese Nutzungsbedingungen f\u00fcr Sie unannehmbar werden oder Sie ihnen nach einer \u00c4nderung nicht zustimmen, stellen Sie bitte die Nutzung der Website ein. Durch die Nutzung der Website erkl\u00e4ren Sie sich mit den ge\u00e4nderten Nutzungsbedingungen einverstanden.\n<\/div><h5 class=\"bde-heading-819-134 bde-heading\">\n16. kontakt, Feedback und Beschwerden\n<\/h5><div class=\"bde-text-819-132 bde-text\">\nWenn Sie uns bez\u00fcglich der Nutzungsbedingungen oder der Datenschutz- und Cookie-Richtlinie kontaktieren m\u00f6chten, senden Sie uns bitte eine E-Mail an info(at)jacob.si. Sie erkl\u00e4ren sich damit einverstanden, dass Ihr Feedback zur Verbesserung und\/oder \u00c4nderung unserer Website verwendet werden kann, ohne dass eine Einschr\u00e4nkung oder Verpflichtung zur Zahlung besteht.\n<\/div><h6 class=\"bde-heading-819-135 bde-heading\">\nLetzte \u00c4nderung: September, 2024\n<\/h6><\/div>\n<\/section>","protected":false},"excerpt":{"rendered":"<p>Allgemeine Gesch\u00e4ftsbedingungen 1. Einleitung Wir empfehlen Ihnen, diese Allgemeinen Gesch\u00e4ftsbedingungen (die \"Bedingungen\") sorgf\u00e4ltig zu lesen, bevor Sie die Website https:\/\/www.jacob.si (die \"Website\") nutzen. Dieses Dokument legt die Bedingungen f\u00fcr die Nutzung der Website fest und stellt einen Vertrag zwischen dem Besucher\/Nutzer und dem Anbieter JACOB d.o.o. S [...]<\/p>","protected":false},"author":5,"featured_media":0,"parent":0,"menu_order":0,"comment_status":"closed","ping_status":"closed","template":"","meta":{"inline_featured_image":false,"_breakdance_hide_in_design_set":false,"_breakdance_tags":"","footnotes":""},"class_list":["post-819","page","type-page","status-publish","hentry"],"jetpack_sharing_enabled":true,"_links":{"self":[{"href":"https:\/\/jacob.si\/de\/wp-json\/wp\/v2\/pages\/819","targetHints":{"allow":["GET"]}}],"collection":[{"href":"https:\/\/jacob.si\/de\/wp-json\/wp\/v2\/pages"}],"about":[{"href":"https:\/\/jacob.si\/de\/wp-json\/wp\/v2\/types\/page"}],"author":[{"embeddable":true,"href":"https:\/\/jacob.si\/de\/wp-json\/wp\/v2\/users\/5"}],"replies":[{"embeddable":true,"href":"https:\/\/jacob.si\/de\/wp-json\/wp\/v2\/comments?post=819"}],"version-history":[{"count":0,"href":"https:\/\/jacob.si\/de\/wp-json\/wp\/v2\/pages\/819\/revisions"}],"wp:attachment":[{"href":"https:\/\/jacob.si\/de\/wp-json\/wp\/v2\/media?parent=819"}],"curies":[{"name":"wp","href":"https:\/\/api.w.org\/{rel}","templated":true}]}}