{"id":265,"date":"2024-07-18T11:19:30","date_gmt":"2024-07-18T11:19:30","guid":{"rendered":"https:\/\/jacob.si\/?page_id=265"},"modified":"2025-08-10T09:54:29","modified_gmt":"2025-08-10T09:54:29","slug":"ir-sevala","status":"publish","type":"page","link":"https:\/\/jacob.si\/de\/ir-sevala\/","title":{"rendered":"IR Sevilla"},"content":{"rendered":"<section class=\"bde-section-265-100 bde-section\">\n              \n  \n  \n\t\n\n  <div class=\"section-background-overlay\"><\/div>\n\n\n<div class=\"section-container\"><h1 class=\"bde-heading-265-101 bde-heading\">\nVerl\u00e4ngern Sie Ihre Saison mit und genie\u00dfen Sie die frische Luft, unabh\u00e4ngig von der Temperatur oder der Jahreszeit.\n<\/h1><div class=\"bde-text-265-102 bde-text\">\nLernen Sie die Heizk\u00f6rper des f\u00fchrenden Herstellers in diesem Bereich kennen, die h\u00f6chste Effizienz und Qualit\u00e4t garantieren.\n<\/div><div class=\"bde-image-265-135 bde-image\">\n<figure class=\"breakdance-image breakdance-image--28\">\n\t<div class=\"breakdance-image-container\">\n\t\t<div class=\"breakdance-image-clip\"><img loading=\"lazy\" decoding=\"async\" class=\"breakdance-image-object\" src=\"https:\/\/jacob.si\/wp-content\/uploads\/2022\/12\/Jacob_Burda_Logo.svg\" width=\"300\" height=\"300\" sizes=\"auto, (max-width: 300px) 100vw, 300px\"><\/div>\n\t<\/div><\/figure>\n\n<\/div><div class=\"bde-image-265-168 bde-image\">\n<figure class=\"breakdance-image breakdance-image--28\">\n\t<div class=\"breakdance-image-container\">\n\t\t<div class=\"breakdance-image-clip\"><img loading=\"lazy\" decoding=\"async\" class=\"breakdance-image-object\" src=\"https:\/\/jacob.si\/wp-content\/uploads\/2022\/12\/Jacob_Burda_Logo.svg\" width=\"150\" height=\"150\" sizes=\"auto, (max-width: 150px) 100vw, 150px\"><\/div>\n\t<\/div><\/figure>\n\n<\/div><div class=\"bde-button-265-103 bde-button\">\n        \n    \n    \n    \n    \n            \n                    \n            \n            \n\n    \n    \n    \n    \n    \n    <a class=\"breakdance-link button-atom button-atom--primary bde-button__button\" href=\"https:\/\/jacob.si\/de\/produkt-kategorie\/ogrevanje-teras\/\" target=\"_self\" data-type=\"url\"  >\n\n    \n        <span class=\"button-atom__text\">Ausw\u00e4hlen &amp; Bestellen<\/span>\n\n        \n        \n                <\/a>\n\n    \n\n\n<\/div><div class=\"bde-text-265-169 bde-text\">\nVertrauen Sie dem gr\u00f6\u00dften Anbieter von Terrassenheizungen in Slowenien!\n<\/div><\/div>\n<\/section><section class=\"bde-section-265-104 bde-section\">\n  \n  \n\t\n\n\n\n<div class=\"section-container\"><div class=\"bde-columns-265-105 bde-columns\"><div class=\"bde-column-265-106 bde-column\">\n  \n  \n\t\n\n\n\n<h2 class=\"bde-heading-265-107 bde-heading\">\nWie funktioniert das?\n<\/h2><div class=\"bde-fancy-divider-265-108 bde-fancy-divider\">\n\n\n<div class=\"bde-fancy-divider__wrapper\">\n  <div class=\"bde-fancy-divider__separator\">\n  \t  <\/div>\n<\/div>\n\n<\/div><div class=\"bde-text-265-109 bde-text\">\nMit Hilfe von harmlosem Infrarotlicht wird die Schwingung in unseren Zellen erh\u00f6ht, die dann den K\u00f6rper erw\u00e4rmt. Da die Infrarot-W\u00e4rmequelle so positioniert ist, dass das nat\u00fcrliche W\u00e4rmesystem des K\u00f6rpers optimiert wird, entsteht eine angenehme, wohltuende W\u00e4rme im ganzen K\u00f6rper.\n<\/div><div class=\"bde-button-265-136 bde-button\">\n        \n    \n    \n    \n    \n            \n                    \n            \n            \n\n    \n    \n    \n    \n    \n    <a class=\"breakdance-link button-atom button-atom--primary bde-button__button\" href=\"https:\/\/jacob.si\/de\/produkt-kategorie\/ir-sevala\/\" target=\"_self\" data-type=\"url\"  >\n\n    \n        <span class=\"button-atom__text\">Ausw\u00e4hlen &amp; Bestellen<\/span>\n\n        \n        \n                <\/a>\n\n    \n\n\n<\/div>\n<\/div><div class=\"bde-column-265-110 bde-column\">\n  \n  \n\t\n\n\n\n<div class=\"bde-image-265-111 bde-image\">\n<figure class=\"breakdance-image breakdance-image--412\">\n\t<div class=\"breakdance-image-container\">\n\t\t<div class=\"breakdance-image-clip\"><img loading=\"lazy\" decoding=\"async\" class=\"breakdance-image-object\" src=\"https:\/\/jacob.si\/wp-content\/uploads\/2024\/07\/ir_sevala_12.webp\" width=\"1000\" height=\"1000\" srcset=\"https:\/\/jacob.si\/wp-content\/uploads\/2024\/07\/ir_sevala_12.webp 1000w, https:\/\/jacob.si\/wp-content\/uploads\/2024\/07\/ir_sevala_12-300x300.webp 300w, https:\/\/jacob.si\/wp-content\/uploads\/2024\/07\/ir_sevala_12-150x150.webp 150w, https:\/\/jacob.si\/wp-content\/uploads\/2024\/07\/ir_sevala_12-768x768.webp 768w, https:\/\/jacob.si\/wp-content\/uploads\/2024\/07\/ir_sevala_12-600x600.webp 600w, https:\/\/jacob.si\/wp-content\/uploads\/2024\/07\/ir_sevala_12-100x100.webp 100w\" sizes=\"auto, (max-width: 1000px) 100vw, 1000px\"><\/div>\n\t<\/div><\/figure>\n\n<\/div><div class=\"bde-button-265-162 bde-button\">\n        \n    \n    \n    \n    \n            \n                    \n            \n            \n\n    \n    \n    \n    \n    \n    <a class=\"breakdance-link button-atom button-atom--primary bde-button__button\" href=\"https:\/\/jacob.si\/de\/produkt-kategorie\/ir-sevala\/\" target=\"_self\" data-type=\"url\"  >\n\n    \n        <span class=\"button-atom__text\">Ausw\u00e4hlen &amp; Bestellen<\/span>\n\n        \n        \n                <\/a>\n\n    \n\n\n<\/div>\n<\/div><\/div><\/div>\n<\/section><section class=\"bde-section-265-112 bde-section\">\n  \n  \n\t\n\n\n\n<div class=\"section-container\"><div class=\"bde-columns-265-113 bde-columns\"><div class=\"bde-column-265-114 bde-column\">\n  \n  \n\t\n\n\n\n<div class=\"bde-image-265-115 bde-image\">\n<figure class=\"breakdance-image breakdance-image--411\">\n\t<div class=\"breakdance-image-container\">\n\t\t<div class=\"breakdance-image-clip\"><img loading=\"lazy\" decoding=\"async\" class=\"breakdance-image-object\" src=\"https:\/\/jacob.si\/wp-content\/uploads\/2024\/07\/ir_sevala_11.webp\" width=\"1000\" height=\"1000\" srcset=\"https:\/\/jacob.si\/wp-content\/uploads\/2024\/07\/ir_sevala_11.webp 1000w, https:\/\/jacob.si\/wp-content\/uploads\/2024\/07\/ir_sevala_11-300x300.webp 300w, https:\/\/jacob.si\/wp-content\/uploads\/2024\/07\/ir_sevala_11-150x150.webp 150w, https:\/\/jacob.si\/wp-content\/uploads\/2024\/07\/ir_sevala_11-768x768.webp 768w, https:\/\/jacob.si\/wp-content\/uploads\/2024\/07\/ir_sevala_11-600x600.webp 600w, https:\/\/jacob.si\/wp-content\/uploads\/2024\/07\/ir_sevala_11-100x100.webp 100w\" sizes=\"auto, (max-width: 1000px) 100vw, 1000px\"><\/div>\n\t<\/div><\/figure>\n\n<\/div><div class=\"bde-button-265-163 bde-button\">\n        \n    \n    \n    \n    \n            \n                    \n            \n            \n\n    \n    \n    \n    \n    \n    <a class=\"breakdance-link button-atom button-atom--primary bde-button__button\" href=\"https:\/\/jacob.si\/de\/produkt-kategorie\/ir-sevala\/\" target=\"_self\" data-type=\"url\"  >\n\n    \n        <span class=\"button-atom__text\">Ausw\u00e4hlen &amp; Bestellen<\/span>\n\n        \n        \n                <\/a>\n\n    \n\n\n<\/div>\n<\/div><div class=\"bde-column-265-116 bde-column\">\n  \n  \n\t\n\n\n\n<h2 class=\"bde-heading-265-117 bde-heading\">\nBeste Effizienz\n<\/h2><div class=\"bde-fancy-divider-265-118 bde-fancy-divider\">\n\n\n<div class=\"bde-fancy-divider__wrapper\">\n  <div class=\"bde-fancy-divider__separator\">\n  \t  <\/div>\n<\/div>\n\n<\/div><div class=\"bde-text-265-119 bde-text\">\nNur kurzwelliges Infrarotlicht durchdringt die Atmosph\u00e4re, ohne sich zu erw\u00e4rmen. Es verwandelt sich in W\u00e4rme, wenn es auf Materie oder einen K\u00f6rper trifft, die dichter als Luft sind. Daher erw\u00e4rmt es die Atmosph\u00e4re nicht und es entstehen keine Verluste.<br><br><strong>WICHTIG!<\/strong><br>Nicht jede Infrarotheizung ist eine kurzwellige Heizung!\n<\/div><div class=\"bde-button-265-137 bde-button\">\n        \n    \n    \n    \n    \n            \n                    \n            \n            \n\n    \n    \n    \n    \n    \n    <a class=\"breakdance-link button-atom button-atom--primary bde-button__button\" href=\"https:\/\/jacob.si\/de\/produkt-kategorie\/ir-sevala\/\" target=\"_self\" data-type=\"url\"  >\n\n    \n        <span class=\"button-atom__text\">Ausw\u00e4hlen &amp; Bestellen<\/span>\n\n        \n        \n                <\/a>\n\n    \n\n\n<\/div>\n<\/div><\/div><\/div>\n<\/section><section class=\"bde-section-265-120 bde-section\">\n  \n  \n\t\n\n\n\n<div class=\"section-container\"><div class=\"bde-columns-265-121 bde-columns\"><div class=\"bde-column-265-122 bde-column\">\n  \n  \n\t\n\n\n\n<h2 class=\"bde-heading-265-123 bde-heading\">\nGeringe Kosten\n<\/h2><div class=\"bde-fancy-divider-265-124 bde-fancy-divider\">\n\n\n<div class=\"bde-fancy-divider__wrapper\">\n  <div class=\"bde-fancy-divider__separator\">\n  \t  <\/div>\n<\/div>\n\n<\/div><div class=\"bde-text-265-125 bde-text\">\nKurzwellige Infrarot-Heizelemente sorgen f\u00fcr die Effizienz des 92%. Dank ihres einzigartigen bipolaren Designs erreichen sie die gleiche Effizienz wie herk\u00f6mmliche 4.000-W-Heizungen, verbrauchen aber nur 2.000 W. Unsere Heizungen sind g\u00fcnstiger im Betrieb und haben ein Drittel weniger CO2-Emissionen.\n<\/div><div class=\"bde-button-265-138 bde-button\">\n        \n    \n    \n    \n    \n            \n                    \n            \n            \n\n    \n    \n    \n    \n    \n    <a class=\"breakdance-link button-atom button-atom--primary bde-button__button\" href=\"https:\/\/jacob.si\/de\/produkt-kategorie\/ir-sevala\/\" target=\"_self\" data-type=\"url\"  >\n\n    \n        <span class=\"button-atom__text\">Ausw\u00e4hlen &amp; Bestellen<\/span>\n\n        \n        \n                <\/a>\n\n    \n\n\n<\/div>\n<\/div><div class=\"bde-column-265-126 bde-column\">\n  \n  \n\t\n\n\n\n<div class=\"bde-image-265-127 bde-image\">\n<figure class=\"breakdance-image breakdance-image--563\">\n\t<div class=\"breakdance-image-container\">\n\t\t<div class=\"breakdance-image-clip\"><img loading=\"lazy\" decoding=\"async\" class=\"breakdance-image-object\" src=\"https:\/\/jacob.si\/wp-content\/uploads\/2024\/08\/varcevanje_11.webp\" width=\"1000\" height=\"1000\" srcset=\"https:\/\/jacob.si\/wp-content\/uploads\/2024\/08\/varcevanje_11.webp 1000w, https:\/\/jacob.si\/wp-content\/uploads\/2024\/08\/varcevanje_11-300x300.webp 300w, https:\/\/jacob.si\/wp-content\/uploads\/2024\/08\/varcevanje_11-150x150.webp 150w, https:\/\/jacob.si\/wp-content\/uploads\/2024\/08\/varcevanje_11-768x768.webp 768w, https:\/\/jacob.si\/wp-content\/uploads\/2024\/08\/varcevanje_11-600x600.webp 600w, https:\/\/jacob.si\/wp-content\/uploads\/2024\/08\/varcevanje_11-100x100.webp 100w\" sizes=\"auto, (max-width: 1000px) 100vw, 1000px\"><\/div>\n\t<\/div><\/figure>\n\n<\/div><div class=\"bde-button-265-164 bde-button\">\n        \n    \n    \n    \n    \n            \n                    \n            \n            \n\n    \n    \n    \n    \n    \n    <a class=\"breakdance-link button-atom button-atom--primary bde-button__button\" href=\"https:\/\/jacob.si\/de\/produkt-kategorie\/ir-sevala\/\" target=\"_self\" data-type=\"url\"  >\n\n    \n        <span class=\"button-atom__text\">Ausw\u00e4hlen &amp; Bestellen<\/span>\n\n        \n        \n                <\/a>\n\n    \n\n\n<\/div>\n<\/div><\/div><\/div>\n<\/section><section class=\"bde-section-265-139 bde-section\">\n  \n  \n\t\n\n\n\n<div class=\"section-container\"><div class=\"bde-columns-265-140 bde-columns\"><div class=\"bde-column-265-141 bde-column\">\n  \n  \n\t\n\n\n\n<div class=\"bde-image-265-142 bde-image\">\n<figure class=\"breakdance-image breakdance-image--413\">\n\t<div class=\"breakdance-image-container\">\n\t\t<div class=\"breakdance-image-clip\"><img loading=\"lazy\" decoding=\"async\" class=\"breakdance-image-object\" src=\"https:\/\/jacob.si\/wp-content\/uploads\/2024\/07\/ir_sevala_13.webp\" width=\"1000\" height=\"1000\" srcset=\"https:\/\/jacob.si\/wp-content\/uploads\/2024\/07\/ir_sevala_13.webp 1000w, https:\/\/jacob.si\/wp-content\/uploads\/2024\/07\/ir_sevala_13-300x300.webp 300w, https:\/\/jacob.si\/wp-content\/uploads\/2024\/07\/ir_sevala_13-150x150.webp 150w, https:\/\/jacob.si\/wp-content\/uploads\/2024\/07\/ir_sevala_13-768x768.webp 768w, https:\/\/jacob.si\/wp-content\/uploads\/2024\/07\/ir_sevala_13-600x600.webp 600w, https:\/\/jacob.si\/wp-content\/uploads\/2024\/07\/ir_sevala_13-100x100.webp 100w\" sizes=\"auto, (max-width: 1000px) 100vw, 1000px\"><\/div>\n\t<\/div><\/figure>\n\n<\/div><div class=\"bde-button-265-165 bde-button\">\n        \n    \n    \n    \n    \n            \n                    \n            \n            \n\n    \n    \n    \n    \n    \n    <a class=\"breakdance-link button-atom button-atom--primary bde-button__button\" href=\"https:\/\/jacob.si\/de\/produkt-kategorie\/ir-sevala\/\" target=\"_self\" data-type=\"url\"  >\n\n    \n        <span class=\"button-atom__text\">Ausw\u00e4hlen &amp; Bestellen<\/span>\n\n        \n        \n                <\/a>\n\n    \n\n\n<\/div>\n<\/div><div class=\"bde-column-265-143 bde-column\">\n  \n  \n\t\n\n\n\n<h2 class=\"bde-heading-265-144 bde-heading\">\n100% Wasserdicht\n<\/h2><div class=\"bde-fancy-divider-265-145 bde-fancy-divider\">\n\n\n<div class=\"bde-fancy-divider__wrapper\">\n  <div class=\"bde-fancy-divider__separator\">\n  \t  <\/div>\n<\/div>\n\n<\/div><div class=\"bde-text-265-146 bde-text\">\nDas Flaggschiff der Produktpalette sind die vollst\u00e4ndig wasserdichten Heizk\u00f6rper, die einen Schutzfaktor von IP67 aufweisen. Das patentierte Abdichtungssystem erm\u00f6glicht es, das Geh\u00e4use ohne Schutzglas zu gestalten, so dass das Heizelement f\u00fcr einen langen Betrieb ausreichend atmungsaktiv ist.\n<\/div><div class=\"bde-button-265-147 bde-button\">\n        \n    \n    \n    \n    \n            \n                    \n            \n            \n\n    \n    \n    \n    \n    \n    <a class=\"breakdance-link button-atom button-atom--primary bde-button__button\" href=\"https:\/\/jacob.si\/de\/produkt-kategorie\/ir-sevala\/\" target=\"_self\" data-type=\"url\"  >\n\n    \n        <span class=\"button-atom__text\">Ausw\u00e4hlen &amp; Bestellen<\/span>\n\n        \n        \n                <\/a>\n\n    \n\n\n<\/div>\n<\/div><\/div><\/div>\n<\/section><section class=\"bde-section-265-148 bde-section\">\n  \n  \n\t\n\n\n\n<div class=\"section-container\"><div class=\"bde-columns-265-149 bde-columns\"><div class=\"bde-column-265-150 bde-column\">\n  \n  \n\t\n\n\n\n<h2 class=\"bde-heading-265-151 bde-heading\">\nUmweltfreundlich\n<\/h2><div class=\"bde-fancy-divider-265-152 bde-fancy-divider\">\n\n\n<div class=\"bde-fancy-divider__wrapper\">\n  <div class=\"bde-fancy-divider__separator\">\n  \t  <\/div>\n<\/div>\n\n<\/div><div class=\"bde-text-265-153 bde-text\">\nWir bieten die umweltfreundlichsten Heizger\u00e4te f\u00fcr den Au\u00dfenbereich auf dem Markt an. Mit diesen Produkten sorgen wir f\u00fcr einen respektvollen Umgang mit der Umwelt, da der 89% im Vergleich zu herk\u00f6mmlichen Gasheizger\u00e4ten CO2 einspart.<br><br><strong>Es gibt nur eine Umwelt - k\u00fcmmern wir uns um sie.<\/strong>\n<\/div><div class=\"bde-button-265-154 bde-button\">\n        \n    \n    \n    \n    \n            \n                    \n            \n            \n\n    \n    \n    \n    \n    \n    <a class=\"breakdance-link button-atom button-atom--primary bde-button__button\" href=\"https:\/\/jacob.si\/de\/produkt-kategorie\/ir-sevala\/\" target=\"_self\" data-type=\"url\"  >\n\n    \n        <span class=\"button-atom__text\">Ausw\u00e4hlen &amp; Bestellen<\/span>\n\n        \n        \n                <\/a>\n\n    \n\n\n<\/div>\n<\/div><div class=\"bde-column-265-155 bde-column\">\n  \n  \n\t\n\n\n\n<div class=\"bde-image-265-156 bde-image\">\n<figure class=\"breakdance-image breakdance-image--565\">\n\t<div class=\"breakdance-image-container\">\n\t\t<div class=\"breakdance-image-clip\"><img loading=\"lazy\" decoding=\"async\" class=\"breakdance-image-object\" src=\"https:\/\/jacob.si\/wp-content\/uploads\/2024\/08\/okolju_prijazno_11.webp\" width=\"1000\" height=\"1000\" srcset=\"https:\/\/jacob.si\/wp-content\/uploads\/2024\/08\/okolju_prijazno_11.webp 1000w, https:\/\/jacob.si\/wp-content\/uploads\/2024\/08\/okolju_prijazno_11-300x300.webp 300w, https:\/\/jacob.si\/wp-content\/uploads\/2024\/08\/okolju_prijazno_11-150x150.webp 150w, https:\/\/jacob.si\/wp-content\/uploads\/2024\/08\/okolju_prijazno_11-768x768.webp 768w, https:\/\/jacob.si\/wp-content\/uploads\/2024\/08\/okolju_prijazno_11-600x600.webp 600w, https:\/\/jacob.si\/wp-content\/uploads\/2024\/08\/okolju_prijazno_11-100x100.webp 100w\" sizes=\"auto, (max-width: 1000px) 100vw, 1000px\"><\/div>\n\t<\/div><\/figure>\n\n<\/div><div class=\"bde-button-265-166 bde-button\">\n        \n    \n    \n    \n    \n            \n                    \n            \n            \n\n    \n    \n    \n    \n    \n    <a class=\"breakdance-link button-atom button-atom--primary bde-button__button\" href=\"https:\/\/jacob.si\/de\/produkt-kategorie\/ir-sevala\/\" target=\"_self\" data-type=\"url\"  >\n\n    \n        <span class=\"button-atom__text\">Ausw\u00e4hlen &amp; Bestellen<\/span>\n\n        \n        \n                <\/a>\n\n    \n\n\n<\/div>\n<\/div><\/div><\/div>\n<\/section><section class=\"bde-section-265-128 bde-section\">\n  \n  \n\t\n\n\n\n<div class=\"section-container\"><div class=\"bde-columns-265-129 bde-columns\"><div class=\"bde-column-265-130 bde-column\">\n  \n  \n\t\n\n\n\n<h5 class=\"bde-heading-265-157 bde-heading\">\nVorteile\n<\/h5><ul class=\"bde-basic-list-265-131 bde-basic-list\">\n  <li  >    \n          W\u00e4rme kann in jede gew\u00fcnschte Richtung gelenkt werden\n      <\/li>\n  <li  >    \n          geringe Kosten\/keine Wartung\n      <\/li>\n  <li  >    \n          Keine Emissionen und kein Sauerstoffverbrauch\n      <\/li>\n  <li  >    \n          keine Verschmutzung durch bewegte Luft oder Staub\n      <\/li>\n  <li  >    \n          wir k\u00f6nnen nur Teilbereiche beheizen \/ wo wir wollen\n      <\/li>\n  <li  >    \n          die Lebensdauer des Heizelements wird durch st\u00e4ndiges Ein- und Ausschalten nicht beeintr\u00e4chtigt\n      <\/li>\n  <li  >    \n          Sofortige Wirkung ohne Vorheizen - 90 % W\u00e4rme sind in 1 Sekunde verf\u00fcgbar\n      <\/li>\n  <li  >    \n          beste Effizienz, da 92% Energie in Strahlung umgewandelt wird\n      <\/li>\n<\/ul><h5 class=\"bde-heading-265-158 bde-heading\">\nZweck\n<\/h5><ul class=\"bde-basic-list-265-159 bde-basic-list\">\n  <li  >    \n          zum Sitzen auf Balkonen, Terrassen, G\u00e4rten\n      <\/li>\n  <li  >    \n          f\u00fcr Turnhallen, Lagerhallen, Werkst\u00e4tten, Garagen\n      <\/li>\n  <li  >    \n          f\u00fcr eine angenehme Atmosph\u00e4re in Restaurants, Bars, Hotels\n      <\/li>\n  <li  >    \n          die Saison der Sommerk\u00fcche zu verl\u00e4ngern\n      <\/li>\n  <li  >    \n          f\u00fcr Hochzeiten, Partys oder Feiern im Freien\n      <\/li>\n  <li  >    \n          f\u00fcr Kirchen, Leichenhallen usw.\n      <\/li>\n  <li  >    \n          f\u00fcr vieles mehr...\n      <\/li>\n<\/ul>\n<\/div><div class=\"bde-column-265-132 bde-column\">\n  \n  \n\t\n\n\n\n<h5 class=\"bde-heading-265-160 bde-heading\">\nWarum JACOB Ltd?\n<\/h5><div class=\"bde-text-265-161 bde-text\">\nDank unserer mehr als 20-j\u00e4hrigen Erfahrung k\u00f6nnen wir nur die hochwertigsten Produkte auf dem Markt anbieten, so dass Sie die richtige Wahl f\u00fcr Ihre Bed\u00fcrfnisse treffen k\u00f6nnen.<br><br>Als Marktf\u00fchrer bieten wir zuverl\u00e4ssige und effiziente L\u00f6sungen, die durch unser Fachwissen gest\u00fctzt werden. Wem werden Sie vertrauen?\n<\/div><h5 class=\"bde-heading-265-133 bde-heading\">\nRepr\u00e4sentation, Verkauf und Service:\n<\/h5><div class=\"bde-text-265-134 bde-text\">\nJACOB D.O.O.<br>Ihanska cesta 3<br>SI-1230 Dom\u017eale<br>M: +386 (0)31 878 848<br>T +386 (0)1 721 23 23<br>E: prodaja@jacob.si\n<\/div>\n<\/div><\/div><\/div>\n<\/section>","protected":false},"excerpt":{"rendered":"<p>Verl\u00e4ngern Sie Ihre Saison mit und genie\u00dfen Sie die frische Luft, unabh\u00e4ngig von der Temperatur oder der Jahreszeit. Lernen Sie die Heizstrahler des f\u00fchrenden Herstellers in diesem Bereich kennen, die h\u00f6chste Effizienz und Qualit\u00e4t garantieren. W\u00e4hlen &amp; Bestellen Vertrauen Sie dem gr\u00f6\u00dften Anbieter von Terrassenheizungen in Slowenien! Wie funktionieren sie? Harmloses Infrarotlicht wird verwendet, um die Schwingungen in unseren Zellen zu erh\u00f6hen, die [...]<\/p>","protected":false},"author":1,"featured_media":0,"parent":0,"menu_order":0,"comment_status":"closed","ping_status":"closed","template":"","meta":{"inline_featured_image":false,"_breakdance_hide_in_design_set":false,"_breakdance_tags":"","footnotes":""},"class_list":["post-265","page","type-page","status-publish","hentry"],"jetpack_sharing_enabled":true,"_links":{"self":[{"href":"https:\/\/jacob.si\/de\/wp-json\/wp\/v2\/pages\/265","targetHints":{"allow":["GET"]}}],"collection":[{"href":"https:\/\/jacob.si\/de\/wp-json\/wp\/v2\/pages"}],"about":[{"href":"https:\/\/jacob.si\/de\/wp-json\/wp\/v2\/types\/page"}],"author":[{"embeddable":true,"href":"https:\/\/jacob.si\/de\/wp-json\/wp\/v2\/users\/1"}],"replies":[{"embeddable":true,"href":"https:\/\/jacob.si\/de\/wp-json\/wp\/v2\/comments?post=265"}],"version-history":[{"count":0,"href":"https:\/\/jacob.si\/de\/wp-json\/wp\/v2\/pages\/265\/revisions"}],"wp:attachment":[{"href":"https:\/\/jacob.si\/de\/wp-json\/wp\/v2\/media?parent=265"}],"curies":[{"name":"wp","href":"https:\/\/api.w.org\/{rel}","templated":true}]}}