{"id":259,"date":"2024-07-18T11:07:07","date_gmt":"2024-07-18T11:07:07","guid":{"rendered":"https:\/\/jacob.si\/?page_id=259"},"modified":"2025-08-10T09:54:01","modified_gmt":"2025-08-10T09:54:01","slug":"grelne-mize","status":"publish","type":"page","link":"https:\/\/jacob.si\/de\/grelne-mize\/","title":{"rendered":"Heiztische"},"content":{"rendered":"<section class=\"bde-section-259-100 bde-section\">\n              \n  \n  \n\t\n\n  <div class=\"section-background-overlay\"><\/div>\n\n\n<div class=\"section-container\"><h1 class=\"bde-heading-259-101 bde-heading\">\nHalten Sie Ihren Jahresumsatz auch im Herbst und Winter mit den meistverkauften Heiztischen auf dem Markt.\n<\/h1><div class=\"bde-text-259-102 bde-text\">\nLernen Sie die Heiztische des f\u00fchrenden Herstellers in diesem Bereich kennen, die garantiert die h\u00f6chste Leistung und Qualit\u00e4t aufweisen.\n<\/div><div class=\"bde-image-259-174 bde-image\">\n<figure class=\"breakdance-image breakdance-image--25\">\n\t<div class=\"breakdance-image-container\">\n\t\t<div class=\"breakdance-image-clip\"><img loading=\"lazy\" decoding=\"async\" class=\"breakdance-image-object\" src=\"https:\/\/jacob.si\/wp-content\/uploads\/2022\/12\/Jacob_Mensa_Logo.svg\" width=\"300\" height=\"300\" sizes=\"auto, (max-width: 300px) 100vw, 300px\"><\/div>\n\t<\/div><\/figure>\n\n<\/div><div class=\"bde-image-259-173 bde-image\">\n<figure class=\"breakdance-image breakdance-image--25\">\n\t<div class=\"breakdance-image-container\">\n\t\t<div class=\"breakdance-image-clip\"><img loading=\"lazy\" decoding=\"async\" class=\"breakdance-image-object\" src=\"https:\/\/jacob.si\/wp-content\/uploads\/2022\/12\/Jacob_Mensa_Logo.svg\" width=\"150\" height=\"150\" sizes=\"auto, (max-width: 150px) 100vw, 150px\"><\/div>\n\t<\/div><\/figure>\n\n<\/div><div class=\"bde-button-259-103 bde-button\">\n        \n    \n    \n    \n    \n            \n                    \n            \n            \n\n    \n    \n    \n    \n    \n    <a class=\"breakdance-link button-atom button-atom--primary bde-button__button\" href=\"https:\/\/jacob.si\/de\/produkt-kategorie\/ogrevanje-teras\/\" target=\"_self\" data-type=\"url\"  >\n\n    \n        <span class=\"button-atom__text\">Ausw\u00e4hlen &amp; Bestellen<\/span>\n\n        \n        \n                <\/a>\n\n    \n\n\n<\/div><div class=\"bde-text-259-172 bde-text\">\nVertrauen Sie dem gr\u00f6\u00dften Anbieter von Terrassenheizungen in Slowenien!\n<\/div><\/div>\n<\/section><section class=\"bde-section-259-104 bde-section\">\n  \n  \n\t\n\n\n\n<div class=\"section-container\"><div class=\"bde-columns-259-105 bde-columns\"><div class=\"bde-column-259-106 bde-column\">\n  \n  \n\t\n\n\n\n<h2 class=\"bde-heading-259-107 bde-heading\">\nWie funktioniert das?\n<\/h2><div class=\"bde-fancy-divider-259-108 bde-fancy-divider\">\n\n\n<div class=\"bde-fancy-divider__wrapper\">\n  <div class=\"bde-fancy-divider__separator\">\n  \t  <\/div>\n<\/div>\n\n<\/div><div class=\"bde-text-259-109 bde-text\">\nMit Hilfe von harmlosem Infrarotlicht wird die Schwingung in unseren Zellen erh\u00f6ht, die dann den K\u00f6rper erw\u00e4rmt. Da die Infrarot-W\u00e4rmequelle so positioniert ist, dass das nat\u00fcrliche W\u00e4rmesystem des K\u00f6rpers optimiert wird, entsteht eine angenehme, wohltuende W\u00e4rme im ganzen K\u00f6rper.\n<\/div><div class=\"bde-button-259-136 bde-button\">\n        \n    \n    \n    \n    \n            \n                    \n            \n            \n\n    \n    \n    \n    \n    \n    <a class=\"breakdance-link button-atom button-atom--primary bde-button__button\" href=\"https:\/\/jacob.si\/de\/produkt-kategorie\/grelne-mize\/\" target=\"_self\" data-type=\"url\"  >\n\n    \n        <span class=\"button-atom__text\">Ausw\u00e4hlen &amp; Bestellen<\/span>\n\n        \n        \n                <\/a>\n\n    \n\n\n<\/div>\n<\/div><div class=\"bde-column-259-110 bde-column\">\n  \n  \n\t\n\n\n\n<div class=\"bde-image-259-111 bde-image\">\n<figure class=\"breakdance-image breakdance-image--406\">\n\t<div class=\"breakdance-image-container\">\n\t\t<div class=\"breakdance-image-clip\"><img loading=\"lazy\" decoding=\"async\" class=\"breakdance-image-object\" src=\"https:\/\/jacob.si\/wp-content\/uploads\/2024\/07\/grelne_mize_12.webp\" width=\"1000\" height=\"1000\" srcset=\"https:\/\/jacob.si\/wp-content\/uploads\/2024\/07\/grelne_mize_12.webp 1000w, https:\/\/jacob.si\/wp-content\/uploads\/2024\/07\/grelne_mize_12-300x300.webp 300w, https:\/\/jacob.si\/wp-content\/uploads\/2024\/07\/grelne_mize_12-150x150.webp 150w, https:\/\/jacob.si\/wp-content\/uploads\/2024\/07\/grelne_mize_12-768x768.webp 768w, https:\/\/jacob.si\/wp-content\/uploads\/2024\/07\/grelne_mize_12-600x600.webp 600w, https:\/\/jacob.si\/wp-content\/uploads\/2024\/07\/grelne_mize_12-100x100.webp 100w\" sizes=\"auto, (max-width: 1000px) 100vw, 1000px\"><\/div>\n\t<\/div><\/figure>\n\n<\/div><div class=\"bde-button-259-167 bde-button\">\n        \n    \n    \n    \n    \n            \n                    \n            \n            \n\n    \n    \n    \n    \n    \n    <a class=\"breakdance-link button-atom button-atom--primary bde-button__button\" href=\"https:\/\/jacob.si\/de\/produkt-kategorie\/grelne-mize\/\" target=\"_self\" data-type=\"url\"  >\n\n    \n        <span class=\"button-atom__text\">Ausw\u00e4hlen &amp; Bestellen<\/span>\n\n        \n        \n                <\/a>\n\n    \n\n\n<\/div>\n<\/div><\/div><\/div>\n<\/section><section class=\"bde-section-259-112 bde-section\">\n  \n  \n\t\n\n\n\n<div class=\"section-container\"><div class=\"bde-columns-259-113 bde-columns\"><div class=\"bde-column-259-114 bde-column\">\n  \n  \n\t\n\n\n\n<div class=\"bde-image-259-115 bde-image\">\n<figure class=\"breakdance-image breakdance-image--404\">\n\t<div class=\"breakdance-image-container\">\n\t\t<div class=\"breakdance-image-clip\"><img loading=\"lazy\" decoding=\"async\" class=\"breakdance-image-object\" src=\"https:\/\/jacob.si\/wp-content\/uploads\/2024\/07\/grelne_mize_10.webp\" width=\"1000\" height=\"1000\" srcset=\"https:\/\/jacob.si\/wp-content\/uploads\/2024\/07\/grelne_mize_10.webp 1000w, https:\/\/jacob.si\/wp-content\/uploads\/2024\/07\/grelne_mize_10-300x300.webp 300w, https:\/\/jacob.si\/wp-content\/uploads\/2024\/07\/grelne_mize_10-100x100.webp 100w, https:\/\/jacob.si\/wp-content\/uploads\/2024\/07\/grelne_mize_10-600x600.webp 600w, https:\/\/jacob.si\/wp-content\/uploads\/2024\/07\/grelne_mize_10-150x150.webp 150w, https:\/\/jacob.si\/wp-content\/uploads\/2024\/07\/grelne_mize_10-768x768.webp 768w\" sizes=\"auto, (max-width: 1000px) 100vw, 1000px\"><\/div>\n\t<\/div><\/figure>\n\n<\/div><div class=\"bde-button-259-168 bde-button\">\n        \n    \n    \n    \n    \n            \n                    \n            \n            \n\n    \n    \n    \n    \n    \n    <a class=\"breakdance-link button-atom button-atom--primary bde-button__button\" href=\"https:\/\/jacob.si\/de\/produkt-kategorie\/grelne-mize\/\" target=\"_self\" data-type=\"url\"  >\n\n    \n        <span class=\"button-atom__text\">Ausw\u00e4hlen &amp; Bestellen<\/span>\n\n        \n        \n                <\/a>\n\n    \n\n\n<\/div>\n<\/div><div class=\"bde-column-259-116 bde-column\">\n  \n  \n\t\n\n\n\n<h2 class=\"bde-heading-259-117 bde-heading\">\nBeste Effizienz\n<\/h2><div class=\"bde-fancy-divider-259-118 bde-fancy-divider\">\n\n\n<div class=\"bde-fancy-divider__wrapper\">\n  <div class=\"bde-fancy-divider__separator\">\n  \t  <\/div>\n<\/div>\n\n<\/div><div class=\"bde-text-259-119 bde-text\">\nNur kurzwelliges Infrarotlicht durchdringt die Atmosph\u00e4re, ohne sich zu erw\u00e4rmen. Es verwandelt sich in W\u00e4rme, wenn es auf Materie oder einen K\u00f6rper trifft, die dichter als Luft sind. Daher erw\u00e4rmt es die Atmosph\u00e4re nicht und es entstehen keine Verluste.<br><br><strong>WICHTIG!<\/strong><br>Nicht jede Infrarotheizung ist eine kurzwellige Heizung!\n<\/div><div class=\"bde-button-259-137 bde-button\">\n        \n    \n    \n    \n    \n            \n                    \n            \n            \n\n    \n    \n    \n    \n    \n    <a class=\"breakdance-link button-atom button-atom--primary bde-button__button\" href=\"https:\/\/jacob.si\/de\/produkt-kategorie\/grelne-mize\/\" target=\"_self\" data-type=\"url\"  >\n\n    \n        <span class=\"button-atom__text\">Ausw\u00e4hlen &amp; Bestellen<\/span>\n\n        \n        \n                <\/a>\n\n    \n\n\n<\/div>\n<\/div><\/div><\/div>\n<\/section><section class=\"bde-section-259-140 bde-section\">\n  \n  \n\t\n\n\n\n<div class=\"section-container\"><div class=\"bde-columns-259-141 bde-columns\"><div class=\"bde-column-259-142 bde-column\">\n  \n  \n\t\n\n\n\n<h2 class=\"bde-heading-259-143 bde-heading\">\nGeringe Kosten\n<\/h2><div class=\"bde-fancy-divider-259-144 bde-fancy-divider\">\n\n\n<div class=\"bde-fancy-divider__wrapper\">\n  <div class=\"bde-fancy-divider__separator\">\n  \t  <\/div>\n<\/div>\n\n<\/div><div class=\"bde-text-259-145 bde-text\">\nKurzwellige Infrarot-Heizelemente sorgen f\u00fcr die Effizienz des 92%. Dank ihres einzigartigen bipolaren Designs erreichen sie die gleiche Effizienz wie herk\u00f6mmliche 1.500-W-Heizungen, verbrauchen aber nur 550 W. Unsere Heizungen sind g\u00fcnstiger im Betrieb und haben ein Drittel weniger CO2-Emissionen.\n<\/div><div class=\"bde-button-259-146 bde-button\">\n        \n    \n    \n    \n    \n            \n                    \n            \n            \n\n    \n    \n    \n    \n    \n    <a class=\"breakdance-link button-atom button-atom--primary bde-button__button\" href=\"https:\/\/jacob.si\/de\/produkt-kategorie\/grelne-mize\/\" target=\"_self\" data-type=\"url\"  >\n\n    \n        <span class=\"button-atom__text\">Ausw\u00e4hlen &amp; Bestellen<\/span>\n\n        \n        \n                <\/a>\n\n    \n\n\n<\/div>\n<\/div><div class=\"bde-column-259-147 bde-column\">\n  \n  \n\t\n\n\n\n<div class=\"bde-image-259-148 bde-image\">\n<figure class=\"breakdance-image breakdance-image--563\">\n\t<div class=\"breakdance-image-container\">\n\t\t<div class=\"breakdance-image-clip\"><img loading=\"lazy\" decoding=\"async\" class=\"breakdance-image-object\" src=\"https:\/\/jacob.si\/wp-content\/uploads\/2024\/08\/varcevanje_11.webp\" width=\"1000\" height=\"1000\" srcset=\"https:\/\/jacob.si\/wp-content\/uploads\/2024\/08\/varcevanje_11.webp 1000w, https:\/\/jacob.si\/wp-content\/uploads\/2024\/08\/varcevanje_11-300x300.webp 300w, https:\/\/jacob.si\/wp-content\/uploads\/2024\/08\/varcevanje_11-150x150.webp 150w, https:\/\/jacob.si\/wp-content\/uploads\/2024\/08\/varcevanje_11-768x768.webp 768w, https:\/\/jacob.si\/wp-content\/uploads\/2024\/08\/varcevanje_11-600x600.webp 600w, https:\/\/jacob.si\/wp-content\/uploads\/2024\/08\/varcevanje_11-100x100.webp 100w\" sizes=\"auto, (max-width: 1000px) 100vw, 1000px\"><\/div>\n\t<\/div><\/figure>\n\n<\/div><div class=\"bde-button-259-169 bde-button\">\n        \n    \n    \n    \n    \n            \n                    \n            \n            \n\n    \n    \n    \n    \n    \n    <a class=\"breakdance-link button-atom button-atom--primary bde-button__button\" href=\"https:\/\/jacob.si\/de\/produkt-kategorie\/grelne-mize\/\" target=\"_self\" data-type=\"url\"  >\n\n    \n        <span class=\"button-atom__text\">Ausw\u00e4hlen &amp; Bestellen<\/span>\n\n        \n        \n                <\/a>\n\n    \n\n\n<\/div>\n<\/div><\/div><\/div>\n<\/section><section class=\"bde-section-259-149 bde-section\">\n  \n  \n\t\n\n\n\n<div class=\"section-container\"><div class=\"bde-columns-259-150 bde-columns\"><div class=\"bde-column-259-151 bde-column\">\n  \n  \n\t\n\n\n\n<div class=\"bde-image-259-127 bde-image\">\n<figure class=\"breakdance-image breakdance-image--405\">\n\t<div class=\"breakdance-image-container\">\n\t\t<div class=\"breakdance-image-clip\"><img loading=\"lazy\" decoding=\"async\" class=\"breakdance-image-object\" src=\"https:\/\/jacob.si\/wp-content\/uploads\/2024\/07\/grelne_mize_11.webp\" width=\"1000\" height=\"1000\" srcset=\"https:\/\/jacob.si\/wp-content\/uploads\/2024\/07\/grelne_mize_11.webp 1000w, https:\/\/jacob.si\/wp-content\/uploads\/2024\/07\/grelne_mize_11-300x300.webp 300w, https:\/\/jacob.si\/wp-content\/uploads\/2024\/07\/grelne_mize_11-150x150.webp 150w, https:\/\/jacob.si\/wp-content\/uploads\/2024\/07\/grelne_mize_11-768x768.webp 768w, https:\/\/jacob.si\/wp-content\/uploads\/2024\/07\/grelne_mize_11-600x600.webp 600w, https:\/\/jacob.si\/wp-content\/uploads\/2024\/07\/grelne_mize_11-100x100.webp 100w\" sizes=\"auto, (max-width: 1000px) 100vw, 1000px\"><\/div>\n\t<\/div><\/figure>\n\n<\/div><div class=\"bde-button-259-170 bde-button\">\n        \n    \n    \n    \n    \n            \n                    \n            \n            \n\n    \n    \n    \n    \n    \n    <a class=\"breakdance-link button-atom button-atom--primary bde-button__button\" href=\"https:\/\/jacob.si\/de\/produkt-kategorie\/grelne-mize\/\" target=\"_self\" data-type=\"url\"  >\n\n    \n        <span class=\"button-atom__text\">Ausw\u00e4hlen &amp; Bestellen<\/span>\n\n        \n        \n                <\/a>\n\n    \n\n\n<\/div>\n<\/div><div class=\"bde-column-259-153 bde-column\">\n  \n  \n\t\n\n\n\n<h2 class=\"bde-heading-259-154 bde-heading\">\n100% Sicherheit\n<\/h2><div class=\"bde-fancy-divider-259-155 bde-fancy-divider\">\n\n\n<div class=\"bde-fancy-divider__wrapper\">\n  <div class=\"bde-fancy-divider__separator\">\n  \t  <\/div>\n<\/div>\n\n<\/div><div class=\"bde-text-259-156 bde-text\">\nUnsere Heiztische haben eine \"SAFE TOUCH\"-Funktion, die sie zu den sichersten Outdoor-Heizger\u00e4ten der Welt macht! Die einzigartige, patentierte \"SAFE TOUCH\"-Technologie erm\u00f6glicht es Ihnen, die Heizger\u00e4te \u00fcberall und jederzeit zu ber\u00fchren. \n<\/div><div class=\"bde-button-259-157 bde-button\">\n        \n    \n    \n    \n    \n            \n                    \n            \n            \n\n    \n    \n    \n    \n    \n    <a class=\"breakdance-link button-atom button-atom--primary bde-button__button\" href=\"https:\/\/jacob.si\/de\/produkt-kategorie\/grelne-mize\/\" target=\"_self\" data-type=\"url\"  >\n\n    \n        <span class=\"button-atom__text\">Ausw\u00e4hlen &amp; Bestellen<\/span>\n\n        \n        \n                <\/a>\n\n    \n\n\n<\/div>\n<\/div><\/div><\/div>\n<\/section><section class=\"bde-section-259-120 bde-section\">\n  \n  \n\t\n\n\n\n<div class=\"section-container\"><div class=\"bde-columns-259-121 bde-columns\"><div class=\"bde-column-259-122 bde-column\">\n  \n  \n\t\n\n\n\n<h2 class=\"bde-heading-259-123 bde-heading\">\nUmweltfreundlich\n<\/h2><div class=\"bde-fancy-divider-259-124 bde-fancy-divider\">\n\n\n<div class=\"bde-fancy-divider__wrapper\">\n  <div class=\"bde-fancy-divider__separator\">\n  \t  <\/div>\n<\/div>\n\n<\/div><div class=\"bde-text-259-125 bde-text\">\nWir bieten die umweltfreundlichsten Heizger\u00e4te f\u00fcr den Au\u00dfenbereich auf dem Markt an. Mit diesen Produkten sorgen wir f\u00fcr einen respektvollen Umgang mit der Umwelt, da der 89% im Vergleich zu herk\u00f6mmlichen Gasheizger\u00e4ten CO2 einspart.<br><br><strong>Es gibt nur eine Umwelt - k\u00fcmmern wir uns um sie.<\/strong>\n<\/div><div class=\"bde-button-259-138 bde-button\">\n        \n    \n    \n    \n    \n            \n                    \n            \n            \n\n    \n    \n    \n    \n    \n    <a class=\"breakdance-link button-atom button-atom--primary bde-button__button\" href=\"https:\/\/jacob.si\/de\/produkt-kategorie\/grelne-mize\/\" target=\"_self\" data-type=\"url\"  >\n\n    \n        <span class=\"button-atom__text\">Ausw\u00e4hlen &amp; Bestellen<\/span>\n\n        \n        \n                <\/a>\n\n    \n\n\n<\/div>\n<\/div><div class=\"bde-column-259-126 bde-column\">\n  \n  \n\t\n\n\n\n<div class=\"bde-image-259-152 bde-image\">\n<figure class=\"breakdance-image breakdance-image--565\">\n\t<div class=\"breakdance-image-container\">\n\t\t<div class=\"breakdance-image-clip\"><img loading=\"lazy\" decoding=\"async\" class=\"breakdance-image-object\" src=\"https:\/\/jacob.si\/wp-content\/uploads\/2024\/08\/okolju_prijazno_11.webp\" width=\"1000\" height=\"1000\" srcset=\"https:\/\/jacob.si\/wp-content\/uploads\/2024\/08\/okolju_prijazno_11.webp 1000w, https:\/\/jacob.si\/wp-content\/uploads\/2024\/08\/okolju_prijazno_11-300x300.webp 300w, https:\/\/jacob.si\/wp-content\/uploads\/2024\/08\/okolju_prijazno_11-150x150.webp 150w, https:\/\/jacob.si\/wp-content\/uploads\/2024\/08\/okolju_prijazno_11-768x768.webp 768w, https:\/\/jacob.si\/wp-content\/uploads\/2024\/08\/okolju_prijazno_11-600x600.webp 600w, https:\/\/jacob.si\/wp-content\/uploads\/2024\/08\/okolju_prijazno_11-100x100.webp 100w\" sizes=\"auto, (max-width: 1000px) 100vw, 1000px\"><\/div>\n\t<\/div><\/figure>\n\n<\/div><div class=\"bde-button-259-171 bde-button\">\n        \n    \n    \n    \n    \n            \n                    \n            \n            \n\n    \n    \n    \n    \n    \n    <a class=\"breakdance-link button-atom button-atom--primary bde-button__button\" href=\"https:\/\/jacob.si\/de\/produkt-kategorie\/grelne-mize\/\" target=\"_self\" data-type=\"url\"  >\n\n    \n        <span class=\"button-atom__text\">Ausw\u00e4hlen &amp; Bestellen<\/span>\n\n        \n        \n                <\/a>\n\n    \n\n\n<\/div>\n<\/div><\/div><\/div>\n<\/section><section class=\"bde-section-259-128 bde-section\">\n  \n  \n\t\n\n\n\n<div class=\"section-container\"><div class=\"bde-columns-259-129 bde-columns\"><div class=\"bde-column-259-130 bde-column\">\n  \n  \n\t\n\n\n\n<h5 class=\"bde-heading-259-164 bde-heading\">\nVorteile\n<\/h5><ul class=\"bde-basic-list-259-161 bde-basic-list\">\n  <li  >    \n          W\u00e4rme kann in jede gew\u00fcnschte Richtung gelenkt werden\n      <\/li>\n  <li  >    \n          geringe Kosten\/keine Wartung\n      <\/li>\n  <li  >    \n          Keine Emissionen und kein Sauerstoffverbrauch\n      <\/li>\n  <li  >    \n          keine Verschmutzung durch bewegte Luft oder Staub\n      <\/li>\n  <li  >    \n          wir k\u00f6nnen nur Teilbereiche beheizen \/ wo wir wollen\n      <\/li>\n  <li  >    \n          die Lebensdauer des Heizelements wird durch st\u00e4ndiges Ein- und Ausschalten nicht beeintr\u00e4chtigt\n      <\/li>\n  <li  >    \n          Sofortige Wirkung ohne Vorheizen - 90 % W\u00e4rme sind in 1 Sekunde verf\u00fcgbar\n      <\/li>\n  <li  >    \n          beste Effizienz, da 92% Energie in Strahlung umgewandelt wird\n      <\/li>\n<\/ul><h5 class=\"bde-heading-259-165 bde-heading\">\nZweck\n<\/h5><ul class=\"bde-basic-list-259-131 bde-basic-list\">\n  <li  >    \n          zum Sitzen auf Balkonen, Terrassen, G\u00e4rten\n      <\/li>\n  <li  >    \n          f\u00fcr Freizeitaktivit\u00e4ten auf Campingpl\u00e4tzen, Picknicks, auf Booten\n      <\/li>\n  <li  >    \n          f\u00fcr eine angenehme Atmosph\u00e4re in Restaurants, Bars, Hotels\n      <\/li>\n  <li  >    \n          die Saison der Sommerk\u00fcche zu verl\u00e4ngern\n      <\/li>\n  <li  >    \n          f\u00fcr Hochzeiten, Partys oder Feiern im Freien\n      <\/li>\n  <li  >    \n          f\u00fcr vieles mehr...\n      <\/li>\n<\/ul>\n<\/div><div class=\"bde-column-259-132 bde-column\">\n  \n  \n\t\n\n\n\n<h5 class=\"bde-heading-259-166 bde-heading\">\nWarum JACOB Ltd?\n<\/h5><div class=\"bde-text-259-162 bde-text\">\nDank unserer mehr als 20-j\u00e4hrigen Erfahrung k\u00f6nnen wir nur die hochwertigsten Produkte auf dem Markt anbieten, so dass Sie die richtige Wahl f\u00fcr Ihre Bed\u00fcrfnisse treffen k\u00f6nnen.<br><br>Als Marktf\u00fchrer bieten wir zuverl\u00e4ssige und effiziente L\u00f6sungen, die durch unser Fachwissen gest\u00fctzt werden. Wem werden Sie vertrauen?\n<\/div><h5 class=\"bde-heading-259-133 bde-heading\">\nRepr\u00e4sentation, Verkauf und Service:\n<\/h5><div class=\"bde-text-259-134 bde-text\">\nJACOB D.O.O.<br>Ihanska cesta 3<br>SI-1230 Dom\u017eale<br>M: +386 (0)31 878 848<br>T +386 (0)1 721 23 23<br>E: prodaja@jacob.si\n<\/div>\n<\/div><\/div><\/div>\n<\/section>","protected":false},"excerpt":{"rendered":"<p>Sichern Sie Ihren Jahresumsatz auch im Herbst und Winter mit den meistverkauften Heiztischen auf dem Markt. Lernen Sie die Heiztische des f\u00fchrenden Herstellers in diesem Bereich kennen, die h\u00f6chste Effizienz und Qualit\u00e4t garantieren. W\u00e4hlen &amp; Bestellen Vertrauen Sie dem gr\u00f6\u00dften Anbieter von Terrassenheizungen in Slowenien! Wie funktioniert sie? Harmloses Infrarotlicht wird verwendet, um die Schwingungen in unseren Zellen zu erh\u00f6hen, die dann [...]<\/p>","protected":false},"author":1,"featured_media":0,"parent":0,"menu_order":0,"comment_status":"closed","ping_status":"closed","template":"","meta":{"inline_featured_image":false,"_breakdance_hide_in_design_set":false,"_breakdance_tags":"","footnotes":""},"class_list":["post-259","page","type-page","status-publish","hentry"],"jetpack_sharing_enabled":true,"_links":{"self":[{"href":"https:\/\/jacob.si\/de\/wp-json\/wp\/v2\/pages\/259","targetHints":{"allow":["GET"]}}],"collection":[{"href":"https:\/\/jacob.si\/de\/wp-json\/wp\/v2\/pages"}],"about":[{"href":"https:\/\/jacob.si\/de\/wp-json\/wp\/v2\/types\/page"}],"author":[{"embeddable":true,"href":"https:\/\/jacob.si\/de\/wp-json\/wp\/v2\/users\/1"}],"replies":[{"embeddable":true,"href":"https:\/\/jacob.si\/de\/wp-json\/wp\/v2\/comments?post=259"}],"version-history":[{"count":0,"href":"https:\/\/jacob.si\/de\/wp-json\/wp\/v2\/pages\/259\/revisions"}],"wp:attachment":[{"href":"https:\/\/jacob.si\/de\/wp-json\/wp\/v2\/media?parent=259"}],"curies":[{"name":"wp","href":"https:\/\/api.w.org\/{rel}","templated":true}]}}