{"id":235,"date":"2024-07-18T04:56:45","date_gmt":"2024-07-18T04:56:45","guid":{"rendered":"https:\/\/jacob.si\/?page_id=235"},"modified":"2024-08-23T04:26:43","modified_gmt":"2024-08-23T04:26:43","slug":"hlajenje-vlazenje","status":"publish","type":"page","link":"https:\/\/jacob.si\/de\/hlajenje-vlazenje\/","title":{"rendered":"K\u00fchlung &amp; Befeuchtung"},"content":{"rendered":"<section class=\"bde-section-235-100 bde-section\">\n              \n  \n  \n\t\n\n  <div class=\"section-background-overlay\"><\/div>\n\n\n<div class=\"section-container\"><h1 class=\"bde-heading-235-139 bde-heading\">\nK\u00fchlende Terrassen, die die Produkte frisch halten,<br>Gew\u00e4hrleistung der Luftfeuchtigkeit in Arbeitsumgebungen.\n<\/h1><div class=\"bde-text-235-140 bde-text\">\nProfessionelle Wasservernebelungsprodukte bieten Ihnen all dies.\n<\/div><div class=\"bde-image-235-172 bde-image\">\n<figure class=\"breakdance-image breakdance-image--24\">\n\t<div class=\"breakdance-image-container\">\n\t\t<div class=\"breakdance-image-clip\"><img loading=\"lazy\" decoding=\"async\" class=\"breakdance-image-object\" src=\"https:\/\/jacob.si\/wp-content\/uploads\/2022\/12\/Jacob_Idrobase_Logo.svg\" width=\"300\" height=\"300\" sizes=\"auto, (max-width: 300px) 100vw, 300px\"><\/div>\n\t<\/div><\/figure>\n\n<\/div><div class=\"bde-image-235-179 bde-image\">\n<figure class=\"breakdance-image breakdance-image--24\">\n\t<div class=\"breakdance-image-container\">\n\t\t<div class=\"breakdance-image-clip\"><img loading=\"lazy\" decoding=\"async\" class=\"breakdance-image-object\" src=\"https:\/\/jacob.si\/wp-content\/uploads\/2022\/12\/Jacob_Idrobase_Logo.svg\" width=\"150\" height=\"150\" sizes=\"auto, (max-width: 150px) 100vw, 150px\"><\/div>\n\t<\/div><\/figure>\n\n<\/div><div class=\"bde-button-235-141 bde-button\">\n        \n    \n    \n    \n    \n            \n                    \n            \n            \n\n    \n    \n    \n    \n    \n    <a class=\"breakdance-link button-atom button-atom--primary bde-button__button\" href=\"https:\/\/jacob.si\/de\/produkt-kategorie\/hlajenje-vlazenje\/\" target=\"_self\" data-type=\"url\"  >\n\n    \n        <span class=\"button-atom__text\">Ausw\u00e4hlen &amp; Bestellen<\/span>\n\n        \n        \n                <\/a>\n\n    \n\n\n<\/div><div class=\"bde-text-235-178 bde-text\">\nVertrauen Sie dem weltweit gr\u00f6\u00dften Hersteller von K\u00fchl- und Befeuchtungssystemen!\n<\/div><\/div>\n<\/section><section class=\"bde-section-235-101 bde-section\">\n  \n  \n\t\n\n\n\n<div class=\"section-container\"><div class=\"bde-columns-235-102 bde-columns\"><div class=\"bde-column-235-103 bde-column\">\n  \n  \n\t\n\n\n\n<h2 class=\"bde-heading-235-105 bde-heading\">\nWie funktioniert das?\n<\/h2><div class=\"bde-fancy-divider-235-143 bde-fancy-divider\">\n\n\n<div class=\"bde-fancy-divider__wrapper\">\n  <div class=\"bde-fancy-divider__separator\">\n  \t  <\/div>\n<\/div>\n\n<\/div><div class=\"bde-text-235-106 bde-text\">\nWasser ben\u00f6tigt viel Energie oder W\u00e4rme, um von einem fl\u00fcssigen in einen gasf\u00f6rmigen Zustand \u00fcberzugehen. Beim \u00dcbergang vom fl\u00fcssigen in den gasf\u00f6rmigen Zustand nimmt das Wasser W\u00e4rme aus seiner Umgebung auf, die wiederum die nahe gelegene Atmosph\u00e4re abk\u00fchlt.\n<\/div><div class=\"bde-button-235-146 bde-button\">\n        \n    \n    \n    \n    \n            \n                    \n            \n            \n\n    \n    \n    \n    \n    \n    <a class=\"breakdance-link button-atom button-atom--primary bde-button__button\" href=\"https:\/\/jacob.si\/de\/produkt-kategorie\/hlajenje-vlazenje\/\" target=\"_self\" data-type=\"url\"  >\n\n    \n        <span class=\"button-atom__text\">Ausw\u00e4hlen &amp; Bestellen<\/span>\n\n        \n        \n                <\/a>\n\n    \n\n\n<\/div>\n<\/div><div class=\"bde-column-235-104 bde-column\">\n  \n  \n\t\n\n\n\n<div class=\"bde-image-235-107 bde-image\">\n<figure class=\"breakdance-image breakdance-image--432\">\n\t<div class=\"breakdance-image-container\">\n\t\t<div class=\"breakdance-image-clip\"><img loading=\"lazy\" decoding=\"async\" class=\"breakdance-image-object\" src=\"https:\/\/jacob.si\/wp-content\/uploads\/2024\/07\/hlajenje_vlazenje_12.webp\" width=\"1000\" height=\"1000\" srcset=\"https:\/\/jacob.si\/wp-content\/uploads\/2024\/07\/hlajenje_vlazenje_12.webp 1000w, https:\/\/jacob.si\/wp-content\/uploads\/2024\/07\/hlajenje_vlazenje_12-300x300.webp 300w, https:\/\/jacob.si\/wp-content\/uploads\/2024\/07\/hlajenje_vlazenje_12-150x150.webp 150w, https:\/\/jacob.si\/wp-content\/uploads\/2024\/07\/hlajenje_vlazenje_12-768x768.webp 768w, https:\/\/jacob.si\/wp-content\/uploads\/2024\/07\/hlajenje_vlazenje_12-600x600.webp 600w, https:\/\/jacob.si\/wp-content\/uploads\/2024\/07\/hlajenje_vlazenje_12-100x100.webp 100w\" sizes=\"auto, (max-width: 1000px) 100vw, 1000px\"><\/div>\n\t<\/div><\/figure>\n\n<\/div><div class=\"bde-button-235-173 bde-button\">\n        \n    \n    \n    \n    \n            \n                    \n            \n            \n\n    \n    \n    \n    \n    \n    <a class=\"breakdance-link button-atom button-atom--primary bde-button__button\" href=\"https:\/\/jacob.si\/de\/produkt-kategorie\/hlajenje-vlazenje\/\" target=\"_self\" data-type=\"url\"  >\n\n    \n        <span class=\"button-atom__text\">Ausw\u00e4hlen &amp; Bestellen<\/span>\n\n        \n        \n                <\/a>\n\n    \n\n\n<\/div>\n<\/div><\/div><\/div>\n<\/section><section class=\"bde-section-235-108 bde-section\">\n  \n  \n\t\n\n\n\n<div class=\"section-container\"><div class=\"bde-columns-235-109 bde-columns\"><div class=\"bde-column-235-110 bde-column\">\n  \n  \n\t\n\n\n\n<div class=\"bde-image-235-114 bde-image\">\n<figure class=\"breakdance-image breakdance-image--623\">\n\t<div class=\"breakdance-image-container\">\n\t\t<div class=\"breakdance-image-clip\"><img loading=\"lazy\" decoding=\"async\" class=\"breakdance-image-object\" src=\"https:\/\/jacob.si\/wp-content\/uploads\/2024\/08\/hlajenje_vlazenje_18.webp\" width=\"1000\" height=\"1000\" srcset=\"https:\/\/jacob.si\/wp-content\/uploads\/2024\/08\/hlajenje_vlazenje_18.webp 1000w, https:\/\/jacob.si\/wp-content\/uploads\/2024\/08\/hlajenje_vlazenje_18-300x300.webp 300w, https:\/\/jacob.si\/wp-content\/uploads\/2024\/08\/hlajenje_vlazenje_18-150x150.webp 150w, https:\/\/jacob.si\/wp-content\/uploads\/2024\/08\/hlajenje_vlazenje_18-768x768.webp 768w, https:\/\/jacob.si\/wp-content\/uploads\/2024\/08\/hlajenje_vlazenje_18-600x600.webp 600w, https:\/\/jacob.si\/wp-content\/uploads\/2024\/08\/hlajenje_vlazenje_18-100x100.webp 100w\" sizes=\"auto, (max-width: 1000px) 100vw, 1000px\"><\/div>\n\t<\/div><\/figure>\n\n<\/div><div class=\"bde-button-235-174 bde-button\">\n        \n    \n    \n    \n    \n            \n                    \n            \n            \n\n    \n    \n    \n    \n    \n    <a class=\"breakdance-link button-atom button-atom--primary bde-button__button\" href=\"https:\/\/jacob.si\/de\/produkt-kategorie\/hlajenje-vlazenje\/\" target=\"_self\" data-type=\"url\"  >\n\n    \n        <span class=\"button-atom__text\">Ausw\u00e4hlen &amp; Bestellen<\/span>\n\n        \n        \n                <\/a>\n\n    \n\n\n<\/div>\n<\/div><div class=\"bde-column-235-113 bde-column\">\n  \n  \n\t\n\n\n\n<h2 class=\"bde-heading-235-111 bde-heading\">\nH\u00d6CHSTE EFFIZIENZ\n<\/h2><div class=\"bde-fancy-divider-235-144 bde-fancy-divider\">\n\n\n<div class=\"bde-fancy-divider__wrapper\">\n  <div class=\"bde-fancy-divider__separator\">\n  \t  <\/div>\n<\/div>\n\n<\/div><div class=\"bde-text-235-112 bde-text\">\nUm Wasser effizient und so schnell wie m\u00f6glich von einem fl\u00fcssigen in einen gasf\u00f6rmigen Aggregatzustand zu \u00fcberf\u00fchren, muss das Wasser mit hohem Druck beaufschlagt werden, damit es beim Durchgang durch die Mikrod\u00fcsen so weit wie m\u00f6glich dispergiert wird, praktisch bis auf die Molekularebene. Der entstehende Wassernebel erm\u00f6glicht einen sehr schnellen \u00dcbergang des Aggregatzustandes und damit eine effiziente K\u00fchlung der Umgebung.<br><br><strong>WICHTIG!<\/strong><br>Der Mindestdruck f\u00fcr einen effektiven Wassernebel betr\u00e4gt 60 bar!\n<\/div><div class=\"bde-button-235-147 bde-button\">\n        \n    \n    \n    \n    \n            \n                    \n            \n            \n\n    \n    \n    \n    \n    \n    <a class=\"breakdance-link button-atom button-atom--primary bde-button__button\" href=\"https:\/\/jacob.si\/de\/produkt-kategorie\/hlajenje-vlazenje\/\" target=\"_self\" data-type=\"url\"  >\n\n    \n        <span class=\"button-atom__text\">Ausw\u00e4hlen &amp; Bestellen<\/span>\n\n        \n        \n                <\/a>\n\n    \n\n\n<\/div>\n<\/div><\/div><\/div>\n<\/section><section class=\"bde-section-235-115 bde-section\">\n  \n  \n\t\n\n\n\n<div class=\"section-container\"><div class=\"bde-columns-235-116 bde-columns\"><div class=\"bde-column-235-117 bde-column\">\n  \n  \n\t\n\n\n\n<h2 class=\"bde-heading-235-118 bde-heading\">\nGeringe Kosten\n<\/h2><div class=\"bde-fancy-divider-235-145 bde-fancy-divider\">\n\n\n<div class=\"bde-fancy-divider__wrapper\">\n  <div class=\"bde-fancy-divider__separator\">\n  \t  <\/div>\n<\/div>\n\n<\/div><div class=\"bde-text-235-119 bde-text\">\nJahrelange Entwicklung und Erfahrung haben zu effizienten und robust konstruierten Wassernebel-K\u00fchl- und Befeuchtungssystemen gef\u00fchrt, die durch die Verdichtung des Wassers und die anschlie\u00dfende schnelle Umwandlung in einen gasf\u00f6rmigen Aggregatzustand maximale Effizienz und Einsparungen beim Energie- und Wasserverbrauch bieten.\n<\/div><div class=\"bde-button-235-148 bde-button\">\n        \n    \n    \n    \n    \n            \n                    \n            \n            \n\n    \n    \n    \n    \n    \n    <a class=\"breakdance-link button-atom button-atom--primary bde-button__button\" href=\"https:\/\/jacob.si\/de\/produkt-kategorie\/hlajenje-vlazenje\/\" target=\"_self\" data-type=\"url\"  >\n\n    \n        <span class=\"button-atom__text\">Ausw\u00e4hlen &amp; Bestellen<\/span>\n\n        \n        \n                <\/a>\n\n    \n\n\n<\/div>\n<\/div><div class=\"bde-column-235-120 bde-column\">\n  \n  \n\t\n\n\n\n<div class=\"bde-image-235-121 bde-image\">\n<figure class=\"breakdance-image breakdance-image--563\">\n\t<div class=\"breakdance-image-container\">\n\t\t<div class=\"breakdance-image-clip\"><img loading=\"lazy\" decoding=\"async\" class=\"breakdance-image-object\" src=\"https:\/\/jacob.si\/wp-content\/uploads\/2024\/08\/varcevanje_11.webp\" width=\"1000\" height=\"1000\" srcset=\"https:\/\/jacob.si\/wp-content\/uploads\/2024\/08\/varcevanje_11.webp 1000w, https:\/\/jacob.si\/wp-content\/uploads\/2024\/08\/varcevanje_11-300x300.webp 300w, https:\/\/jacob.si\/wp-content\/uploads\/2024\/08\/varcevanje_11-150x150.webp 150w, https:\/\/jacob.si\/wp-content\/uploads\/2024\/08\/varcevanje_11-768x768.webp 768w, https:\/\/jacob.si\/wp-content\/uploads\/2024\/08\/varcevanje_11-600x600.webp 600w, https:\/\/jacob.si\/wp-content\/uploads\/2024\/08\/varcevanje_11-100x100.webp 100w\" sizes=\"auto, (max-width: 1000px) 100vw, 1000px\"><\/div>\n\t<\/div><\/figure>\n\n<\/div><div class=\"bde-button-235-175 bde-button\">\n        \n    \n    \n    \n    \n            \n                    \n            \n            \n\n    \n    \n    \n    \n    \n    <a class=\"breakdance-link button-atom button-atom--primary bde-button__button\" href=\"https:\/\/jacob.si\/de\/produkt-kategorie\/hlajenje-vlazenje\/\" target=\"_self\" data-type=\"url\"  >\n\n    \n        <span class=\"button-atom__text\">Ausw\u00e4hlen &amp; Bestellen<\/span>\n\n        \n        \n                <\/a>\n\n    \n\n\n<\/div>\n<\/div><\/div><\/div>\n<\/section><section class=\"bde-section-235-154 bde-section\">\n  \n  \n\t\n\n\n\n<div class=\"section-container\"><div class=\"bde-columns-235-155 bde-columns\"><div class=\"bde-column-235-156 bde-column\">\n  \n  \n\t\n\n\n\n<div class=\"bde-image-235-157 bde-image\">\n<figure class=\"breakdance-image breakdance-image--615\">\n\t<div class=\"breakdance-image-container\">\n\t\t<div class=\"breakdance-image-clip\"><img loading=\"lazy\" decoding=\"async\" class=\"breakdance-image-object\" src=\"https:\/\/jacob.si\/wp-content\/uploads\/2024\/08\/hlajenje_vlazenje_14.webp\" width=\"1000\" height=\"1000\" srcset=\"https:\/\/jacob.si\/wp-content\/uploads\/2024\/08\/hlajenje_vlazenje_14.webp 1000w, https:\/\/jacob.si\/wp-content\/uploads\/2024\/08\/hlajenje_vlazenje_14-300x300.webp 300w, https:\/\/jacob.si\/wp-content\/uploads\/2024\/08\/hlajenje_vlazenje_14-150x150.webp 150w, https:\/\/jacob.si\/wp-content\/uploads\/2024\/08\/hlajenje_vlazenje_14-768x768.webp 768w, https:\/\/jacob.si\/wp-content\/uploads\/2024\/08\/hlajenje_vlazenje_14-600x600.webp 600w, https:\/\/jacob.si\/wp-content\/uploads\/2024\/08\/hlajenje_vlazenje_14-100x100.webp 100w\" sizes=\"auto, (max-width: 1000px) 100vw, 1000px\"><\/div>\n\t<\/div><\/figure>\n\n<\/div><div class=\"bde-button-235-176 bde-button\">\n        \n    \n    \n    \n    \n            \n                    \n            \n            \n\n    \n    \n    \n    \n    \n    <a class=\"breakdance-link button-atom button-atom--primary bde-button__button\" href=\"https:\/\/jacob.si\/de\/produkt-kategorie\/hlajenje-vlazenje\/\" target=\"_self\" data-type=\"url\"  >\n\n    \n        <span class=\"button-atom__text\">Ausw\u00e4hlen &amp; Bestellen<\/span>\n\n        \n        \n                <\/a>\n\n    \n\n\n<\/div>\n<\/div><div class=\"bde-column-235-158 bde-column\">\n  \n  \n\t\n\n\n\n<h2 class=\"bde-heading-235-159 bde-heading\">\nAmeise &amp; Gestank\n<\/h2><div class=\"bde-fancy-divider-235-160 bde-fancy-divider\">\n\n\n<div class=\"bde-fancy-divider__wrapper\">\n  <div class=\"bde-fancy-divider__separator\">\n  \t  <\/div>\n<\/div>\n\n<\/div><div class=\"bde-text-235-161 bde-text\">\nWassernebel k\u00fchlt und befeuchtet nicht nur, sondern hat auch den gro\u00dfen Vorteil, dass er Insekten und Ger\u00fcche abwehrt. Letzteres kann mit Wassernebel-Duftspendern noch verst\u00e4rkt werden.\n<\/div><div class=\"bde-button-235-162 bde-button\">\n        \n    \n    \n    \n    \n            \n                    \n            \n            \n\n    \n    \n    \n    \n    \n    <a class=\"breakdance-link button-atom button-atom--primary bde-button__button\" href=\"https:\/\/jacob.si\/de\/produkt-kategorie\/hlajenje-vlazenje\/\" target=\"_self\" data-type=\"url\"  >\n\n    \n        <span class=\"button-atom__text\">Ausw\u00e4hlen &amp; Bestellen<\/span>\n\n        \n        \n                <\/a>\n\n    \n\n\n<\/div>\n<\/div><\/div><\/div>\n<\/section><section class=\"bde-section-235-163 bde-section\">\n  \n  \n\t\n\n\n\n<div class=\"section-container\"><div class=\"bde-columns-235-164 bde-columns\"><div class=\"bde-column-235-165 bde-column\">\n  \n  \n\t\n\n\n\n<h2 class=\"bde-heading-235-166 bde-heading\">\nUmweltfreundlich\n<\/h2><div class=\"bde-fancy-divider-235-167 bde-fancy-divider\">\n\n\n<div class=\"bde-fancy-divider__wrapper\">\n  <div class=\"bde-fancy-divider__separator\">\n  \t  <\/div>\n<\/div>\n\n<\/div><div class=\"bde-text-235-168 bde-text\">\nWir bieten die umweltfreundlichsten Systeme zur Erzeugung von Wassernebel an. Diese Produkte gew\u00e4hrleisten den Schutz der Umwelt, da sie aufgrund ihrer Effizienz im Vergleich zu Niederdrucksystemen oder herk\u00f6mmlichen Klimaanlagen, die im Au\u00dfenbereich hohe Verluste aufweisen, viel CO2 einsparen k\u00f6nnen.<br><br><strong>Es gibt nur eine Umwelt - k\u00fcmmern wir uns um sie.<\/strong>\n<\/div><div class=\"bde-button-235-169 bde-button\">\n        \n    \n    \n    \n    \n            \n                    \n            \n            \n\n    \n    \n    \n    \n    \n    <a class=\"breakdance-link button-atom button-atom--primary bde-button__button\" href=\"https:\/\/jacob.si\/de\/produkt-kategorie\/hlajenje-vlazenje\/\" target=\"_self\" data-type=\"url\"  >\n\n    \n        <span class=\"button-atom__text\">Ausw\u00e4hlen &amp; Bestellen<\/span>\n\n        \n        \n                <\/a>\n\n    \n\n\n<\/div>\n<\/div><div class=\"bde-column-235-170 bde-column\">\n  \n  \n\t\n\n\n\n<div class=\"bde-image-235-171 bde-image\">\n<figure class=\"breakdance-image breakdance-image--565\">\n\t<div class=\"breakdance-image-container\">\n\t\t<div class=\"breakdance-image-clip\"><img loading=\"lazy\" decoding=\"async\" class=\"breakdance-image-object\" src=\"https:\/\/jacob.si\/wp-content\/uploads\/2024\/08\/okolju_prijazno_11.webp\" width=\"1000\" height=\"1000\" srcset=\"https:\/\/jacob.si\/wp-content\/uploads\/2024\/08\/okolju_prijazno_11.webp 1000w, https:\/\/jacob.si\/wp-content\/uploads\/2024\/08\/okolju_prijazno_11-300x300.webp 300w, https:\/\/jacob.si\/wp-content\/uploads\/2024\/08\/okolju_prijazno_11-150x150.webp 150w, https:\/\/jacob.si\/wp-content\/uploads\/2024\/08\/okolju_prijazno_11-768x768.webp 768w, https:\/\/jacob.si\/wp-content\/uploads\/2024\/08\/okolju_prijazno_11-600x600.webp 600w, https:\/\/jacob.si\/wp-content\/uploads\/2024\/08\/okolju_prijazno_11-100x100.webp 100w\" sizes=\"auto, (max-width: 1000px) 100vw, 1000px\"><\/div>\n\t<\/div><\/figure>\n\n<\/div><div class=\"bde-button-235-177 bde-button\">\n        \n    \n    \n    \n    \n            \n                    \n            \n            \n\n    \n    \n    \n    \n    \n    <a class=\"breakdance-link button-atom button-atom--primary bde-button__button\" href=\"https:\/\/jacob.si\/de\/produkt-kategorie\/hlajenje-vlazenje\/\" target=\"_self\" data-type=\"url\"  >\n\n    \n        <span class=\"button-atom__text\">Ausw\u00e4hlen &amp; Bestellen<\/span>\n\n        \n        \n                <\/a>\n\n    \n\n\n<\/div>\n<\/div><\/div><\/div>\n<\/section><section class=\"bde-section-235-131 bde-section\">\n  \n  \n\t\n\n\n\n<div class=\"section-container\"><div class=\"bde-columns-235-132 bde-columns\"><div class=\"bde-column-235-133 bde-column\">\n  \n  \n\t\n\n\n\n<h5 class=\"bde-heading-235-149 bde-heading\">\nVorteile\n<\/h5><ul class=\"bde-basic-list-235-142 bde-basic-list\">\n  <li  >    \n          der Wassernebel kann in jede gew\u00fcnschte Richtung gelenkt werden\n      <\/li>\n  <li  >    \n          geringe Wartungskosten\n      <\/li>\n  <li  >    \n          Keine Emissionen und kein Sauerstoffverbrauch\n      <\/li>\n  <li  >    \n          nur Teilbereiche k\u00f6nnen gek\u00fchlt werden \/ wo gew\u00fcnscht\n      <\/li>\n  <li  >    \n          Sofortige Wirkung ohne Vork\u00fchlung - Erfrischung in 1 Sekunde verf\u00fcgbar\n      <\/li>\n  <li  >    \n          einfache Montage - DIY\n      <\/li>\n  <li  >    \n          eine gro\u00dfe Auswahl an Zubeh\u00f6r - wir haben eine L\u00f6sung f\u00fcr jede Anwendung\n      <\/li>\n  <li  >    \n          Bel\u00fcftung und lineare statische Systeme\n      <\/li>\n  <li  >    \n          Sterilisatorfilter - Stoppt Legionellen\n      <\/li>\n  <li  >    \n          wirksames Insekten- und Geruchsschutzmittel\n      <\/li>\n  <li  >    \n          patentiertes Anti-Tropf-System gegen Nachtropfen und Abtropfen\n      <\/li>\n<\/ul><h5 class=\"bde-heading-235-152 bde-heading\">\nZweck\n<\/h5><ul class=\"bde-basic-list-235-153 bde-basic-list\">\n  <li  >    \n          zur K\u00fchlung auf Balkonen, Terrassen, Str\u00e4nden\n      <\/li>\n  <li  >    \n          f\u00fcr erfrischendes Gem\u00fcse in Gem\u00fcsel\u00e4den\n      <\/li>\n  <li  >    \n          f\u00fcr Gew\u00e4chshausbefeuchtung\n      <\/li>\n  <li  >    \n          zum Schutz vor Frost in Obstg\u00e4rten und Gew\u00e4chsh\u00e4usern\n      <\/li>\n  <li  >    \n          zur K\u00fchlung und Befeuchtung in Tierhaltungsanlagen\n      <\/li>\n  <li  >    \n          f\u00fcr die Befeuchtung in der Papier- und Pappherstellung\n      <\/li>\n  <li  >    \n          die Ausbreitung von Staub auf Baustellen und in Steinbr\u00fcchen zu verhindern\n      <\/li>\n  <li  >    \n          f\u00fcr vieles mehr...\n      <\/li>\n<\/ul>\n<\/div><div class=\"bde-column-235-134 bde-column\">\n  \n  \n\t\n\n\n\n<h5 class=\"bde-heading-235-137 bde-heading\">\nWarum JACOB Ltd?\n<\/h5><div class=\"bde-text-235-151 bde-text\">\nDank unserer mehr als 20-j\u00e4hrigen Erfahrung k\u00f6nnen wir nur die hochwertigsten Produkte auf dem Markt anbieten, so dass Sie die richtige Wahl f\u00fcr Ihre Bed\u00fcrfnisse treffen k\u00f6nnen.<br><br>Als Marktf\u00fchrer bieten wir zuverl\u00e4ssige und effiziente L\u00f6sungen, die durch unser Fachwissen gest\u00fctzt werden. Wem werden Sie vertrauen?\n<\/div><h5 class=\"bde-heading-235-150 bde-heading\">\nRepr\u00e4sentation, Verkauf und Service:\n<\/h5><div class=\"bde-text-235-138 bde-text\">\nJACOB D.O.O.<br>Ihanska cesta 3<br>SI-1230 Dom\u017eale<br>M: +386 (0)31 878 848<br>T +386 (0)1 721 23 23<br>E: prodaja@jacob.si\n<\/div>\n<\/div><\/div><\/div>\n<\/section>","protected":false},"excerpt":{"rendered":"<p>Terrassen k\u00fchlen, Pflanzen frisch halten, Feuchtigkeit in Arbeitsumgebungen sicherstellen. Professionelle Wasservernebelungsprodukte bieten all dies. W\u00e4hlen &amp; Bestellen Vertrauen Sie dem weltweit gr\u00f6\u00dften Hersteller von K\u00fchl- und Befeuchtungssystemen! Wie funktioniert das? Wasser ben\u00f6tigt viel Energie oder W\u00e4rme, um von einem fl\u00fcssigen in einen gasf\u00f6rmigen Zustand \u00fcberzugehen. Beim \u00dcbergang vom fl\u00fcssigen in den gasf\u00f6rmigen Zustand wird das Wasser [...]<\/p>","protected":false},"author":1,"featured_media":0,"parent":0,"menu_order":0,"comment_status":"closed","ping_status":"closed","template":"","meta":{"inline_featured_image":false,"_breakdance_hide_in_design_set":false,"_breakdance_tags":"","footnotes":""},"class_list":["post-235","page","type-page","status-publish","hentry"],"jetpack_sharing_enabled":true,"_links":{"self":[{"href":"https:\/\/jacob.si\/de\/wp-json\/wp\/v2\/pages\/235","targetHints":{"allow":["GET"]}}],"collection":[{"href":"https:\/\/jacob.si\/de\/wp-json\/wp\/v2\/pages"}],"about":[{"href":"https:\/\/jacob.si\/de\/wp-json\/wp\/v2\/types\/page"}],"author":[{"embeddable":true,"href":"https:\/\/jacob.si\/de\/wp-json\/wp\/v2\/users\/1"}],"replies":[{"embeddable":true,"href":"https:\/\/jacob.si\/de\/wp-json\/wp\/v2\/comments?post=235"}],"version-history":[{"count":0,"href":"https:\/\/jacob.si\/de\/wp-json\/wp\/v2\/pages\/235\/revisions"}],"wp:attachment":[{"href":"https:\/\/jacob.si\/de\/wp-json\/wp\/v2\/media?parent=235"}],"curies":[{"name":"wp","href":"https:\/\/api.w.org\/{rel}","templated":true}]}}